{"id":105,"date":"2017-06-08T16:56:28","date_gmt":"2017-06-08T20:56:28","guid":{"rendered":"https:\/\/ontplace.148.113.200.80.sslip.io\/\/?page_id=105"},"modified":"2023-08-24T14:48:56","modified_gmt":"2023-08-24T18:48:56","slug":"accessibilite","status":"publish","type":"page","link":"https:\/\/ontarioplace.com\/fr\/accessibilite\/","title":{"rendered":"Accessibilit\u00e9 du site Web"},"content":{"rendered":"<p>Ontario Place\u00a0s&rsquo;est engag\u00e9 \u00e0 veiller \u00e0 ce que notre site Web est accessible pour tous les utilisateurs, ind\u00e9pendamment de tout handicap ou ils peuvent avoir la technologie qu&rsquo;ils utilisent.<\/p>\n<h2>Conseils pour naviguer sur notre site Web<\/h2>\n<p>Presque tous les navigateurs modernes et syst\u00e8me d&rsquo;exploitation offre des fonctions int\u00e9gr\u00e9es avec les technologies d&rsquo;assistance. Voici quelques conseils de base pour relever les d\u00e9fis les plus communs accessibles. Pour une liste compl\u00e8te des conseils sur la navigation, visite: Initiative du W3C Web Accessibility &#8211; Mieux navigation Web: Conseils pour Personnalisation de votre ordinateur.<\/p>\n<h2>Lecteurs d&rsquo;\u00e9cran<\/h2>\n<p>L&rsquo;utilisation de lecteurs d&rsquo;\u00e9cran aide les personnes qui sont aveugles ou qui ont une d\u00e9ficience visuelle. Voici quelques lecteurs d&rsquo;\u00e9cran populaires: (ce site web est en anglais seulement)<\/p>\n<ul>\n<li style=\"list-style-type: none;\">\n<ul>\n<li><a href=\"http:\/\/windows.microsoft.com\/en-US\/windows-vista\/Hear-text-read-aloud-with-Narrator\">Narrateur Microsoft<\/a> (ce site web est en anglais seulement)<\/li>\n<\/ul>\n<\/li>\n<\/ul>\n<ul>\n<li style=\"list-style-type: none;\">\n<ul>\n<li><a href=\"http:\/\/www.apple.com\/accessibility\/voiceover\/\">Mac OS X VoiceOver<\/a> (ce site web est en anglais seulement)<\/li>\n<\/ul>\n<\/li>\n<\/ul>\n<ul>\n<li style=\"list-style-type: none;\">\n<ul>\n<li><a href=\"http:\/\/www.freedomscientific.com\/products\/fs\/jaws-product-page.asp\">JAWS<\/a> (ce site web est en anglais seulement)<\/li>\n<\/ul>\n<\/li>\n<\/ul>\n<h2>Zoom avant<\/h2>\n<p>De nombreux navigateurs Web vous permettent de zoomer sur des pages web en utilisant les contr\u00f4les au clavier simples. La loupe permet de vous concentrer sur des parties sp\u00e9cifiques de l&rsquo;\u00e9cran, l&rsquo;agrandissement du texte et autres \u00e9l\u00e9ments de page.<\/p>\n<p>Pour les syst\u00e8mes d&rsquo;exploitation Windows, appuyez sur Ctrl et la touche (plus) pour effectuer un zoom avant (Ctrl et &#8211; (moins) pour effectuer un zoom arri\u00e8re).<\/p>\n<p>Pour les syst\u00e8mes d&rsquo;exploitation Mac, appuyez sur Cmd et la cl\u00e9 (plus) pour effectuer un zoom avant (Cmd et le &#8211; (moins) pour effectuer un zoom arri\u00e8re).<\/p>\n<h2>Personnaliser le pointeur de la souris<\/h2>\n<p>Modification de la vitesse dont votre pointeur de la souris assiste les personnes ayant une d\u00e9ficience des habilet\u00e9s motrices. En ralentissant la vitesse de votre pointeur de la souris, la navigation ou les boutons sont plus faciles \u00e0 cliquer sur.<\/p>\n<ul>\n<li style=\"list-style-type: none;\">\n<ul>\n<li><a href=\"http:\/\/windows.microsoft.com\/en-US\/windows-vista\/Change-mouse-settings\">Windows XP, Vista et Windows 7<\/a> (ce site web est en anglais seulement)<\/li>\n<\/ul>\n<\/li>\n<\/ul>\n<ul>\n<li style=\"list-style-type: none;\">\n<ul>\n<li><a href=\"http:\/\/support.apple.com\/kb\/HT2490#l1\">Mac OS<\/a> (ce site web est en anglais seulement)<\/li>\n<\/ul>\n<\/li>\n<\/ul>\n<h2>Des informations compl\u00e9mentaires sur l&rsquo;accessibilit\u00e9 du Web est disponible \u00e0 partir de:<\/h2>\n<ul>\n<li style=\"list-style-type: none;\">\n<ul>\n<li><a href=\"http:\/\/www.odacommittee.net\/ODA_Bill_2001.html\">Handicap\u00e9es de l&rsquo;Ontario (LPHO) <\/a> (ce site web est en anglais seulement)<\/li>\n<\/ul>\n<\/li>\n<\/ul>\n<ul>\n<li style=\"list-style-type: none;\">\n<ul>\n<li><a href=\"http:\/\/www.w3.org\/WAI\/\">Initiative WAI (WAI)<\/a> (ce site web est en anglais seulement)<\/li>\n<\/ul>\n<\/li>\n<\/ul>\n<ul>\n<li style=\"list-style-type: none;\">\n<ul>\n<li><a href=\"http:\/\/www.w3.org\/TR\/WCAG\/\">Directives Web Content Accessibility<\/a> (ce site web est en anglais seulement)<\/li>\n<\/ul>\n<\/li>\n<\/ul>\n","protected":false},"excerpt":{"rendered":"<p>Ontario Place\u00a0s&rsquo;est engag\u00e9 \u00e0 veiller \u00e0 ce que notre site Web est accessible pour tous les utilisateurs, ind\u00e9pendamment de tout handicap ou ils peuvent avoir la technologie qu&rsquo;ils utilisent.<br \/>\nConseils pour &#8230;<\/p>\n","protected":false},"author":2,"featured_media":478,"parent":0,"menu_order":0,"comment_status":"closed","ping_status":"closed","template":"template-about.php","meta":{"_acf_changed":false,"_price":"","_stock":"","_tribe_ticket_header":"","_tribe_default_ticket_provider":"","_tribe_ticket_capacity":"0","_ticket_start_date":"","_ticket_end_date":"","_tribe_ticket_show_description":"","_tribe_ticket_show_not_going":false,"_tribe_ticket_use_global_stock":"","_tribe_ticket_global_stock_level":"","_global_stock_mode":"","_global_stock_cap":"","_tribe_rsvp_for_event":"","_tribe_ticket_going_count":"","_tribe_ticket_not_going_count":"","_tribe_tickets_list":"[]","_tribe_ticket_has_attendee_info_fields":false,"footnotes":""},"class_list":["post-105","page","type-page","status-publish","has-post-thumbnail","hentry"],"acf":[],"yoast_head":"<!-- This site is optimized with the Yoast SEO plugin v27.2 - https:\/\/yoast.com\/product\/yoast-seo-wordpress\/ -->\n<title>Ontario Place - Accessibilit\u00e9 du site Web<\/title>\n<meta name=\"robots\" content=\"index, follow, max-snippet:-1, max-image-preview:large, max-video-preview:-1\" \/>\n<link rel=\"canonical\" href=\"https:\/\/ontarioplace.com\/fr\/accessibilite\/\" \/>\n<meta name=\"twitter:card\" content=\"summary_large_image\" \/>\n<meta name=\"twitter:title\" content=\"Ontario Place - Accessibilit\u00e9 du site Web\" \/>\n<meta name=\"twitter:description\" content=\"Ontario Place\u00a0s&rsquo;est engag\u00e9 \u00e0 veiller \u00e0 ce que notre site Web est accessible pour tous les utilisateurs, ind\u00e9pendamment de tout handicap ou ils peuvent avoir la technologie qu&rsquo;ils utilisent. Conseils pour ...\" \/>\n<meta name=\"twitter:image\" content=\"https:\/\/ontarioplace.com\/wp-content\/uploads\/2017\/06\/banner-001-1-1.png\" \/>\n<meta name=\"twitter:label1\" content=\"Dur\u00e9e de lecture estim\u00e9e\" \/>\n\t<meta name=\"twitter:data1\" content=\"2 minutes\" \/>\n<script type=\"application\/ld+json\" class=\"yoast-schema-graph\">{\"@context\":\"https:\/\/schema.org\",\"@graph\":[{\"@type\":\"WebPage\",\"@id\":\"https:\/\/ontarioplace.com\/fr\/accessibilite\/\",\"url\":\"https:\/\/ontarioplace.com\/fr\/accessibilite\/\",\"name\":\"Ontario Place - Accessibilit\u00e9 du site Web\",\"isPartOf\":{\"@id\":\"https:\/\/ontarioplace.com\/en\/#website\"},\"primaryImageOfPage\":{\"@id\":\"https:\/\/ontarioplace.com\/fr\/accessibilite\/#primaryimage\"},\"image\":{\"@id\":\"https:\/\/ontarioplace.com\/fr\/accessibilite\/#primaryimage\"},\"thumbnailUrl\":\"https:\/\/ontarioplace.com\/wp-content\/uploads\/2017\/06\/banner-001-1-1.png\",\"datePublished\":\"2017-06-08T20:56:28+00:00\",\"dateModified\":\"2023-08-24T18:48:56+00:00\",\"breadcrumb\":{\"@id\":\"https:\/\/ontarioplace.com\/fr\/accessibilite\/#breadcrumb\"},\"inLanguage\":\"fr-FR\",\"potentialAction\":[{\"@type\":\"ReadAction\",\"target\":[\"https:\/\/ontarioplace.com\/fr\/accessibilite\/\"]}]},{\"@type\":\"ImageObject\",\"inLanguage\":\"fr-FR\",\"@id\":\"https:\/\/ontarioplace.com\/fr\/accessibilite\/#primaryimage\",\"url\":\"https:\/\/ontarioplace.com\/wp-content\/uploads\/2017\/06\/banner-001-1-1.png\",\"contentUrl\":\"https:\/\/ontarioplace.com\/wp-content\/uploads\/2017\/06\/banner-001-1-1.png\",\"width\":1920,\"height\":408,\"caption\":\"Ontario Place\"},{\"@type\":\"BreadcrumbList\",\"@id\":\"https:\/\/ontarioplace.com\/fr\/accessibilite\/#breadcrumb\",\"itemListElement\":[{\"@type\":\"ListItem\",\"position\":1,\"name\":\"Home\",\"item\":\"https:\/\/ontarioplace.com\/fr\/\"},{\"@type\":\"ListItem\",\"position\":2,\"name\":\"Accessibilit\u00e9 du site Web\"}]},{\"@type\":\"WebSite\",\"@id\":\"https:\/\/ontarioplace.com\/en\/#website\",\"url\":\"https:\/\/ontarioplace.com\/en\/\",\"name\":\"Ontario Place\",\"description\":\"Ontario Place, Ontario, events, Toronto, live music, concerts, films, Cinesphere, IMAX, screenings, IMAX screenings, Cin\u00e9sphere, Place de l&#039;Ontario\",\"potentialAction\":[{\"@type\":\"SearchAction\",\"target\":{\"@type\":\"EntryPoint\",\"urlTemplate\":\"https:\/\/ontarioplace.com\/en\/?s={search_term_string}\"},\"query-input\":{\"@type\":\"PropertyValueSpecification\",\"valueRequired\":true,\"valueName\":\"search_term_string\"}}],\"inLanguage\":\"fr-FR\"}]}<\/script>\n<!-- \/ Yoast SEO plugin. -->","yoast_head_json":{"title":"Ontario Place - Accessibilit\u00e9 du site Web","robots":{"index":"index","follow":"follow","max-snippet":"max-snippet:-1","max-image-preview":"max-image-preview:large","max-video-preview":"max-video-preview:-1"},"canonical":"https:\/\/ontarioplace.com\/fr\/accessibilite\/","twitter_card":"summary_large_image","twitter_title":"Ontario Place - Accessibilit\u00e9 du site Web","twitter_description":"Ontario Place\u00a0s&rsquo;est engag\u00e9 \u00e0 veiller \u00e0 ce que notre site Web est accessible pour tous les utilisateurs, ind\u00e9pendamment de tout handicap ou ils peuvent avoir la technologie qu&rsquo;ils utilisent. Conseils pour ...","twitter_image":"https:\/\/ontarioplace.com\/wp-content\/uploads\/2017\/06\/banner-001-1-1.png","twitter_misc":{"Dur\u00e9e de lecture estim\u00e9e":"2 minutes"},"schema":{"@context":"https:\/\/schema.org","@graph":[{"@type":"WebPage","@id":"https:\/\/ontarioplace.com\/fr\/accessibilite\/","url":"https:\/\/ontarioplace.com\/fr\/accessibilite\/","name":"Ontario Place - Accessibilit\u00e9 du site Web","isPartOf":{"@id":"https:\/\/ontarioplace.com\/en\/#website"},"primaryImageOfPage":{"@id":"https:\/\/ontarioplace.com\/fr\/accessibilite\/#primaryimage"},"image":{"@id":"https:\/\/ontarioplace.com\/fr\/accessibilite\/#primaryimage"},"thumbnailUrl":"https:\/\/ontarioplace.com\/wp-content\/uploads\/2017\/06\/banner-001-1-1.png","datePublished":"2017-06-08T20:56:28+00:00","dateModified":"2023-08-24T18:48:56+00:00","breadcrumb":{"@id":"https:\/\/ontarioplace.com\/fr\/accessibilite\/#breadcrumb"},"inLanguage":"fr-FR","potentialAction":[{"@type":"ReadAction","target":["https:\/\/ontarioplace.com\/fr\/accessibilite\/"]}]},{"@type":"ImageObject","inLanguage":"fr-FR","@id":"https:\/\/ontarioplace.com\/fr\/accessibilite\/#primaryimage","url":"https:\/\/ontarioplace.com\/wp-content\/uploads\/2017\/06\/banner-001-1-1.png","contentUrl":"https:\/\/ontarioplace.com\/wp-content\/uploads\/2017\/06\/banner-001-1-1.png","width":1920,"height":408,"caption":"Ontario Place"},{"@type":"BreadcrumbList","@id":"https:\/\/ontarioplace.com\/fr\/accessibilite\/#breadcrumb","itemListElement":[{"@type":"ListItem","position":1,"name":"Home","item":"https:\/\/ontarioplace.com\/fr\/"},{"@type":"ListItem","position":2,"name":"Accessibilit\u00e9 du site Web"}]},{"@type":"WebSite","@id":"https:\/\/ontarioplace.com\/en\/#website","url":"https:\/\/ontarioplace.com\/en\/","name":"Ontario Place","description":"Ontario Place, Ontario, events, Toronto, live music, concerts, films, Cinesphere, IMAX, screenings, IMAX screenings, Cin\u00e9sphere, Place de l&#039;Ontario","potentialAction":[{"@type":"SearchAction","target":{"@type":"EntryPoint","urlTemplate":"https:\/\/ontarioplace.com\/en\/?s={search_term_string}"},"query-input":{"@type":"PropertyValueSpecification","valueRequired":true,"valueName":"search_term_string"}}],"inLanguage":"fr-FR"}]}},"_links":{"self":[{"href":"https:\/\/ontarioplace.com\/fr\/wp-json\/wp\/v2\/pages\/105","targetHints":{"allow":["GET"]}}],"collection":[{"href":"https:\/\/ontarioplace.com\/fr\/wp-json\/wp\/v2\/pages"}],"about":[{"href":"https:\/\/ontarioplace.com\/fr\/wp-json\/wp\/v2\/types\/page"}],"author":[{"embeddable":true,"href":"https:\/\/ontarioplace.com\/fr\/wp-json\/wp\/v2\/users\/2"}],"replies":[{"embeddable":true,"href":"https:\/\/ontarioplace.com\/fr\/wp-json\/wp\/v2\/comments?post=105"}],"version-history":[{"count":0,"href":"https:\/\/ontarioplace.com\/fr\/wp-json\/wp\/v2\/pages\/105\/revisions"}],"wp:featuredmedia":[{"embeddable":true,"href":"https:\/\/ontarioplace.com\/fr\/wp-json\/wp\/v2\/media\/478"}],"wp:attachment":[{"href":"https:\/\/ontarioplace.com\/fr\/wp-json\/wp\/v2\/media?parent=105"}],"curies":[{"name":"wp","href":"https:\/\/api.w.org\/{rel}","templated":true}]}}