{"id":109,"date":"2017-06-08T16:58:12","date_gmt":"2017-06-08T16:58:12","guid":{"rendered":"https:\/\/ontplace.148.113.200.80.sslip.io\/\/?page_id=109"},"modified":"2021-06-01T16:47:12","modified_gmt":"2021-06-01T20:47:12","slug":"conditions","status":"publish","type":"page","link":"https:\/\/ontarioplace.com\/fr\/conditions\/","title":{"rendered":"Conditions d\u2019utilisation"},"content":{"rendered":"<p>En acc\u00e9dant \u00e0 ce site\u00a0Web, vous acceptez les pr\u00e9sentes conditions d&rsquo;utilisation. Nous vous conseillons donc de les lire attentivement. Si vous \u00eates dans l&rsquo;incapacit\u00e9 d&rsquo;acc\u00e9der aux pr\u00e9sentes conditions d&rsquo;utilisation ou aux liens qui y sont fournis, ou si vous avez des questions quant \u00e0 ces conditions, veuillez communiquer avec nous \u00e0 l&rsquo;adresse Ontario Place Corporation 955 Lake Shore Blvd. West Toronto, Ontario, M6K 3B9, ou par t\u00e9l\u00e9phone au (416) 314-9900, ou par courriel \u00e0 info@ontarioplace.com.<\/p>\n<h4>Qui sommes-nous?<\/h4>\n<p>Les termes \u00ab\u2009nous\u2009\u00bb, \u00ab\u2009notre\u2009\u00bb ou \u00ab\u2009nos\u2009\u00bb s&rsquo;entendent de la Soci\u00e9t\u00e9 d&rsquo;exploitation de la Place de l&rsquo;Ontario (\u00ab\u2009la PO\u2009\u00bb), un organisme de Sa Majest\u00e9 la Reine du chef de l&rsquo;Ontario (ou, plus g\u00e9n\u00e9ralement, du gouvernement de l&rsquo;Ontario).<\/p>\n<h4>Utilisation acceptable de ce site\u00a0Web<\/h4>\n<p>Lorsque vous acc\u00e9dez \u00e0 ce site Web ou que vous l&rsquo;utilisez, nous vous demandons d&rsquo;ob\u00e9ir \u00e0 quelques r\u00e8gles simples.<\/p>\n<p>Vous ne devez en aucun cas:<\/p>\n<ul>\n<li>utiliser ce site\u00a0Web en violation de quelque loi, r\u00e8gle ou r\u00e8glement que ce soit;<\/li>\n<li>perturber ce site, ni nos syst\u00e8mes informatiques, serveurs, r\u00e9seaux, bases de donn\u00e9es ou logiciels, ni notre mat\u00e9riel ou \u00e9quipement, utilis\u00e9s par ou pour ce site;<\/li>\n<li>emp\u00eacher d&rsquo;autres personnes d&rsquo;utiliser ce site\u00a0Web ou d&rsquo;en jouir;<\/li>\n<li>introduire du code perturbateur ou nuisible;<\/li>\n<\/ul>\n<p>tenter d&rsquo;obtenir l&rsquo;acc\u00e8s non autoris\u00e9 \u00e0 nos syst\u00e8mes informatiques, serveurs, r\u00e9seaux, bases de donn\u00e9es ou logiciels, ou \u00e0 notre mat\u00e9riel ou \u00e9quipement, y compris aux zones interdites aux utilisateurs de ce site\u00a0Web, aux identifiants et mots de passe des autres utilisateurs, ou aux renseignements et comptes personnels des autres utilisateurs.<\/p>\n<h4>Confidentialit\u00e9<\/h4>\n<p>Votre vie priv\u00e9e est fondamentale pour nous. Si vous nous fournissez des renseignements personnels par l&rsquo;interm\u00e9diaire de ce site\u00a0Web, nous les g\u00e9rerons conform\u00e9ment \u00e0 ce que nous annon\u00e7ons dans notre d\u00e9claration relative \u00e0 la protection de la vie priv\u00e9e.<\/p>\n<h4>Droits d&rsquo;auteur<\/h4>\n<p>Sauf indication contraire de notre part, le contenu du pr\u00e9sent site\u00a0Web est prot\u00e9g\u00e9 par les droits d&rsquo;auteur de la Couronne. Ces derniers sont d\u00e9tenus par l&rsquo;Imprimeur de la Reine pour l&rsquo;Ontario. La possibilit\u00e9 pour vous d&rsquo;utiliser et de reproduire du contenu appartenant \u00e0 l&rsquo;Imprimeur de la Reine pour l&rsquo;Ontario est \u00e9tablie sur la page consacr\u00e9e aux renseignements sur les droits d&rsquo;auteur.<\/p>\n<p>Pour obtenir une autorisation de reproduire des documents du pr\u00e9sent site\u00a0Web \u00e0 des fins commerciales, veuillez communiquer avec le repr\u00e9sentant de l&rsquo;Imprimeur de la Reine\u00a0:<\/p>\n<h4>Analyste principal, droits d&rsquo;auteur.<\/h4>\n<p>Publications Ontario, (416) 326-5153, <a href=\"mailto:Copyright@ontario.ca\">Copyright@ontario.ca<\/a><\/p>\n<h4>Marques de commerce<\/h4>\n<p>Les logos et symboles officiels de la Soci\u00e9t\u00e9 d&rsquo;exploitation de la Place de l&rsquo;Ontario ne peuvent en aucun cas \u00eatre reproduits, que ce soit \u00e0 des fins commerciales ou non, sans avoir re\u00e7u au pr\u00e9alable notre accord par \u00e9crit.<\/p>\n<h4>Sites tiers<\/h4>\n<p>Liens vers d&rsquo;autres sites\u00a0Web et des plateformes de m\u00e9dias sociaux. Sur le pr\u00e9sent site\u00a0Web, vous pourrez trouver des liens menant vers d&rsquo;autres sites Web et certaines plateformes de m\u00e9dias sociaux tr\u00e8s fr\u00e9quent\u00e9es. Nous les avons inclus dans la mesure o\u00f9 ils sont susceptibles de vous int\u00e9resser. Attention, le fait de fournir un lien y menant ne signifie en rien que nous les appuyons ou que nous vous les recommandons.<\/p>\n<p>En outre, puisque ces autres sites\u00a0Web et ces plateformes de m\u00e9dias sociaux sont contr\u00f4l\u00e9s et administr\u00e9s par d&rsquo;autres personnes, nous ne pouvons garantir que le lien fonctionnera toujours lorsque vous cliquerez dessus, ni que le service ou le contenu sera utile, appropri\u00e9, exempt de virus ou fiable. Par cons\u00e9quent, pour ce qui est de suivre un lien ou d&rsquo;accepter de recevoir ou d&rsquo;utiliser un service ou un contenu mis \u00e0 votre disposition, la d\u00e9cision vous appartient.<\/p>\n<p>Le respect de votre vie priv\u00e9e sur les sites tiers. Renseignements importants concernant le respect de la vie priv\u00e9e\u00a0: Tout renseignement que vous fournissez \u00e0 une plateforme de m\u00e9dia social ou un autre site\u00a0Web, ou par son interm\u00e9diaire, n&rsquo;est pas recueilli ni contr\u00f4l\u00e9 par la PO. Les plateformes de m\u00e9dias sociaux ou les autres sites\u00a0Web ne sont pas li\u00e9s par notre d\u00e9claration relative \u00e0 la protection de la vie priv\u00e9e. Nous vous conseillons d&rsquo;examiner les politiques de confidentialit\u00e9 des sites\u00a0Web ou plateformes de m\u00e9dias sociaux avant de fournir tout renseignement personnel ou autre. Les autres sites ne se conforment peut-\u00eatre pas aux m\u00eames lois, politiques et pratiques relatives \u00e0 la protection de la vie priv\u00e9e que nous! Soyez prudents.<\/p>\n<p>Liens affich\u00e9s sur d&rsquo;autres sites\u00a0Web ou des plateformes de m\u00e9dias sociaux. Sauf indication contraire, nous n&rsquo;avons aucun lien avec les autres sites\u00a0Web et les plateformes de m\u00e9dias sociaux qui affichent des liens vers notre site et nous ne les appuyons pas.<\/p>\n<h4>Stipulation d&rsquo;exon\u00e9ration de garantie\/Limitation de responsabilit\u00e9<\/h4>\n<p>Nous ne pouvons pas faire en sorte que ce site Web soit aussi actuel, instructif et interactif que possible sans les importantes stipulations juridiques d&rsquo;exon\u00e9ration de garantie et de responsabilit\u00e9 figurant ci-dessous. Assurez-vous de ne pas ignorer cette section.<\/p>\n<p>Stipulation d&rsquo;exon\u00e9ration de garantie. L&rsquo;utilisation de ce site\u00a0Web et de son contenu se fait \u00e0 vos propres risques. Ce site et l&rsquo;int\u00e9gralit\u00e9 de son contenu sont fournis \u00ab\u2009en l&rsquo;\u00e9tat\u2009\u00bb. Vous ne devez en aucun cas vous fier au contenu publi\u00e9 ou li\u00e9 \u00e0 ce site\u00a0Web sans avoir au pr\u00e9alable men\u00e9 votre propre enqu\u00eate en vue d&rsquo;en v\u00e9rifier l&rsquo;exactitude, l&rsquo;actualit\u00e9 et l&rsquo;exhaustivit\u00e9. Nous ne formulons pas de d\u00e9clarations, de garanties, d&rsquo;engagements et de conditions, expr\u00e8s ou tacites, d\u00e9coulant de l&rsquo;application d&rsquo;une loi, d&rsquo;une modalit\u00e9 d&rsquo;ex\u00e9cution, d&rsquo;une conduite habituelle, de l&rsquo;usage du commerce ou autre, et les d\u00e9mentons express\u00e9ment, y compris les garanties et conditions expresses ou tacites relatives \u00e0 la commercialit\u00e9; la qualit\u00e9 marchande; l&rsquo;adaptation \u00e0 un usage particulier; l&rsquo;absence de contrefa\u00e7on; la s\u00e9curit\u00e9; la qualit\u00e9; l&rsquo;absence de d\u00e9faut ou l&rsquo;assurance que les d\u00e9fauts seront corrig\u00e9s; l&rsquo;utilisation ininterrompue, sans virus et sans erreur de ce site; ou l&rsquo;exactitude, l&rsquo;actualit\u00e9, la fiabilit\u00e9, l&rsquo;exhaustivit\u00e9 ou la pertinence du contenu de ce site.<\/p>\n<p>Limitation de responsabilit\u00e9. La Soci\u00e9t\u00e9 d&rsquo;exploitation de la Place de l&rsquo;Ontario, Sa Majest\u00e9 la Reine du chef de l&rsquo;Ontario ou les membres du Conseil ex\u00e9cutif et leurs employ\u00e9s, agents et entrepreneurs ind\u00e9pendants ne sauraient en aucun cas \u00eatre tenus pour responsables en cas de perte ou de dommage de quelque nature que ce soit (y compris, sans toutefois s&rsquo;y limiter, les dommages directs, indirects, particuliers, accidentels, cons\u00e9cutifs, punitifs, exemplaires ou autres, de m\u00eame que les pertes de profits, d&rsquo;exploitation, de r\u00e9putation, de renseignements, de programmes ou de donn\u00e9es, d&rsquo;\u00e9conomies, de revenus, de bonne volont\u00e9, de biens mat\u00e9riels ou immat\u00e9riels, de temps de gestion ou de travail, et les pertes li\u00e9es \u00e0 des co\u00fbts, des charges, des pr\u00e9judices aux affaires, des frais juridiques ou d&rsquo;avocat, ou \u00e0 des dommages de quelque nature que ce soit), sur la base d&rsquo;un contrat, d&rsquo;un d\u00e9lit, d&rsquo;une n\u00e9gligence ou de tout autre fondement juridique en rapport avec ce site\u00a0Web, tout site\u00a0Web ou toute plateforme de m\u00e9dia social externe (y compris, sans toutefois s&rsquo;y limiter, les dommages subis suite \u00e0 l&rsquo;utilisation de ce site, de tout site ou de toute plateforme de m\u00e9dia social externe, ou des services ou du contenu de ces derniers, ou \u00e0 l&rsquo;incapacit\u00e9 de les utiliser, ou suite \u00e0 des d\u00e9faillances, des omissions ou des inexactitudes de leur part), et ce, quand bien m\u00eame la PO ou le gouvernement de l&rsquo;Ontario auraient \u00e9t\u00e9 sp\u00e9cifiquement avertis de l&rsquo;\u00e9ventualit\u00e9 d&rsquo;un tel dommage ou d&rsquo;une telle perte, ou celui-ci ou celle-ci aurait \u00e9t\u00e9 pr\u00e9visible.<\/p>\n<h4>G\u00e9n\u00e9ralit\u00e9s<\/h4>\n<p>La PO se r\u00e9serve le droit de compl\u00e9ter, de retirer ou de modifier \u00e0 tout moment les pr\u00e9sentes conditions d&rsquo;utilisation si besoin et sans pr\u00e9avis. Veuillez consulter r\u00e9guli\u00e8rement ce site afin de prendre connaissance des \u00e9ventuelles modifications. Si vous continuez d&rsquo;utiliser ce site apr\u00e8s qu&rsquo;un changement a \u00e9t\u00e9 apport\u00e9 aux pr\u00e9sentes conditions d&rsquo;utilisation, nous consid\u00e9rerons que vous aurez accept\u00e9 les modifications.<\/p>\n<p>Si une quelconque condition figurant parmi les pr\u00e9sentes conditions d&rsquo;utilisation est d\u00e9clar\u00e9e nulle, non ex\u00e9cutoire ou ill\u00e9gale pour quelque raison que ce soit, les autres conditions resteront pleinement en vigueur.<\/p>\n<p>Les pr\u00e9sentes conditions d&rsquo;utilisation sont r\u00e9gies par les lois de la province de l&rsquo;Ontario et sont consid\u00e9r\u00e9es comme ayant \u00e9t\u00e9 port\u00e9es \u00e0 votre connaissance dans la province de l&rsquo;Ontario.<\/p>\n","protected":false},"excerpt":{"rendered":"<p>En acc\u00e9dant \u00e0 ce site\u00a0Web, vous acceptez les pr\u00e9sentes conditions d&rsquo;utilisation. Nous vous conseillons donc de les lire attentivement. Si vous \u00eates dans l&rsquo;incapacit\u00e9 d&rsquo;acc\u00e9der aux pr\u00e9sentes conditions d&rsquo;utilisation ou &#8230;<\/p>\n","protected":false},"author":2,"featured_media":0,"parent":0,"menu_order":0,"comment_status":"closed","ping_status":"closed","template":"template-about.php","meta":{"_acf_changed":false,"_price":"","_stock":"","_tribe_ticket_header":"","_tribe_default_ticket_provider":"","_tribe_ticket_capacity":"0","_ticket_start_date":"","_ticket_end_date":"","_tribe_ticket_show_description":"","_tribe_ticket_show_not_going":false,"_tribe_ticket_use_global_stock":"","_tribe_ticket_global_stock_level":"","_global_stock_mode":"","_global_stock_cap":"","_tribe_rsvp_for_event":"","_tribe_ticket_going_count":"","_tribe_ticket_not_going_count":"","_tribe_tickets_list":"[]","_tribe_ticket_has_attendee_info_fields":false,"footnotes":""},"class_list":["post-109","page","type-page","status-publish","hentry"],"acf":[],"yoast_head":"<!-- This site is optimized with the Yoast SEO plugin v27.2 - https:\/\/yoast.com\/product\/yoast-seo-wordpress\/ -->\n<title>Ontario Place - Conditions d\u2019utilisation<\/title>\n<meta name=\"robots\" content=\"index, follow, max-snippet:-1, max-image-preview:large, max-video-preview:-1\" \/>\n<link rel=\"canonical\" href=\"https:\/\/ontarioplace.com\/fr\/conditions\/\" \/>\n<meta name=\"twitter:card\" content=\"summary_large_image\" \/>\n<meta name=\"twitter:title\" content=\"Ontario Place - Conditions d\u2019utilisation\" \/>\n<meta name=\"twitter:description\" content=\"En acc\u00e9dant \u00e0 ce site\u00a0Web, vous acceptez les pr\u00e9sentes conditions d&rsquo;utilisation. Nous vous conseillons donc de les lire attentivement. Si vous \u00eates dans l&rsquo;incapacit\u00e9 d&rsquo;acc\u00e9der aux pr\u00e9sentes conditions d&rsquo;utilisation ou ...\" \/>\n<meta name=\"twitter:label1\" content=\"Dur\u00e9e de lecture estim\u00e9e\" \/>\n\t<meta name=\"twitter:data1\" content=\"7 minutes\" \/>\n<script type=\"application\/ld+json\" class=\"yoast-schema-graph\">{\"@context\":\"https:\/\/schema.org\",\"@graph\":[{\"@type\":\"WebPage\",\"@id\":\"https:\/\/ontarioplace.com\/fr\/conditions\/\",\"url\":\"https:\/\/ontarioplace.com\/fr\/conditions\/\",\"name\":\"Ontario Place - Conditions d\u2019utilisation\",\"isPartOf\":{\"@id\":\"https:\/\/ontarioplace.com\/en\/#website\"},\"datePublished\":\"2017-06-08T16:58:12+00:00\",\"dateModified\":\"2021-06-01T20:47:12+00:00\",\"breadcrumb\":{\"@id\":\"https:\/\/ontarioplace.com\/fr\/conditions\/#breadcrumb\"},\"inLanguage\":\"fr-FR\",\"potentialAction\":[{\"@type\":\"ReadAction\",\"target\":[\"https:\/\/ontarioplace.com\/fr\/conditions\/\"]}]},{\"@type\":\"BreadcrumbList\",\"@id\":\"https:\/\/ontarioplace.com\/fr\/conditions\/#breadcrumb\",\"itemListElement\":[{\"@type\":\"ListItem\",\"position\":1,\"name\":\"Home\",\"item\":\"https:\/\/ontarioplace.com\/fr\/\"},{\"@type\":\"ListItem\",\"position\":2,\"name\":\"Conditions d\u2019utilisation\"}]},{\"@type\":\"WebSite\",\"@id\":\"https:\/\/ontarioplace.com\/en\/#website\",\"url\":\"https:\/\/ontarioplace.com\/en\/\",\"name\":\"Ontario Place\",\"description\":\"Ontario Place, Ontario, events, Toronto, live music, concerts, films, Cinesphere, IMAX, screenings, IMAX screenings, Cin\u00e9sphere, Place de l&#039;Ontario\",\"potentialAction\":[{\"@type\":\"SearchAction\",\"target\":{\"@type\":\"EntryPoint\",\"urlTemplate\":\"https:\/\/ontarioplace.com\/en\/?s={search_term_string}\"},\"query-input\":{\"@type\":\"PropertyValueSpecification\",\"valueRequired\":true,\"valueName\":\"search_term_string\"}}],\"inLanguage\":\"fr-FR\"}]}<\/script>\n<!-- \/ Yoast SEO plugin. -->","yoast_head_json":{"title":"Ontario Place - Conditions d\u2019utilisation","robots":{"index":"index","follow":"follow","max-snippet":"max-snippet:-1","max-image-preview":"max-image-preview:large","max-video-preview":"max-video-preview:-1"},"canonical":"https:\/\/ontarioplace.com\/fr\/conditions\/","twitter_card":"summary_large_image","twitter_title":"Ontario Place - Conditions d\u2019utilisation","twitter_description":"En acc\u00e9dant \u00e0 ce site\u00a0Web, vous acceptez les pr\u00e9sentes conditions d&rsquo;utilisation. Nous vous conseillons donc de les lire attentivement. Si vous \u00eates dans l&rsquo;incapacit\u00e9 d&rsquo;acc\u00e9der aux pr\u00e9sentes conditions d&rsquo;utilisation ou ...","twitter_misc":{"Dur\u00e9e de lecture estim\u00e9e":"7 minutes"},"schema":{"@context":"https:\/\/schema.org","@graph":[{"@type":"WebPage","@id":"https:\/\/ontarioplace.com\/fr\/conditions\/","url":"https:\/\/ontarioplace.com\/fr\/conditions\/","name":"Ontario Place - Conditions d\u2019utilisation","isPartOf":{"@id":"https:\/\/ontarioplace.com\/en\/#website"},"datePublished":"2017-06-08T16:58:12+00:00","dateModified":"2021-06-01T20:47:12+00:00","breadcrumb":{"@id":"https:\/\/ontarioplace.com\/fr\/conditions\/#breadcrumb"},"inLanguage":"fr-FR","potentialAction":[{"@type":"ReadAction","target":["https:\/\/ontarioplace.com\/fr\/conditions\/"]}]},{"@type":"BreadcrumbList","@id":"https:\/\/ontarioplace.com\/fr\/conditions\/#breadcrumb","itemListElement":[{"@type":"ListItem","position":1,"name":"Home","item":"https:\/\/ontarioplace.com\/fr\/"},{"@type":"ListItem","position":2,"name":"Conditions d\u2019utilisation"}]},{"@type":"WebSite","@id":"https:\/\/ontarioplace.com\/en\/#website","url":"https:\/\/ontarioplace.com\/en\/","name":"Ontario Place","description":"Ontario Place, Ontario, events, Toronto, live music, concerts, films, Cinesphere, IMAX, screenings, IMAX screenings, Cin\u00e9sphere, Place de l&#039;Ontario","potentialAction":[{"@type":"SearchAction","target":{"@type":"EntryPoint","urlTemplate":"https:\/\/ontarioplace.com\/en\/?s={search_term_string}"},"query-input":{"@type":"PropertyValueSpecification","valueRequired":true,"valueName":"search_term_string"}}],"inLanguage":"fr-FR"}]}},"_links":{"self":[{"href":"https:\/\/ontarioplace.com\/fr\/wp-json\/wp\/v2\/pages\/109","targetHints":{"allow":["GET"]}}],"collection":[{"href":"https:\/\/ontarioplace.com\/fr\/wp-json\/wp\/v2\/pages"}],"about":[{"href":"https:\/\/ontarioplace.com\/fr\/wp-json\/wp\/v2\/types\/page"}],"author":[{"embeddable":true,"href":"https:\/\/ontarioplace.com\/fr\/wp-json\/wp\/v2\/users\/2"}],"replies":[{"embeddable":true,"href":"https:\/\/ontarioplace.com\/fr\/wp-json\/wp\/v2\/comments?post=109"}],"version-history":[{"count":0,"href":"https:\/\/ontarioplace.com\/fr\/wp-json\/wp\/v2\/pages\/109\/revisions"}],"wp:attachment":[{"href":"https:\/\/ontarioplace.com\/fr\/wp-json\/wp\/v2\/media?parent=109"}],"curies":[{"name":"wp","href":"https:\/\/api.w.org\/{rel}","templated":true}]}}