{"id":15540,"date":"2019-05-08T19:36:31","date_gmt":"2019-05-08T23:36:31","guid":{"rendered":"https:\/\/ontplace.148.113.200.80.sslip.io\/\/?page_id=15540"},"modified":"2021-06-01T16:46:24","modified_gmt":"2021-06-01T20:46:24","slug":"bulletin","status":"publish","type":"page","link":"https:\/\/ontarioplace.com\/fr\/a-propos-de-nous\/bulletin\/","title":{"rendered":"Bulletin"},"content":{"rendered":"<h2>Inscrivez-vous \u00e0 notre newsletter et sachez toujours ce qui se passe<\/h2>\n<p>Gr\u00e2ce \u00e0 la lettre d&rsquo;information, nous vous tiendrons au courant de toutes les derni\u00e8res nouvelles, offres, \u00e9v\u00e9nements sp\u00e9ciaux et annonces! Votre adresse e-mail ne sera ni lou\u00e9e ni vendue. Vous pouvez vous d\u00e9sinscrire de la liste de diffusion du bulletin d&rsquo;information Place de l&rsquo;Ontario \u00e0 tout moment en cliquant sur le lien de d\u00e9sabonnement figurant dans chaque num\u00e9ro du bulletin et \u00e9galement sur notre site Web.<\/p>\n<p>Veuillez vous reporter \u00e0 nos conditions g\u00e9n\u00e9rales et \u00e0 notre politique de confidentialit\u00e9 ou contactez-nous pour plus d&rsquo;informations.<\/p>\n<p>Ontario Place Corporation<br \/>\n955, boulevard Lake Shore Ouest<br \/>\nToronto, Ontario, Canada<br \/>\nM6K 3B9<\/p>\n<p>T\u00e9l\u00e9phone: (416) 314-9900<br \/>\nEmail: <a href=\"mailto:\/\/info@ontarioplace.com\" target=\"_blank\" rel=\"noopener noreferrer\">info@ontarioplace.com<\/a><\/p>\n<p><!-- Begin Mailchimp Signup Form --><\/p>\n<div id=\"mc_embed_signup\">\n<form id=\"mc-embedded-subscribe-form\" class=\"validate\" action=\"https:\/\/ontarioplace.us15.list-manage.com\/subscribe\/post?u=1ea84abade8b42511d9986ec1&amp;id=27543e0e56\" method=\"post\" name=\"mc-embedded-subscribe-form\" novalidate=\"\" target=\"_blank\">\n<div id=\"mc_embed_signup_scroll\">\n<h2>Souscrire<\/h2>\n<div class=\"indicates-required\"><span class=\"asterisk\">*<\/span> indique n\u00e9cessaire<\/div>\n<div class=\"mc-field-group\"><label for=\"mce-EMAIL\">Adresse \u00e9lectronique <span class=\"asterisk\">*<\/span><\/label><input id=\"mce-EMAIL\" class=\"required email\" name=\"EMAIL\" type=\"email\" value=\"\" \/><\/div>\n<div class=\"mc-field-group\"><label for=\"mce-FNAME\">Pr\u00e9nom <\/label><input id=\"mce-FNAME\" class=\"\" name=\"FNAME\" type=\"text\" value=\"\" \/><\/div>\n<div class=\"mc-field-group\"><label for=\"mce-LNAME\">Nom de famille <\/label><input id=\"mce-LNAME\" class=\"\" name=\"LNAME\" type=\"text\" value=\"\" \/><\/div>\n<div id=\"mce-responses\" class=\"clear\">\n<div id=\"mce-error-response\" class=\"response\" style=\"display: none;\"><\/div>\n<div id=\"mce-success-response\" class=\"response\" style=\"display: none;\"><\/div>\n<\/div>\n<div style=\"position: absolute; left: -5000px;\" aria-hidden=\"true\"><input tabindex=\"-1\" name=\"b_1ea84abade8b42511d9986ec1_27543e0e56\" type=\"text\" value=\"\" \/><\/div>\n<div class=\"clear\"><input id=\"mc-embedded-subscribe\" class=\"button\" name=\"subscribe\" type=\"submit\" value=\"Souscrire\" \/><\/div>\n<\/div>\n<\/form>\n<\/div>\n<p><script src='\/\/s3.amazonaws.com\/downloads.mailchimp.com\/js\/mc-validate.js'><\/script><script>(function($) {window.fnames = new Array(); window.ftypes = new Array();fnames[0]='EMAIL';ftypes[0]='email';fnames[1]='FNAME';ftypes[1]='text';fnames[2]='LNAME';ftypes[2]='text';}(jQuery));var $mcj = jQuery.noConflict(true);<\/script><br \/>\n<!--End mc_embed_signup--><\/p>\n<p>Les renseignements personnels sont recueillis par la Soci\u00e9t\u00e9 Place de l&rsquo;Ontario en vertu de l&rsquo;alin\u00e9a 9 de la Loi sur la Soci\u00e9t\u00e9 du Place de l&rsquo;Ontario, R.S.O. 1990, c.O.34 pour l&rsquo;administration du bulletin d&rsquo;information de la Place de l&rsquo;Ontario. Les questions concernant la collecte de vos informations personnelles doivent \u00eatre adress\u00e9es \u00e0 l&rsquo;attention de<\/p>\n<p>Coordinateur FIPAA | Minist\u00e8re du tourisme, de la culture et des sports<br \/>\nT\u00e9l\u00e9: (416) 314-7711<br \/>\nFax: (416) 314-7722<br \/>\nEmail: <a href=\"mailto:\/\/fipaaunit@ontario.ca\" target=\"_blank\" rel=\"noopener noreferrer\">fipaaunit@ontario.ca<\/a><\/p>\n","protected":false},"excerpt":{"rendered":"<p>Inscrivez-vous \u00e0 notre newsletter et sachez toujours ce qui se passe<br \/>\nGr\u00e2ce \u00e0 la lettre d&rsquo;information, nous vous tiendrons au courant de toutes les derni\u00e8res nouvelles, offres, \u00e9v\u00e9nements sp\u00e9ciaux et annonces! &#8230;<\/p>\n","protected":false},"author":2,"featured_media":0,"parent":414,"menu_order":0,"comment_status":"closed","ping_status":"closed","template":"template-about.php","meta":{"_acf_changed":false,"_price":"","_stock":"","_tribe_ticket_header":"","_tribe_default_ticket_provider":"","_tribe_ticket_capacity":"0","_ticket_start_date":"","_ticket_end_date":"","_tribe_ticket_show_description":"","_tribe_ticket_show_not_going":false,"_tribe_ticket_use_global_stock":"","_tribe_ticket_global_stock_level":"","_global_stock_mode":"","_global_stock_cap":"","_tribe_rsvp_for_event":"","_tribe_ticket_going_count":"","_tribe_ticket_not_going_count":"","_tribe_tickets_list":"[]","_tribe_ticket_has_attendee_info_fields":false,"footnotes":""},"class_list":["post-15540","page","type-page","status-publish","hentry"],"acf":[],"yoast_head":"<!-- This site is optimized with the Yoast SEO plugin v27.2 - https:\/\/yoast.com\/product\/yoast-seo-wordpress\/ -->\n<title>Ontario Place - Bulletin<\/title>\n<meta name=\"robots\" content=\"index, follow, max-snippet:-1, max-image-preview:large, max-video-preview:-1\" \/>\n<link rel=\"canonical\" href=\"https:\/\/ontarioplace.com\/fr\/a-propos-de-nous\/bulletin\/\" \/>\n<meta name=\"twitter:card\" content=\"summary_large_image\" \/>\n<meta name=\"twitter:title\" content=\"Ontario Place - Bulletin\" \/>\n<meta name=\"twitter:description\" content=\"Inscrivez-vous \u00e0 notre newsletter et sachez toujours ce qui se passe Gr\u00e2ce \u00e0 la lettre d&rsquo;information, nous vous tiendrons au courant de toutes les derni\u00e8res nouvelles, offres, \u00e9v\u00e9nements sp\u00e9ciaux et annonces! ...\" \/>\n<meta name=\"twitter:label1\" content=\"Dur\u00e9e de lecture estim\u00e9e\" \/>\n\t<meta name=\"twitter:data1\" content=\"1 minute\" \/>\n<script type=\"application\/ld+json\" class=\"yoast-schema-graph\">{\"@context\":\"https:\/\/schema.org\",\"@graph\":[{\"@type\":\"WebPage\",\"@id\":\"https:\/\/ontarioplace.com\/fr\/a-propos-de-nous\/bulletin\/\",\"url\":\"https:\/\/ontarioplace.com\/fr\/a-propos-de-nous\/bulletin\/\",\"name\":\"Ontario Place - Bulletin\",\"isPartOf\":{\"@id\":\"https:\/\/ontarioplace.com\/en\/#website\"},\"datePublished\":\"2019-05-08T23:36:31+00:00\",\"dateModified\":\"2021-06-01T20:46:24+00:00\",\"breadcrumb\":{\"@id\":\"https:\/\/ontarioplace.com\/fr\/a-propos-de-nous\/bulletin\/#breadcrumb\"},\"inLanguage\":\"fr-FR\",\"potentialAction\":[{\"@type\":\"ReadAction\",\"target\":[\"https:\/\/ontarioplace.com\/fr\/a-propos-de-nous\/bulletin\/\"]}]},{\"@type\":\"BreadcrumbList\",\"@id\":\"https:\/\/ontarioplace.com\/fr\/a-propos-de-nous\/bulletin\/#breadcrumb\",\"itemListElement\":[{\"@type\":\"ListItem\",\"position\":1,\"name\":\"Home\",\"item\":\"https:\/\/ontarioplace.com\/fr\/\"},{\"@type\":\"ListItem\",\"position\":2,\"name\":\"\u00c0 propos de nous\",\"item\":\"https:\/\/ontarioplace.com\/fr\/?page_id=414\"},{\"@type\":\"ListItem\",\"position\":3,\"name\":\"Bulletin\"}]},{\"@type\":\"WebSite\",\"@id\":\"https:\/\/ontarioplace.com\/en\/#website\",\"url\":\"https:\/\/ontarioplace.com\/en\/\",\"name\":\"Ontario Place\",\"description\":\"Ontario Place, Ontario, events, Toronto, live music, concerts, films, Cinesphere, IMAX, screenings, IMAX screenings, Cin\u00e9sphere, Place de l&#039;Ontario\",\"potentialAction\":[{\"@type\":\"SearchAction\",\"target\":{\"@type\":\"EntryPoint\",\"urlTemplate\":\"https:\/\/ontarioplace.com\/en\/?s={search_term_string}\"},\"query-input\":{\"@type\":\"PropertyValueSpecification\",\"valueRequired\":true,\"valueName\":\"search_term_string\"}}],\"inLanguage\":\"fr-FR\"}]}<\/script>\n<!-- \/ Yoast SEO plugin. -->","yoast_head_json":{"title":"Ontario Place - Bulletin","robots":{"index":"index","follow":"follow","max-snippet":"max-snippet:-1","max-image-preview":"max-image-preview:large","max-video-preview":"max-video-preview:-1"},"canonical":"https:\/\/ontarioplace.com\/fr\/a-propos-de-nous\/bulletin\/","twitter_card":"summary_large_image","twitter_title":"Ontario Place - Bulletin","twitter_description":"Inscrivez-vous \u00e0 notre newsletter et sachez toujours ce qui se passe Gr\u00e2ce \u00e0 la lettre d&rsquo;information, nous vous tiendrons au courant de toutes les derni\u00e8res nouvelles, offres, \u00e9v\u00e9nements sp\u00e9ciaux et annonces! ...","twitter_misc":{"Dur\u00e9e de lecture estim\u00e9e":"1 minute"},"schema":{"@context":"https:\/\/schema.org","@graph":[{"@type":"WebPage","@id":"https:\/\/ontarioplace.com\/fr\/a-propos-de-nous\/bulletin\/","url":"https:\/\/ontarioplace.com\/fr\/a-propos-de-nous\/bulletin\/","name":"Ontario Place - Bulletin","isPartOf":{"@id":"https:\/\/ontarioplace.com\/en\/#website"},"datePublished":"2019-05-08T23:36:31+00:00","dateModified":"2021-06-01T20:46:24+00:00","breadcrumb":{"@id":"https:\/\/ontarioplace.com\/fr\/a-propos-de-nous\/bulletin\/#breadcrumb"},"inLanguage":"fr-FR","potentialAction":[{"@type":"ReadAction","target":["https:\/\/ontarioplace.com\/fr\/a-propos-de-nous\/bulletin\/"]}]},{"@type":"BreadcrumbList","@id":"https:\/\/ontarioplace.com\/fr\/a-propos-de-nous\/bulletin\/#breadcrumb","itemListElement":[{"@type":"ListItem","position":1,"name":"Home","item":"https:\/\/ontarioplace.com\/fr\/"},{"@type":"ListItem","position":2,"name":"\u00c0 propos de nous","item":"https:\/\/ontarioplace.com\/fr\/?page_id=414"},{"@type":"ListItem","position":3,"name":"Bulletin"}]},{"@type":"WebSite","@id":"https:\/\/ontarioplace.com\/en\/#website","url":"https:\/\/ontarioplace.com\/en\/","name":"Ontario Place","description":"Ontario Place, Ontario, events, Toronto, live music, concerts, films, Cinesphere, IMAX, screenings, IMAX screenings, Cin\u00e9sphere, Place de l&#039;Ontario","potentialAction":[{"@type":"SearchAction","target":{"@type":"EntryPoint","urlTemplate":"https:\/\/ontarioplace.com\/en\/?s={search_term_string}"},"query-input":{"@type":"PropertyValueSpecification","valueRequired":true,"valueName":"search_term_string"}}],"inLanguage":"fr-FR"}]}},"_links":{"self":[{"href":"https:\/\/ontarioplace.com\/fr\/wp-json\/wp\/v2\/pages\/15540","targetHints":{"allow":["GET"]}}],"collection":[{"href":"https:\/\/ontarioplace.com\/fr\/wp-json\/wp\/v2\/pages"}],"about":[{"href":"https:\/\/ontarioplace.com\/fr\/wp-json\/wp\/v2\/types\/page"}],"author":[{"embeddable":true,"href":"https:\/\/ontarioplace.com\/fr\/wp-json\/wp\/v2\/users\/2"}],"replies":[{"embeddable":true,"href":"https:\/\/ontarioplace.com\/fr\/wp-json\/wp\/v2\/comments?post=15540"}],"version-history":[{"count":0,"href":"https:\/\/ontarioplace.com\/fr\/wp-json\/wp\/v2\/pages\/15540\/revisions"}],"up":[{"embeddable":true,"href":"https:\/\/ontarioplace.com\/fr\/wp-json\/wp\/v2\/pages\/414"}],"wp:attachment":[{"href":"https:\/\/ontarioplace.com\/fr\/wp-json\/wp\/v2\/media?parent=15540"}],"curies":[{"name":"wp","href":"https:\/\/api.w.org\/{rel}","templated":true}]}}