{"id":2141,"date":"2017-09-26T16:06:19","date_gmt":"2017-09-26T16:06:19","guid":{"rendered":"https:\/\/ontplace.148.113.200.80.sslip.io\/\/?page_id=2141"},"modified":"2024-11-04T13:29:59","modified_gmt":"2024-11-04T18:29:59","slug":"politique-de-confidentialite","status":"publish","type":"page","link":"https:\/\/ontarioplace.com\/fr\/politique-de-confidentialite\/","title":{"rendered":"Politique de confidentialit\u00e9"},"content":{"rendered":"<h2>La Soci\u00e9t\u00e9 d&rsquo;exploitation de la Place de l&rsquo;Ontario (\u00ab\u2009la PO\u2009\u00bb) s&rsquo;engage \u00e0 respecter le droit \u00e0 la vie priv\u00e9e des personnes qui visitent son site\u00a0Web.<\/h2>\n<p>Cette politique s&rsquo;applique uniquement au site\u00a0Web de la PO. Nous ne sommes en aucun cas responsables des pratiques de confidentialit\u00e9 d&rsquo;autres sites pouvant \u00eatre li\u00e9s au site\u00a0Web de la PO.<\/p>\n<p>La pr\u00e9sente page d\u00e9crit notre Politique de confidentialit\u00e9 et explique \u00e0 quelles fins et comment nous recueillons, utilisons et d\u00e9voilons les renseignements personnels que vous choisissez de nous fournir par l&rsquo;entremise de notre site\u00a0Web. Cette politique ne s&rsquo;applique pas aux tiers qui ne rel\u00e8vent pas de notre contr\u00f4le ou supervision, comme les exploitants des autres sites\u00a0Web auxquels vous pouvez acc\u00e9der \u00e0 partir du pr\u00e9sent site. Ces exploitants peuvent avoir leurs propres politiques de confidentialit\u00e9, certainement diff\u00e9rentes des n\u00f4tres. Pour de plus amples renseignements sur les liens vers d&rsquo;autres sites\u00a0Web, consultez nos\u00a0<a href=\"https:\/\/ontarioplace.com\/fr\/conditions\/\"><em>Modalit\u00e9s d&rsquo;utilisation.<\/em><\/a><\/p>\n<h3>Qui sommes-nous?<\/h3>\n<p>Les termes \u00ab\u2009nous\u2009\u00bb, \u00ab\u2009notre\u2009\u00bb ou \u00ab\u2009nos\u2009\u00bb s&rsquo;entendent de la Soci\u00e9t\u00e9 d&rsquo;exploitation de la Place de l&rsquo;Ontario (\u00ab\u2009la PO\u2009\u00bb), un organisme de Sa Majest\u00e9 la Reine du chef de l&rsquo;Ontario (ou, plus g\u00e9n\u00e9ralement, du gouvernement de l&rsquo;Ontario).<\/p>\n<h3>Qu&rsquo;appelle-t-on \u00ab\u2009renseignements personnels\u2009\u00bb?<\/h3>\n<p>La Loi sur l&rsquo;acc\u00e8s \u00e0 l&rsquo;information et la protection de la vie priv\u00e9e, L.R.O. 1990, Chapitre\u00a0F.31, d\u00e9finit le terme \u00ab\u2009renseignements personnels\u2009\u00bb comme des renseignements consign\u00e9s ayant trait \u00e0 un particulier qui peut \u00eatre identifi\u00e9. Il s&rsquo;agit notamment de son nom, son adresse, son num\u00e9ro de t\u00e9l\u00e9phone, son adresse \u00e9lectronique, son \u00e2ge, son genre, son \u00e9tat matrimonial, ses points de vue personnels, ses pr\u00e9f\u00e9rences et ses opinions. Cela inclut donc votre adresse \u00e9lectronique.<\/p>\n<h3>Sur quels fondements juridiques la PO s&rsquo;appuie-t-elle pour recueillir des renseignements personnels?<\/h3>\n<p>Les fondements juridiques sur lesquels la PO s&rsquo;appuie pour recueillir les renseignements personnels que vous choisissez de nous fournir se trouvent \u00e0 la section\u00a09 de la Loi sur la Soci\u00e9t\u00e9 d&rsquo;exploitation de la Place de l&rsquo;Ontario, L.R.O. 1990, Chapitre\u00a0O.34.<\/p>\n<h3>Quels sont les renseignements personnels que la PO recueille?<\/h3>\n<p>La PO ne recueille pas vos renseignements personnels de mani\u00e8re automatique. Ceux-ci ne sont obtenus que si vous les fournissez volontairement au moment d&rsquo;utiliser notre site\u00a0Web, par exemple en communiquant avec nous par courrier \u00e9lectronique ou en vous inscrivant \u00e0 notre bulletin \u00e9lectronique. En r\u00e8gle g\u00e9n\u00e9rale, vous saurez quand la PO recueillera vos renseignements personnels, car vous devrez remplir un formulaire. La PO ne recueillera que la quantit\u00e9 minimale de renseignements personnels requise pour vous fournir le service demand\u00e9 ou r\u00e9pondre \u00e0 votre demande. Cela signifie g\u00e9n\u00e9ralement que nous ne recueillerons que votre adresse \u00e9lectronique, voire votre num\u00e9ro de t\u00e9l\u00e9phone si vous pr\u00e9f\u00e9rez que nous communiquions avec vous de cette fa\u00e7on.<\/p>\n<h3>De quelle mani\u00e8re la PO prot\u00e8ge-t-elle les renseignements personnels?<\/h3>\n<p>La PO est tenue de prot\u00e9ger les renseignements personnels conform\u00e9ment aux exigences de la Loi ontarienne sur l&rsquo;acc\u00e8s \u00e0 l&rsquo;information et la protection de la vie priv\u00e9e, L.R.O. 1990, Chapitre\u00a0F.31.<\/p>\n<h3>Comment la PO utilise-t-elle les renseignements personnels?<\/h3>\n<p>La PO n&rsquo;utilise vos renseignements personnels que pour r\u00e9pondre \u00e0 l&rsquo;objectif pr\u00e9cis pour lequel vous avez fourni ces renseignements. Cela comprend, par exemple, l&rsquo;envoi d&rsquo;un bulletin \u00e9lectronique ou la r\u00e9ponse \u00e0 tout commentaire ou toute question que vous nous avez fait parvenir par l&rsquo;entremise du site\u00a0Web. La PO conservera ces renseignements en s\u00e9curit\u00e9 sur son syst\u00e8me et ne les divulguera pas \u00e0 un tiers sans avoir pr\u00e9alablement obtenu votre consentement. La PO ne vendra ni ne louera vos renseignements personnels \u00e0 qui que ce soit. Il se peut que nous partagions vos renseignements avec les fournisseurs ou entreprises que nous employons pour fournir des services, par exemple l&rsquo;envoi de bulletins \u00e9lectroniques.<\/p>\n<h3>Quels renseignements sont recueillis par la technologie de la PO?<\/h3>\n<p>Afin de mieux vous servir et d&rsquo;am\u00e9liorer l&rsquo;exp\u00e9rience du visiteur sur notre site\u00a0Web, le site de la PO recueille certains renseignements li\u00e9s \u00e0 ses visiteurs et utilise des outils d&rsquo;analyse tels que Google Analytics. Ces renseignements peuvent \u00eatre utilis\u00e9s par la PO pour cerner les probl\u00e8mes li\u00e9s au syst\u00e8me et contr\u00f4ler le trafic sur le r\u00e9seau. Aucun renseignement personnel n&rsquo;est recueilli \u00e0 l&rsquo;aide de ces outils pour permettre \u00e0 la PO ou \u00e0 nos fournisseurs de services d&rsquo;identifier des individus.<\/p>\n<h3>Que faire si je souhaite que la PO cesse d&rsquo;utiliser mes renseignements personnels?<\/h3>\n<p>Vous pouvez, \u00e0 tout moment, nous demander d&rsquo;arr\u00eater d&rsquo;utiliser vos renseignements personnels. Pour ce faire, cliquez sur le bouton de d\u00e9sinscription qui s&rsquo;affiche \u00e0 chaque publication du bulletin \u00e9lectronique ou sur le bouton de d\u00e9sinscription pr\u00e9sent sur le site\u00a0Web. Si vous nous demandez d&rsquo;arr\u00eater d&rsquo;utiliser vos donn\u00e9es, nous supprimerons votre adresse \u00e9lectronique de notre liste d&rsquo;adresses.<\/p>\n<h3>\u00c0 qui adresser mes questions li\u00e9es \u00e0 la politique de confidentialit\u00e9 de la PO?<\/h3>\n<p>Les questions et commentaires relatifs \u00e0 la politique de confidentialit\u00e9 de la PO doivent \u00eatre adress\u00e9s \u00e0\u00a0:<\/p>\n<p>Coordinateur FIPAA<br \/>\nMinist\u00e8re du Tourisme, de la Culture et du Sport<br \/>\nT\u00e9l\u00a0: (416) 314-7711<br \/>\nT\u00e9l\u00e9copieur\u00a0: (416) 314-7722\u00a0<br \/>\n<a href=\"mailto:FIPAAUNIT@ontario.ca\">FIPAAUNIT@ontario.ca<\/a>.<\/p>\n<h3>Comment les modifications \u00e0 la politique de confidentialit\u00e9 de la PO seront-elles mises en \u0153uvre?<\/h3>\n<p>Nous utiliserons vos renseignements personnels en vertu de la Politique de confidentialit\u00e9 en vigueur au moment o\u00f9 vous nous avez fourni vos donn\u00e9es. Si nous d\u00e9cidons de modifier notre Politique de confidentialit\u00e9, nous publierons un avis \u00e0 cet effet sur notre site\u00a0Web afin que vous puissiez le consulter. Si nous d\u00e9cidons ult\u00e9rieurement d&rsquo;utiliser vos renseignements personnels d&rsquo;une mani\u00e8re diff\u00e9rente de celle \u00e9nonc\u00e9e au moment de leur collecte, nous veillerons d&rsquo;abord \u00e0 obtenir votre consentement par courrier \u00e9lectronique.<\/p>\n<h3>Qu&rsquo;en est-il des fournisseurs de services tiers de la PO?<\/h3>\n<p>Nous faisons appel \u00e0 des fournisseurs de services tiers pour administrer nos syst\u00e8mes technologiques. Nous exigeons de la part de ces fournisseurs qu&rsquo;ils prot\u00e8gent les renseignements qu&rsquo;ils utilisent en notre nom et de ne pas les utiliser \u00e0 d&rsquo;autres fins pour lesquelles vous avez donn\u00e9 votre accord.<\/p>\n","protected":false},"excerpt":{"rendered":"<p>La Soci\u00e9t\u00e9 d&rsquo;exploitation de la Place de l&rsquo;Ontario (\u00ab\u2009la PO\u2009\u00bb) s&rsquo;engage \u00e0 respecter le droit \u00e0 la vie priv\u00e9e des personnes qui visitent son site\u00a0Web.<br \/>\nCette politique s&rsquo;applique uniquement au site\u00a0Web &#8230;<\/p>\n","protected":false},"author":2,"featured_media":0,"parent":0,"menu_order":0,"comment_status":"closed","ping_status":"closed","template":"template-about.php","meta":{"_acf_changed":false,"_price":"","_stock":"","_tribe_ticket_header":"","_tribe_default_ticket_provider":"","_tribe_ticket_capacity":"0","_ticket_start_date":"","_ticket_end_date":"","_tribe_ticket_show_description":"","_tribe_ticket_show_not_going":false,"_tribe_ticket_use_global_stock":"","_tribe_ticket_global_stock_level":"","_global_stock_mode":"","_global_stock_cap":"","_tribe_rsvp_for_event":"","_tribe_ticket_going_count":"","_tribe_ticket_not_going_count":"","_tribe_tickets_list":"[]","_tribe_ticket_has_attendee_info_fields":false,"footnotes":""},"class_list":["post-2141","page","type-page","status-publish","hentry"],"acf":[],"yoast_head":"<!-- This site is optimized with the Yoast SEO plugin v27.2 - https:\/\/yoast.com\/product\/yoast-seo-wordpress\/ -->\n<title>Ontario Place - Politique de confidentialit\u00e9<\/title>\n<meta name=\"robots\" content=\"index, follow, max-snippet:-1, max-image-preview:large, max-video-preview:-1\" \/>\n<link rel=\"canonical\" href=\"https:\/\/ontarioplace.com\/fr\/politique-de-confidentialite\/\" \/>\n<meta name=\"twitter:card\" content=\"summary_large_image\" \/>\n<meta name=\"twitter:title\" content=\"Ontario Place - Politique de confidentialit\u00e9\" \/>\n<meta name=\"twitter:description\" content=\"La Soci\u00e9t\u00e9 d&rsquo;exploitation de la Place de l&rsquo;Ontario (\u00ab\u2009la PO\u2009\u00bb) s&rsquo;engage \u00e0 respecter le droit \u00e0 la vie priv\u00e9e des personnes qui visitent son site\u00a0Web. Cette politique s&rsquo;applique uniquement au site\u00a0Web ...\" \/>\n<meta name=\"twitter:label1\" content=\"Dur\u00e9e de lecture estim\u00e9e\" \/>\n\t<meta name=\"twitter:data1\" content=\"5 minutes\" \/>\n<script type=\"application\/ld+json\" class=\"yoast-schema-graph\">{\"@context\":\"https:\/\/schema.org\",\"@graph\":[{\"@type\":\"WebPage\",\"@id\":\"https:\/\/ontarioplace.com\/fr\/politique-de-confidentialite\/\",\"url\":\"https:\/\/ontarioplace.com\/fr\/politique-de-confidentialite\/\",\"name\":\"Ontario Place - Politique de confidentialit\u00e9\",\"isPartOf\":{\"@id\":\"https:\/\/ontarioplace.com\/en\/#website\"},\"datePublished\":\"2017-09-26T16:06:19+00:00\",\"dateModified\":\"2024-11-04T18:29:59+00:00\",\"breadcrumb\":{\"@id\":\"https:\/\/ontarioplace.com\/fr\/politique-de-confidentialite\/#breadcrumb\"},\"inLanguage\":\"fr-FR\",\"potentialAction\":[{\"@type\":\"ReadAction\",\"target\":[\"https:\/\/ontarioplace.com\/fr\/politique-de-confidentialite\/\"]}]},{\"@type\":\"BreadcrumbList\",\"@id\":\"https:\/\/ontarioplace.com\/fr\/politique-de-confidentialite\/#breadcrumb\",\"itemListElement\":[{\"@type\":\"ListItem\",\"position\":1,\"name\":\"Home\",\"item\":\"https:\/\/ontarioplace.com\/fr\/\"},{\"@type\":\"ListItem\",\"position\":2,\"name\":\"Politique de confidentialit\u00e9\"}]},{\"@type\":\"WebSite\",\"@id\":\"https:\/\/ontarioplace.com\/en\/#website\",\"url\":\"https:\/\/ontarioplace.com\/en\/\",\"name\":\"Ontario Place\",\"description\":\"Ontario Place, Ontario, events, Toronto, live music, concerts, films, Cinesphere, IMAX, screenings, IMAX screenings, Cin\u00e9sphere, Place de l&#039;Ontario\",\"potentialAction\":[{\"@type\":\"SearchAction\",\"target\":{\"@type\":\"EntryPoint\",\"urlTemplate\":\"https:\/\/ontarioplace.com\/en\/?s={search_term_string}\"},\"query-input\":{\"@type\":\"PropertyValueSpecification\",\"valueRequired\":true,\"valueName\":\"search_term_string\"}}],\"inLanguage\":\"fr-FR\"}]}<\/script>\n<!-- \/ Yoast SEO plugin. -->","yoast_head_json":{"title":"Ontario Place - Politique de confidentialit\u00e9","robots":{"index":"index","follow":"follow","max-snippet":"max-snippet:-1","max-image-preview":"max-image-preview:large","max-video-preview":"max-video-preview:-1"},"canonical":"https:\/\/ontarioplace.com\/fr\/politique-de-confidentialite\/","twitter_card":"summary_large_image","twitter_title":"Ontario Place - Politique de confidentialit\u00e9","twitter_description":"La Soci\u00e9t\u00e9 d&rsquo;exploitation de la Place de l&rsquo;Ontario (\u00ab\u2009la PO\u2009\u00bb) s&rsquo;engage \u00e0 respecter le droit \u00e0 la vie priv\u00e9e des personnes qui visitent son site\u00a0Web. Cette politique s&rsquo;applique uniquement au site\u00a0Web ...","twitter_misc":{"Dur\u00e9e de lecture estim\u00e9e":"5 minutes"},"schema":{"@context":"https:\/\/schema.org","@graph":[{"@type":"WebPage","@id":"https:\/\/ontarioplace.com\/fr\/politique-de-confidentialite\/","url":"https:\/\/ontarioplace.com\/fr\/politique-de-confidentialite\/","name":"Ontario Place - Politique de confidentialit\u00e9","isPartOf":{"@id":"https:\/\/ontarioplace.com\/en\/#website"},"datePublished":"2017-09-26T16:06:19+00:00","dateModified":"2024-11-04T18:29:59+00:00","breadcrumb":{"@id":"https:\/\/ontarioplace.com\/fr\/politique-de-confidentialite\/#breadcrumb"},"inLanguage":"fr-FR","potentialAction":[{"@type":"ReadAction","target":["https:\/\/ontarioplace.com\/fr\/politique-de-confidentialite\/"]}]},{"@type":"BreadcrumbList","@id":"https:\/\/ontarioplace.com\/fr\/politique-de-confidentialite\/#breadcrumb","itemListElement":[{"@type":"ListItem","position":1,"name":"Home","item":"https:\/\/ontarioplace.com\/fr\/"},{"@type":"ListItem","position":2,"name":"Politique de confidentialit\u00e9"}]},{"@type":"WebSite","@id":"https:\/\/ontarioplace.com\/en\/#website","url":"https:\/\/ontarioplace.com\/en\/","name":"Ontario Place","description":"Ontario Place, Ontario, events, Toronto, live music, concerts, films, Cinesphere, IMAX, screenings, IMAX screenings, Cin\u00e9sphere, Place de l&#039;Ontario","potentialAction":[{"@type":"SearchAction","target":{"@type":"EntryPoint","urlTemplate":"https:\/\/ontarioplace.com\/en\/?s={search_term_string}"},"query-input":{"@type":"PropertyValueSpecification","valueRequired":true,"valueName":"search_term_string"}}],"inLanguage":"fr-FR"}]}},"_links":{"self":[{"href":"https:\/\/ontarioplace.com\/fr\/wp-json\/wp\/v2\/pages\/2141","targetHints":{"allow":["GET"]}}],"collection":[{"href":"https:\/\/ontarioplace.com\/fr\/wp-json\/wp\/v2\/pages"}],"about":[{"href":"https:\/\/ontarioplace.com\/fr\/wp-json\/wp\/v2\/types\/page"}],"author":[{"embeddable":true,"href":"https:\/\/ontarioplace.com\/fr\/wp-json\/wp\/v2\/users\/2"}],"replies":[{"embeddable":true,"href":"https:\/\/ontarioplace.com\/fr\/wp-json\/wp\/v2\/comments?post=2141"}],"version-history":[{"count":0,"href":"https:\/\/ontarioplace.com\/fr\/wp-json\/wp\/v2\/pages\/2141\/revisions"}],"wp:attachment":[{"href":"https:\/\/ontarioplace.com\/fr\/wp-json\/wp\/v2\/media?parent=2141"}],"curies":[{"name":"wp","href":"https:\/\/api.w.org\/{rel}","templated":true}]}}