{"id":413,"date":"2017-06-13T14:45:10","date_gmt":"2017-06-13T14:45:10","guid":{"rendered":"https:\/\/ontplace.148.113.200.80.sslip.io\/\/?page_id=413"},"modified":"2024-03-14T13:33:44","modified_gmt":"2024-03-14T17:33:44","slug":"la-marina","status":"publish","type":"page","link":"https:\/\/ontarioplace.com\/fr\/la-marina\/","title":{"rendered":"La Marina"},"content":{"rendered":"<p>Dans le cadre du r\u00e9am\u00e9nagement de la Place de l&rsquo;Ontario, la Marina se trouvera dans une zone de construction active \u00e0 compter du printemps 2023. Afin de maintenir la s\u00e9curit\u00e9 de tous, cette partie du site sera ferm\u00e9e au public et aux plaisanciers.<\/p>\n<p>D\u00e8s le printemps 2023, les travaux de viabilisation du site d\u00e9buteront. Ces travaux visent \u00e0 moderniser les infrastructures du site, telles que les services d&rsquo;\u00e9gouts, d&rsquo;eau, d&rsquo;\u00e9lectricit\u00e9 et de gaz.<\/p>\n<p>Pour plus d&rsquo;informations sur l&rsquo;acc\u00e8s au site pendant la construction, veuillez consulter notre page <a href=\"https:\/\/ontarioplace.com\/fr\/a-propos-de-nous\/visitez-nous\/acces-au-site\/\"><strong> Acc\u00e8s au site.<\/strong><\/a><\/p>\n<div id=\"mc_embed_signup_scroll\">\n<p><!-- Begin Mailchimp Signup Form --><br \/>\n<!--\n\n\n<div id=\"mc_embed_signup\">\n\n\n<form id=\"mc-embedded-subscribe-form\" class=\"validate\" action=\"https:\/\/ontarioplace.us15.list-manage.com\/subscribe\/post?u=1ea84abade8b42511d9986ec1&amp;id=3c3c992025&amp;f_id=008d8de0f0\" method=\"post\" name=\"mc-embedded-subscribe-form\" novalidate=\"\" target=\"_blank\">\n\n\n<div id=\"mc_embed_signup_scroll\">\n\n\n<h4>Inscrivez-vous aux futures communications<\/h4>\n\n\nPour participer aux tables rondes sur l'avenir de la Marina, veuillez vous inscrire ici:\n\n\n<div class=\"indicates-required\"><span class=\"asterisk\">*<\/span> indicates required<\/div>\n\n\n\n\n<div class=\"mc-field-group\"><label for=\"mce-EMAIL\">Email Address <span class=\"asterisk\">*<\/span><\/label><input id=\"mce-EMAIL\" class=\"required email\" name=\"EMAIL\" required=\"\" type=\"email\" value=\"\" \/>\n<span id=\"mce-EMAIL-HELPERTEXT\" class=\"helper_text\"><\/span><\/div>\n\n\n\n\n<div class=\"mc-field-group\"><label for=\"mce-FNAME\">First Name <span class=\"asterisk\">*<\/span><\/label><input id=\"mce-FNAME\" class=\"required\" name=\"FNAME\" required=\"\" type=\"text\" value=\"\" \/>\n<span id=\"mce-FNAME-HELPERTEXT\" class=\"helper_text\"><\/span><\/div>\n\n\n\n\n<div class=\"mc-field-group\"><label for=\"mce-LNAME\">Last Name <\/label><input id=\"mce-LNAME\" class=\"\" name=\"LNAME\" type=\"text\" value=\"\" \/>\n<span id=\"mce-LNAME-HELPERTEXT\" class=\"helper_text\"><\/span><\/div>\n\n\n\n\n<div id=\"mce-responses\" class=\"clear\">\n\n\n<div id=\"mce-error-response\" class=\"response\" style=\"display: none;\"><\/div>\n\n\n\n\n<div id=\"mce-success-response\" class=\"response\" style=\"display: none;\"><\/div>\n\n\n<\/div>\n\n\n--><br \/>\n<!-- real people should not fill this in and expect good things - do not remove this or risk form bot signups--><br \/>\n<!--\n\n\n<div style=\"position: absolute; left: -5000px;\" aria-hidden=\"true\"><input tabindex=\"-1\" name=\"b_1ea84abade8b42511d9986ec1_3c3c992025\" type=\"text\" value=\"\" \/><\/div>\n\n\n\n\n<div class=\"clear\"><input id=\"mc-embedded-subscribe\" class=\"button\" name=\"subscribe\" type=\"submit\" value=\"Subscribe\" \/><\/div>\n\n\n<\/div>\n\n\n<\/form>\n\n<\/div>\n\n\n<\/div>\n\n\n<script type='text\/javascript' src='\/\/s3.amazonaws.com\/downloads.mailchimp.com\/js\/mc-validate.js'><\/script><script type='text\/javascript'>(function($) {window.fnames = new Array(); window.ftypes = new Array();fnames[0]='EMAIL';ftypes[0]='email';fnames[1]='FNAME';ftypes[1]='text';fnames[2]='LNAME';ftypes[2]='text';fnames[3]='ADDRESS';ftypes[3]='address';fnames[4]='PHONE';ftypes[4]='phone';}(jQuery));var $mcj = jQuery.noConflict(true);<\/script>\n--><br \/>\n<!--End mc_embed_signup--><br \/>\n<!--\n<small>Les renseignements personnels recueillis ici sont r\u00e9gis par la Loi sur la Soci\u00e9t\u00e9 de la Place de l'Ontario, L.R.O. 1990, ch. O.34, sections 8 et 9 et seront utilis\u00e9s uniquement pour l'administration et l'utilisation d'une liste pour contacter les parties int\u00e9ress\u00e9es au sujet des r\u00e9unions publiques concernant les futures marinas et les activit\u00e9s li\u00e9es \u00e0 la marina \u00e0 la Place de l'Ontario. Les questions concernant la collecte de renseignements personnels peuvent \u00eatre adress\u00e9es au Bureau du directeur g\u00e9n\u00e9ral et chef de la direction, Ontario Place Corporation, 955 Lake Shore Blvd West, Toronto, ON M6K 3B9, 416-314-9900.<\/small>\n\n--><\/p>\n<\/div>\n","protected":false},"excerpt":{"rendered":"<p>Dans le cadre du r\u00e9am\u00e9nagement de la Place de l&rsquo;Ontario, la Marina se trouvera dans une zone de construction active \u00e0 compter du printemps 2023. Afin de maintenir la s\u00e9curit\u00e9 &#8230;<\/p>\n","protected":false},"author":2,"featured_media":33226,"parent":0,"menu_order":0,"comment_status":"closed","ping_status":"closed","template":"template-marina.php","meta":{"_acf_changed":false,"_price":"","_stock":"","_tribe_ticket_header":"","_tribe_default_ticket_provider":"","_tribe_ticket_capacity":"0","_ticket_start_date":"","_ticket_end_date":"","_tribe_ticket_show_description":"","_tribe_ticket_show_not_going":false,"_tribe_ticket_use_global_stock":"","_tribe_ticket_global_stock_level":"","_global_stock_mode":"","_global_stock_cap":"","_tribe_rsvp_for_event":"","_tribe_ticket_going_count":"","_tribe_ticket_not_going_count":"","_tribe_tickets_list":"[]","_tribe_ticket_has_attendee_info_fields":false,"footnotes":""},"class_list":["post-413","page","type-page","status-publish","has-post-thumbnail","hentry"],"acf":[],"yoast_head":"<!-- This site is optimized with the Yoast SEO plugin v27.2 - https:\/\/yoast.com\/product\/yoast-seo-wordpress\/ -->\n<title>Ontario Place - La Marina<\/title>\n<meta name=\"robots\" content=\"index, follow, max-snippet:-1, max-image-preview:large, max-video-preview:-1\" \/>\n<link rel=\"canonical\" href=\"https:\/\/ontarioplace.com\/fr\/la-marina\/\" \/>\n<meta name=\"twitter:card\" content=\"summary_large_image\" \/>\n<meta name=\"twitter:title\" content=\"Ontario Place - La Marina\" \/>\n<meta name=\"twitter:description\" content=\"Dans le cadre du r\u00e9am\u00e9nagement de la Place de l&rsquo;Ontario, la Marina se trouvera dans une zone de construction active \u00e0 compter du printemps 2023. Afin de maintenir la s\u00e9curit\u00e9 ...\" \/>\n<meta name=\"twitter:image\" content=\"https:\/\/ontarioplace.com\/wp-content\/uploads\/2017\/06\/Marina-image-for-website-1-1-scaled.jpg\" \/>\n<meta name=\"twitter:label1\" content=\"Dur\u00e9e de lecture estim\u00e9e\" \/>\n\t<meta name=\"twitter:data1\" content=\"1 minute\" \/>\n<script type=\"application\/ld+json\" class=\"yoast-schema-graph\">{\"@context\":\"https:\/\/schema.org\",\"@graph\":[{\"@type\":\"WebPage\",\"@id\":\"https:\/\/ontarioplace.com\/fr\/la-marina\/\",\"url\":\"https:\/\/ontarioplace.com\/fr\/la-marina\/\",\"name\":\"Ontario Place - La Marina\",\"isPartOf\":{\"@id\":\"https:\/\/ontarioplace.com\/en\/#website\"},\"primaryImageOfPage\":{\"@id\":\"https:\/\/ontarioplace.com\/fr\/la-marina\/#primaryimage\"},\"image\":{\"@id\":\"https:\/\/ontarioplace.com\/fr\/la-marina\/#primaryimage\"},\"thumbnailUrl\":\"https:\/\/ontarioplace.com\/wp-content\/uploads\/2017\/06\/Marina-image-for-website-1-1-scaled.jpg\",\"datePublished\":\"2017-06-13T14:45:10+00:00\",\"dateModified\":\"2024-03-14T17:33:44+00:00\",\"breadcrumb\":{\"@id\":\"https:\/\/ontarioplace.com\/fr\/la-marina\/#breadcrumb\"},\"inLanguage\":\"fr-FR\",\"potentialAction\":[{\"@type\":\"ReadAction\",\"target\":[\"https:\/\/ontarioplace.com\/fr\/la-marina\/\"]}]},{\"@type\":\"ImageObject\",\"inLanguage\":\"fr-FR\",\"@id\":\"https:\/\/ontarioplace.com\/fr\/la-marina\/#primaryimage\",\"url\":\"https:\/\/ontarioplace.com\/wp-content\/uploads\/2017\/06\/Marina-image-for-website-1-1-scaled.jpg\",\"contentUrl\":\"https:\/\/ontarioplace.com\/wp-content\/uploads\/2017\/06\/Marina-image-for-website-1-1-scaled.jpg\",\"width\":2560,\"height\":946},{\"@type\":\"BreadcrumbList\",\"@id\":\"https:\/\/ontarioplace.com\/fr\/la-marina\/#breadcrumb\",\"itemListElement\":[{\"@type\":\"ListItem\",\"position\":1,\"name\":\"Home\",\"item\":\"https:\/\/ontarioplace.com\/fr\/\"},{\"@type\":\"ListItem\",\"position\":2,\"name\":\"La Marina\"}]},{\"@type\":\"WebSite\",\"@id\":\"https:\/\/ontarioplace.com\/en\/#website\",\"url\":\"https:\/\/ontarioplace.com\/en\/\",\"name\":\"Ontario Place\",\"description\":\"Ontario Place, Ontario, events, Toronto, live music, concerts, films, Cinesphere, IMAX, screenings, IMAX screenings, Cin\u00e9sphere, Place de l&#039;Ontario\",\"potentialAction\":[{\"@type\":\"SearchAction\",\"target\":{\"@type\":\"EntryPoint\",\"urlTemplate\":\"https:\/\/ontarioplace.com\/en\/?s={search_term_string}\"},\"query-input\":{\"@type\":\"PropertyValueSpecification\",\"valueRequired\":true,\"valueName\":\"search_term_string\"}}],\"inLanguage\":\"fr-FR\"}]}<\/script>\n<!-- \/ Yoast SEO plugin. -->","yoast_head_json":{"title":"Ontario Place - La Marina","robots":{"index":"index","follow":"follow","max-snippet":"max-snippet:-1","max-image-preview":"max-image-preview:large","max-video-preview":"max-video-preview:-1"},"canonical":"https:\/\/ontarioplace.com\/fr\/la-marina\/","twitter_card":"summary_large_image","twitter_title":"Ontario Place - La Marina","twitter_description":"Dans le cadre du r\u00e9am\u00e9nagement de la Place de l&rsquo;Ontario, la Marina se trouvera dans une zone de construction active \u00e0 compter du printemps 2023. Afin de maintenir la s\u00e9curit\u00e9 ...","twitter_image":"https:\/\/ontarioplace.com\/wp-content\/uploads\/2017\/06\/Marina-image-for-website-1-1-scaled.jpg","twitter_misc":{"Dur\u00e9e de lecture estim\u00e9e":"1 minute"},"schema":{"@context":"https:\/\/schema.org","@graph":[{"@type":"WebPage","@id":"https:\/\/ontarioplace.com\/fr\/la-marina\/","url":"https:\/\/ontarioplace.com\/fr\/la-marina\/","name":"Ontario Place - La Marina","isPartOf":{"@id":"https:\/\/ontarioplace.com\/en\/#website"},"primaryImageOfPage":{"@id":"https:\/\/ontarioplace.com\/fr\/la-marina\/#primaryimage"},"image":{"@id":"https:\/\/ontarioplace.com\/fr\/la-marina\/#primaryimage"},"thumbnailUrl":"https:\/\/ontarioplace.com\/wp-content\/uploads\/2017\/06\/Marina-image-for-website-1-1-scaled.jpg","datePublished":"2017-06-13T14:45:10+00:00","dateModified":"2024-03-14T17:33:44+00:00","breadcrumb":{"@id":"https:\/\/ontarioplace.com\/fr\/la-marina\/#breadcrumb"},"inLanguage":"fr-FR","potentialAction":[{"@type":"ReadAction","target":["https:\/\/ontarioplace.com\/fr\/la-marina\/"]}]},{"@type":"ImageObject","inLanguage":"fr-FR","@id":"https:\/\/ontarioplace.com\/fr\/la-marina\/#primaryimage","url":"https:\/\/ontarioplace.com\/wp-content\/uploads\/2017\/06\/Marina-image-for-website-1-1-scaled.jpg","contentUrl":"https:\/\/ontarioplace.com\/wp-content\/uploads\/2017\/06\/Marina-image-for-website-1-1-scaled.jpg","width":2560,"height":946},{"@type":"BreadcrumbList","@id":"https:\/\/ontarioplace.com\/fr\/la-marina\/#breadcrumb","itemListElement":[{"@type":"ListItem","position":1,"name":"Home","item":"https:\/\/ontarioplace.com\/fr\/"},{"@type":"ListItem","position":2,"name":"La Marina"}]},{"@type":"WebSite","@id":"https:\/\/ontarioplace.com\/en\/#website","url":"https:\/\/ontarioplace.com\/en\/","name":"Ontario Place","description":"Ontario Place, Ontario, events, Toronto, live music, concerts, films, Cinesphere, IMAX, screenings, IMAX screenings, Cin\u00e9sphere, Place de l&#039;Ontario","potentialAction":[{"@type":"SearchAction","target":{"@type":"EntryPoint","urlTemplate":"https:\/\/ontarioplace.com\/en\/?s={search_term_string}"},"query-input":{"@type":"PropertyValueSpecification","valueRequired":true,"valueName":"search_term_string"}}],"inLanguage":"fr-FR"}]}},"_links":{"self":[{"href":"https:\/\/ontarioplace.com\/fr\/wp-json\/wp\/v2\/pages\/413","targetHints":{"allow":["GET"]}}],"collection":[{"href":"https:\/\/ontarioplace.com\/fr\/wp-json\/wp\/v2\/pages"}],"about":[{"href":"https:\/\/ontarioplace.com\/fr\/wp-json\/wp\/v2\/types\/page"}],"author":[{"embeddable":true,"href":"https:\/\/ontarioplace.com\/fr\/wp-json\/wp\/v2\/users\/2"}],"replies":[{"embeddable":true,"href":"https:\/\/ontarioplace.com\/fr\/wp-json\/wp\/v2\/comments?post=413"}],"version-history":[{"count":0,"href":"https:\/\/ontarioplace.com\/fr\/wp-json\/wp\/v2\/pages\/413\/revisions"}],"wp:featuredmedia":[{"embeddable":true,"href":"https:\/\/ontarioplace.com\/fr\/wp-json\/wp\/v2\/media\/33226"}],"wp:attachment":[{"href":"https:\/\/ontarioplace.com\/fr\/wp-json\/wp\/v2\/media?parent=413"}],"curies":[{"name":"wp","href":"https:\/\/api.w.org\/{rel}","templated":true}]}}