{"id":421,"date":"2017-06-13T14:56:53","date_gmt":"2017-06-13T14:56:53","guid":{"rendered":"https:\/\/ontplace.148.113.200.80.sslip.io\/\/?page_id=421"},"modified":"2024-11-04T13:34:02","modified_gmt":"2024-11-04T18:34:02","slug":"rapports-et-politiques","status":"publish","type":"page","link":"https:\/\/ontarioplace.com\/fr\/rapports-et-politiques\/","title":{"rendered":"Rapports et politiques"},"content":{"rendered":"<p>Comme l&rsquo;exigent les normes du gouvernement et conform\u00e9ment \u00e0 ses attentes en mati\u00e8re de responsabilisation, nous avons adopt\u00e9 des pratiques exemplaires dans tout ce qui a trait \u00e0 transparence et \u00e0 la gouvernance. Nos rapports annuels, nos plans d&rsquo;affaires et nos d\u00e9penses sont accessibles \u00e0 tous sur notre site Web.<\/p>\n<h2>Rapports annuels<\/h2>\n<ul>\n<li><a href=\"https:\/\/ontarioplace.com\/wp-content\/uploads\/2024\/02\/2021-OPC-Annual-Report-FR.pdf\">Rapport annuel de 2021<\/a><\/li>\n<li><a href=\"https:\/\/ontarioplace.com\/wp-content\/uploads\/2024\/02\/2020-OPC-Annual-Report-FR.pdf\">Rapport annuel de 2020<\/a><\/li>\n<li><a href=\"https:\/\/ontarioplace.com\/wp-content\/uploads\/2024\/02\/2019-OPC-Annual-Report-FR.pdf\">Rapport annuel de 2019<\/a><\/li>\n<li><a href=\"https:\/\/ontarioplace.com\/wp-content\/uploads\/2020\/03\/OPC279_-_2018_OPC_Annual_Report_FRENCH_-_02112020_Final-Feb_18-2020_-_FINAL-s-1.pdf\">Rapport annuel de 2018<\/a><\/li>\n<li><a href=\"https:\/\/ontarioplace.com\/wp-content\/uploads\/2019\/11\/OPC278_-_2017_OPC_Annual_Report_FRENCH_FINAL-s-1.pdf\">Rapport annuel de 2017<\/a><\/li>\n<li><a href=\"https:\/\/ontarioplace.com\/wp-content\/uploads\/2019\/09\/OPC277_-_2016_Annual_Report_FRENCH_WEB_FINAL-s-1.pdf\">Rapport annuel de 2016<\/a><\/li>\n<\/ul>\n<p><!--\n \t\n\n<li><a href=\"https:\/\/ontarioplace.com\/sites\/default\/files\/annual-report\/Executed%20Errata.pdf\">Avis de correction de 2015<\/a><\/li>\n\n\n \t\n\n<li><a href=\"https:\/\/ontarioplace.com\/sites\/default\/files\/annual-report\/2015%20Annual%20Report_EN.pdf\">Rapport annuel de 2015<\/a><\/li>\n\n\n \t\n\n<li><a href=\"https:\/\/ontarioplace.com\/sites\/default\/files\/annual-report\/2014%20Annual%20Report.pdf\">Rapport annuel de 2014<\/a><\/li>\n\n\n \t\n\n<li><a href=\"https:\/\/ontarioplace.com\/sites\/default\/files\/annual-report\/2013%20Annual%20Report.pdf\">Rapport annuel de 2013<\/a><\/li>\n\n\n \t\n\n<li><a href=\"https:\/\/ontarioplace.com\/sites\/default\/files\/annual-report\/2012%20Annual%20Report.pdf\">Rapport annuel de 2012<\/a><\/li>\n\n\n \t\n\n<li><a href=\"https:\/\/ontarioplace.com\/sites\/default\/files\/annual-report\/2011%20Annual%20Report.pdf\">Rapport annuel de 2011<\/a><\/li>\n\n\n \t\n\n<li><a href=\"https:\/\/ontarioplace.com\/sites\/default\/files\/annual-report\/2010%20Annual%20Report.pdf\">Rapport annuel de 2010<\/a><\/li>\n\n\n \t\n\n<li><a href=\"https:\/\/ontarioplace.com\/sites\/default\/files\/annual-report\/Final%202009%20Annual%20Report_0.pdf\">Rapport annuel de 2009<\/a><\/li>\n\n\n \t\n\n<li><a href=\"https:\/\/ontarioplace.com\/sites\/default\/files\/annual-report\/2008_annual_report.pdf\">Rapport annuel de 2008<\/a><\/li>\n\n\n \t\n\n<li><a href=\"https:\/\/ontarioplace.com\/sites\/default\/files\/annual-report\/2007_annual_report_0.pdf\">Rapport annuel de 2007<\/a><\/li>\n\n\n \t\n\n<li><a href=\"https:\/\/ontarioplace.com\/sites\/default\/files\/annual-report\/2006_annual_report.pdf\">Rapport annuel de 2006<\/a><\/li>\n\n\n \t\n\n<li><a href=\"https:\/\/ontarioplace.com\/sites\/default\/files\/annual-report\/2005_annual_report.pdf\">Rapport annuel de 2005<\/a><\/li>\n\n\n \t\n\n<li><a href=\"https:\/\/ontarioplace.com\/sites\/default\/files\/annual-report\/2004_annual_report.pdf\">Rapport annuel de 2004<\/a><\/li>\n\n\n \t\n\n<li><a href=\"https:\/\/ontarioplace.com\/sites\/default\/files\/annual-report\/2003_annual_report.pdf\">Rapport annuel de 2003<\/a><\/li>\n\n\n \t\n\n<li><a href=\"https:\/\/ontarioplace.com\/sites\/default\/files\/annual-report\/2002_annual_report.pdf\">Rapport annuel de 2002<\/a><\/li>\n\n\n \t\n\n<li><a href=\"https:\/\/ontarioplace.com\/sites\/default\/files\/annual-report\/2001_annual_report.pdf\">Rapport annuel de 2001<\/a><\/li>\n\n\n \t\n\n<li><a href=\"https:\/\/ontarioplace.com\/sites\/default\/files\/annual-report\/2000_annual_report.pdf\">Rapport annuel de 2000<\/a><\/li>\n\n\n--><\/p>\n<hr \/>\n<h2>Plans d&rsquo;activit\u00e9s<\/h2>\n<ul>\n<li><a href=\"https:\/\/ontarioplace.com\/wp-content\/uploads\/2020\/01\/2019_OPC_Business_Plan_-_October_2019_FINAL_-_FR_updated_font_FINAL-s-1.pdf\">Plan d&rsquo;activit\u00e9s 2019 de la Soci\u00e9t\u00e9 d&rsquo;exploitation de la Place de l&rsquo;Ontario<\/a><\/li>\n<\/ul>\n<hr \/>\n<h2>Charges<\/h2>\n<ul>\n<li><a href=\"https:\/\/ontarioplace.com\/wp-content\/uploads\/2023\/11\/Q3-2023_-Jul-1-to-Sep-30-OPC-Provincial-Agencies-Expenses-French.pdf\">D\u00e9penses de la Soci\u00e9t\u00e9 d&rsquo;exploitation de la Place de l&rsquo;Ontario pour la p\u00e9riode de juillet \u00e0 septembre 2023<\/a><\/li>\n<li><a href=\"https:\/\/ontarioplace.com\/wp-content\/uploads\/2023\/11\/Q2-2023_-Apr-1-to-Jun-30-OPC-Provincial-Agencies-Expenses-French.pdf\">D\u00e9penses de la Soci\u00e9t\u00e9 d&rsquo;exploitation de la Place de l&rsquo;Ontario pour la p\u00e9riode de avril \u00e0 juin 2023<\/a><\/li>\n<li><a href=\"https:\/\/ontarioplace.com\/wp-content\/uploads\/2023\/05\/Q1-2023_-Jan-1-to-Mar-31-OPC-Provincial-Agencies-Expenses-French.pdf\">D\u00e9penses de la Soci\u00e9t\u00e9 d&rsquo;exploitation de la Place de l&rsquo;Ontario pour la p\u00e9riode de janvier \u00e0 mars 2023<\/a><\/li>\n<li><a href=\"https:\/\/ontarioplace.com\/wp-content\/uploads\/2023\/05\/Q4-2022_Oct-1-to-Dec-31-OPC-Provincial-Agencies-Expenses-French.pdf\">D\u00e9penses de la Soci\u00e9t\u00e9 d&rsquo;exploitation de la Place de l&rsquo;Ontario pour la p\u00e9riode de octobre \u00e0 d<\/a><a href=\"https:\/\/ontarioplace.com\/wp-content\/uploads\/2022\/02\/Q4-2021_Oct-1-to-Dec-31-OPC-Provincial-Agencies-Expenses-French.pdf\">\u00e9<\/a><a href=\"https:\/\/ontarioplace.com\/wp-content\/uploads\/2022\/08\/Q2-2022_-Apr-1-to-Jun-30-OPC-Provincial-Agencies-Expenses-French.pdf\">cembre 2022<\/a><\/li>\n<li><a href=\"https:\/\/ontarioplace.com\/wp-content\/uploads\/2023\/05\/Q3-2022_-Jul-1-to-Sep-30-OPC-Provincial-Agencies-Expenses-French.pdf\">D\u00e9penses de la Soci\u00e9t\u00e9 d&rsquo;exploitation de la Place de l&rsquo;Ontario pour la p\u00e9riode de juillet \u00e0 septembre 2022<\/a><\/li>\n<li><a href=\"https:\/\/ontarioplace.com\/wp-content\/uploads\/2022\/08\/Q2-2022_-Apr-1-to-Jun-30-OPC-Provincial-Agencies-Expenses-French.pdf\">D\u00e9penses de la Soci\u00e9t\u00e9 d&rsquo;exploitation de la Place de l&rsquo;Ontario pour la p\u00e9riode de avril \u00e0 juin 2022<\/a><\/li>\n<li><a href=\"https:\/\/ontarioplace.com\/wp-content\/uploads\/2022\/02\/Q4-2021_Oct-1-to-Dec-31-OPC-Provincial-Agencies-Expenses-French.pdf\">D\u00e9penses de la Soci\u00e9t\u00e9 d&rsquo;exploitation de la Place de l&rsquo;Ontario pour la p\u00e9riode de octobre \u00e0 d\u00e9cembre 2021<\/a><\/li>\n<li><a href=\"https:\/\/ontarioplace.com\/wp-content\/uploads\/2021\/11\/Q3-2021_-Jul-1-to-Sep-30-OPC-Provincial-Agencies-Expenses-French.pdf\">D\u00e9penses de la Soci\u00e9t\u00e9 d&rsquo;exploitation de la Place de l&rsquo;Ontario pour la p\u00e9riode de juillet \u00e0 septembre 2021<\/a><\/li>\n<\/ul>\n","protected":false},"excerpt":{"rendered":"<p>Comme l&rsquo;exigent les normes du gouvernement et conform\u00e9ment \u00e0 ses attentes en mati\u00e8re de responsabilisation, nous avons adopt\u00e9 des pratiques exemplaires dans tout ce qui a trait \u00e0 transparence et &#8230;<\/p>\n","protected":false},"author":2,"featured_media":33946,"parent":0,"menu_order":1,"comment_status":"closed","ping_status":"closed","template":"","meta":{"_acf_changed":false,"_price":"","_stock":"","_tribe_ticket_header":"","_tribe_default_ticket_provider":"","_tribe_ticket_capacity":"0","_ticket_start_date":"","_ticket_end_date":"","_tribe_ticket_show_description":"","_tribe_ticket_show_not_going":false,"_tribe_ticket_use_global_stock":"","_tribe_ticket_global_stock_level":"","_global_stock_mode":"","_global_stock_cap":"","_tribe_rsvp_for_event":"","_tribe_ticket_going_count":"","_tribe_ticket_not_going_count":"","_tribe_tickets_list":"[]","_tribe_ticket_has_attendee_info_fields":false,"footnotes":""},"class_list":["post-421","page","type-page","status-publish","has-post-thumbnail","hentry"],"acf":[],"yoast_head":"<!-- This site is optimized with the Yoast SEO plugin v27.2 - https:\/\/yoast.com\/product\/yoast-seo-wordpress\/ -->\n<title>Ontario Place - Rapports et politiques<\/title>\n<meta name=\"robots\" content=\"index, follow, max-snippet:-1, max-image-preview:large, max-video-preview:-1\" \/>\n<link rel=\"canonical\" href=\"https:\/\/ontarioplace.com\/fr\/rapports-et-politiques\/\" \/>\n<meta name=\"twitter:card\" content=\"summary_large_image\" \/>\n<meta name=\"twitter:title\" content=\"Ontario Place - Rapports et politiques\" \/>\n<meta name=\"twitter:description\" content=\"Comme l&rsquo;exigent les normes du gouvernement et conform\u00e9ment \u00e0 ses attentes en mati\u00e8re de responsabilisation, nous avons adopt\u00e9 des pratiques exemplaires dans tout ce qui a trait \u00e0 transparence et ...\" \/>\n<meta name=\"twitter:image\" content=\"https:\/\/ontarioplace.com\/wp-content\/uploads\/2017\/08\/Cinesphere-image-for-website-1-scaled.jpg\" \/>\n<meta name=\"twitter:label1\" content=\"Dur\u00e9e de lecture estim\u00e9e\" \/>\n\t<meta name=\"twitter:data1\" content=\"2 minutes\" \/>\n<script type=\"application\/ld+json\" class=\"yoast-schema-graph\">{\"@context\":\"https:\/\/schema.org\",\"@graph\":[{\"@type\":\"WebPage\",\"@id\":\"https:\/\/ontarioplace.com\/fr\/rapports-et-politiques\/\",\"url\":\"https:\/\/ontarioplace.com\/fr\/rapports-et-politiques\/\",\"name\":\"Ontario Place - Rapports et politiques\",\"isPartOf\":{\"@id\":\"https:\/\/ontarioplace.com\/en\/#website\"},\"primaryImageOfPage\":{\"@id\":\"https:\/\/ontarioplace.com\/fr\/rapports-et-politiques\/#primaryimage\"},\"image\":{\"@id\":\"https:\/\/ontarioplace.com\/fr\/rapports-et-politiques\/#primaryimage\"},\"thumbnailUrl\":\"https:\/\/ontarioplace.com\/wp-content\/uploads\/2017\/08\/Cinesphere-image-for-website-1-scaled.jpg\",\"datePublished\":\"2017-06-13T14:56:53+00:00\",\"dateModified\":\"2024-11-04T18:34:02+00:00\",\"breadcrumb\":{\"@id\":\"https:\/\/ontarioplace.com\/fr\/rapports-et-politiques\/#breadcrumb\"},\"inLanguage\":\"fr-FR\",\"potentialAction\":[{\"@type\":\"ReadAction\",\"target\":[\"https:\/\/ontarioplace.com\/fr\/rapports-et-politiques\/\"]}]},{\"@type\":\"ImageObject\",\"inLanguage\":\"fr-FR\",\"@id\":\"https:\/\/ontarioplace.com\/fr\/rapports-et-politiques\/#primaryimage\",\"url\":\"https:\/\/ontarioplace.com\/wp-content\/uploads\/2017\/08\/Cinesphere-image-for-website-1-scaled.jpg\",\"contentUrl\":\"https:\/\/ontarioplace.com\/wp-content\/uploads\/2017\/08\/Cinesphere-image-for-website-1-scaled.jpg\",\"width\":2560,\"height\":946},{\"@type\":\"BreadcrumbList\",\"@id\":\"https:\/\/ontarioplace.com\/fr\/rapports-et-politiques\/#breadcrumb\",\"itemListElement\":[{\"@type\":\"ListItem\",\"position\":1,\"name\":\"Home\",\"item\":\"https:\/\/ontarioplace.com\/fr\/\"},{\"@type\":\"ListItem\",\"position\":2,\"name\":\"Rapports et politiques\"}]},{\"@type\":\"WebSite\",\"@id\":\"https:\/\/ontarioplace.com\/en\/#website\",\"url\":\"https:\/\/ontarioplace.com\/en\/\",\"name\":\"Ontario Place\",\"description\":\"Ontario Place, Ontario, events, Toronto, live music, concerts, films, Cinesphere, IMAX, screenings, IMAX screenings, Cin\u00e9sphere, Place de l&#039;Ontario\",\"potentialAction\":[{\"@type\":\"SearchAction\",\"target\":{\"@type\":\"EntryPoint\",\"urlTemplate\":\"https:\/\/ontarioplace.com\/en\/?s={search_term_string}\"},\"query-input\":{\"@type\":\"PropertyValueSpecification\",\"valueRequired\":true,\"valueName\":\"search_term_string\"}}],\"inLanguage\":\"fr-FR\"}]}<\/script>\n<!-- \/ Yoast SEO plugin. -->","yoast_head_json":{"title":"Ontario Place - Rapports et politiques","robots":{"index":"index","follow":"follow","max-snippet":"max-snippet:-1","max-image-preview":"max-image-preview:large","max-video-preview":"max-video-preview:-1"},"canonical":"https:\/\/ontarioplace.com\/fr\/rapports-et-politiques\/","twitter_card":"summary_large_image","twitter_title":"Ontario Place - Rapports et politiques","twitter_description":"Comme l&rsquo;exigent les normes du gouvernement et conform\u00e9ment \u00e0 ses attentes en mati\u00e8re de responsabilisation, nous avons adopt\u00e9 des pratiques exemplaires dans tout ce qui a trait \u00e0 transparence et ...","twitter_image":"https:\/\/ontarioplace.com\/wp-content\/uploads\/2017\/08\/Cinesphere-image-for-website-1-scaled.jpg","twitter_misc":{"Dur\u00e9e de lecture estim\u00e9e":"2 minutes"},"schema":{"@context":"https:\/\/schema.org","@graph":[{"@type":"WebPage","@id":"https:\/\/ontarioplace.com\/fr\/rapports-et-politiques\/","url":"https:\/\/ontarioplace.com\/fr\/rapports-et-politiques\/","name":"Ontario Place - Rapports et politiques","isPartOf":{"@id":"https:\/\/ontarioplace.com\/en\/#website"},"primaryImageOfPage":{"@id":"https:\/\/ontarioplace.com\/fr\/rapports-et-politiques\/#primaryimage"},"image":{"@id":"https:\/\/ontarioplace.com\/fr\/rapports-et-politiques\/#primaryimage"},"thumbnailUrl":"https:\/\/ontarioplace.com\/wp-content\/uploads\/2017\/08\/Cinesphere-image-for-website-1-scaled.jpg","datePublished":"2017-06-13T14:56:53+00:00","dateModified":"2024-11-04T18:34:02+00:00","breadcrumb":{"@id":"https:\/\/ontarioplace.com\/fr\/rapports-et-politiques\/#breadcrumb"},"inLanguage":"fr-FR","potentialAction":[{"@type":"ReadAction","target":["https:\/\/ontarioplace.com\/fr\/rapports-et-politiques\/"]}]},{"@type":"ImageObject","inLanguage":"fr-FR","@id":"https:\/\/ontarioplace.com\/fr\/rapports-et-politiques\/#primaryimage","url":"https:\/\/ontarioplace.com\/wp-content\/uploads\/2017\/08\/Cinesphere-image-for-website-1-scaled.jpg","contentUrl":"https:\/\/ontarioplace.com\/wp-content\/uploads\/2017\/08\/Cinesphere-image-for-website-1-scaled.jpg","width":2560,"height":946},{"@type":"BreadcrumbList","@id":"https:\/\/ontarioplace.com\/fr\/rapports-et-politiques\/#breadcrumb","itemListElement":[{"@type":"ListItem","position":1,"name":"Home","item":"https:\/\/ontarioplace.com\/fr\/"},{"@type":"ListItem","position":2,"name":"Rapports et politiques"}]},{"@type":"WebSite","@id":"https:\/\/ontarioplace.com\/en\/#website","url":"https:\/\/ontarioplace.com\/en\/","name":"Ontario Place","description":"Ontario Place, Ontario, events, Toronto, live music, concerts, films, Cinesphere, IMAX, screenings, IMAX screenings, Cin\u00e9sphere, Place de l&#039;Ontario","potentialAction":[{"@type":"SearchAction","target":{"@type":"EntryPoint","urlTemplate":"https:\/\/ontarioplace.com\/en\/?s={search_term_string}"},"query-input":{"@type":"PropertyValueSpecification","valueRequired":true,"valueName":"search_term_string"}}],"inLanguage":"fr-FR"}]}},"_links":{"self":[{"href":"https:\/\/ontarioplace.com\/fr\/wp-json\/wp\/v2\/pages\/421","targetHints":{"allow":["GET"]}}],"collection":[{"href":"https:\/\/ontarioplace.com\/fr\/wp-json\/wp\/v2\/pages"}],"about":[{"href":"https:\/\/ontarioplace.com\/fr\/wp-json\/wp\/v2\/types\/page"}],"author":[{"embeddable":true,"href":"https:\/\/ontarioplace.com\/fr\/wp-json\/wp\/v2\/users\/2"}],"replies":[{"embeddable":true,"href":"https:\/\/ontarioplace.com\/fr\/wp-json\/wp\/v2\/comments?post=421"}],"version-history":[{"count":0,"href":"https:\/\/ontarioplace.com\/fr\/wp-json\/wp\/v2\/pages\/421\/revisions"}],"wp:featuredmedia":[{"embeddable":true,"href":"https:\/\/ontarioplace.com\/fr\/wp-json\/wp\/v2\/media\/33946"}],"wp:attachment":[{"href":"https:\/\/ontarioplace.com\/fr\/wp-json\/wp\/v2\/media?parent=421"}],"curies":[{"name":"wp","href":"https:\/\/api.w.org\/{rel}","templated":true}]}}