{"id":426,"date":"2017-06-13T15:01:48","date_gmt":"2017-06-13T15:01:48","guid":{"rendered":"https:\/\/ontplace.148.113.200.80.sslip.io\/\/?page_id=426"},"modified":"2026-04-16T08:36:34","modified_gmt":"2026-04-16T12:36:34","slug":"carrieres","status":"publish","type":"page","link":"https:\/\/ontarioplace.com\/fr\/carrieres\/","title":{"rendered":"Carri\u00e8res"},"content":{"rendered":"<h2>Venez rejoindre notre \u00e9quipe !<\/h2>\n<p>Ontario Place n&#8217;embauche actuellement pour aucun poste.<\/p>\n<p>&nbsp;<\/p>\n<h3>Existe-t-il des postes bilingues ?<\/h3>\n<p>Les titres et descriptions de poste sont affich\u00e9s en anglais et en fran\u00e7ais seulement lorsqu&rsquo;un poste est bilingue. Les postes r\u00e9pertori\u00e9s en anglais uniquement sont des postes unilingues anglais.<\/p>\n<h3>Besoin d&rsquo;un h\u00e9bergement sp\u00e9cial\u00a0?<\/h3>\n<p>La Soci\u00e9t\u00e9 Place de l&rsquo;Ontario est un employeur inclusif. Des mesures d&rsquo;adaptation sont disponibles en vertu du Code des droits de la personne de l&rsquo;Ontario. Pour plus d&rsquo;informations sur la fa\u00e7on de demander un h\u00e9bergement ou une assistance, veuillez nous contacter.<\/p>\n<h3>Contactez-nous:<\/h3>\n<p>Anita Daumants \u00e0 <a href=\"mailto:anita.daumants@ontario.ca\">anita.daumants@ontario.ca<\/a><\/p>\n<h2><\/h2>\n<p>Voici quelques-uns des endroits utiles o\u00f9 vous pouvez consulter les possibilit\u00e9s d&#8217;emploi au gouvernement de l&rsquo;Ontario :<\/p>\n<ul>\n<li><a href=\"https:\/\/www.ontario.ca\/fr\/page\/les-jeunes-en-ontario\" target=\"_blank\" rel=\"noopener noreferrer\">Programme d&#8217;emplois d&rsquo;\u00e9t\u00e9 pour les jeunes<\/a><\/li>\n<li><a href=\"https:\/\/www.gojobs.gov.on.ca\/Pages\/SEP.aspx?Language=French\" target=\"_blank\" rel=\"noopener noreferrer\">Programme Perspectives d&#8217;emploi d&rsquo;\u00e9t\u00e9<\/a><\/li>\n<\/ul>\n<p>&nbsp;<\/p>\n<p>&nbsp;<\/p>\n","protected":false},"excerpt":{"rendered":"<p>Venez rejoindre notre \u00e9quipe !<br \/>\nOntario Place n&#8217;embauche actuellement pour aucun poste.<br \/>\n&nbsp;<br \/>\nExiste-t-il des postes bilingues ?<br \/>\nLes titres et descriptions de poste sont affich\u00e9s en anglais et en fran\u00e7ais seulement lorsqu&rsquo;un poste &#8230;<\/p>\n","protected":false},"author":2,"featured_media":29095,"parent":0,"menu_order":4,"comment_status":"closed","ping_status":"closed","template":"","meta":{"_acf_changed":false,"_price":"","_stock":"","_tribe_ticket_header":"","_tribe_default_ticket_provider":"","_tribe_ticket_capacity":"0","_ticket_start_date":"","_ticket_end_date":"","_tribe_ticket_show_description":"","_tribe_ticket_show_not_going":false,"_tribe_ticket_use_global_stock":"","_tribe_ticket_global_stock_level":"","_global_stock_mode":"","_global_stock_cap":"","_tribe_rsvp_for_event":"","_tribe_ticket_going_count":"","_tribe_ticket_not_going_count":"","_tribe_tickets_list":"[]","_tribe_ticket_has_attendee_info_fields":false,"footnotes":""},"class_list":["post-426","page","type-page","status-publish","has-post-thumbnail","hentry"],"acf":[],"yoast_head":"<!-- This site is optimized with the Yoast SEO plugin v27.2 - https:\/\/yoast.com\/product\/yoast-seo-wordpress\/ -->\n<title>Ontario Place - Carri\u00e8res<\/title>\n<meta name=\"robots\" content=\"index, follow, max-snippet:-1, max-image-preview:large, max-video-preview:-1\" \/>\n<link rel=\"canonical\" href=\"https:\/\/ontarioplace.com\/fr\/carrieres\/\" \/>\n<meta name=\"twitter:card\" content=\"summary_large_image\" \/>\n<meta name=\"twitter:title\" content=\"Ontario Place - Carri\u00e8res\" \/>\n<meta name=\"twitter:description\" content=\"Venez rejoindre notre \u00e9quipe ! Ontario Place n&#8217;embauche actuellement pour aucun poste. &nbsp; Existe-t-il des postes bilingues ? Les titres et descriptions de poste sont affich\u00e9s en anglais et en fran\u00e7ais seulement lorsqu&rsquo;un poste ...\" \/>\n<meta name=\"twitter:image\" content=\"https:\/\/ontarioplace.com\/wp-content\/uploads\/2019\/04\/ontarioplace-cinesphere-intro-2.jpg\" \/>\n<meta name=\"twitter:label1\" content=\"Dur\u00e9e de lecture estim\u00e9e\" \/>\n\t<meta name=\"twitter:data1\" content=\"1 minute\" \/>\n<script type=\"application\/ld+json\" class=\"yoast-schema-graph\">{\"@context\":\"https:\/\/schema.org\",\"@graph\":[{\"@type\":\"WebPage\",\"@id\":\"https:\/\/ontarioplace.com\/fr\/carrieres\/\",\"url\":\"https:\/\/ontarioplace.com\/fr\/carrieres\/\",\"name\":\"Ontario Place - Carri\u00e8res\",\"isPartOf\":{\"@id\":\"https:\/\/ontarioplace.com\/en\/#website\"},\"primaryImageOfPage\":{\"@id\":\"https:\/\/ontarioplace.com\/fr\/carrieres\/#primaryimage\"},\"image\":{\"@id\":\"https:\/\/ontarioplace.com\/fr\/carrieres\/#primaryimage\"},\"thumbnailUrl\":\"https:\/\/ontarioplace.com\/wp-content\/uploads\/2019\/04\/ontarioplace-cinesphere-intro-2.jpg\",\"datePublished\":\"2017-06-13T15:01:48+00:00\",\"dateModified\":\"2026-04-16T12:36:34+00:00\",\"breadcrumb\":{\"@id\":\"https:\/\/ontarioplace.com\/fr\/carrieres\/#breadcrumb\"},\"inLanguage\":\"fr-FR\",\"potentialAction\":[{\"@type\":\"ReadAction\",\"target\":[\"https:\/\/ontarioplace.com\/fr\/carrieres\/\"]}]},{\"@type\":\"ImageObject\",\"inLanguage\":\"fr-FR\",\"@id\":\"https:\/\/ontarioplace.com\/fr\/carrieres\/#primaryimage\",\"url\":\"https:\/\/ontarioplace.com\/wp-content\/uploads\/2019\/04\/ontarioplace-cinesphere-intro-2.jpg\",\"contentUrl\":\"https:\/\/ontarioplace.com\/wp-content\/uploads\/2019\/04\/ontarioplace-cinesphere-intro-2.jpg\",\"width\":2000,\"height\":761},{\"@type\":\"BreadcrumbList\",\"@id\":\"https:\/\/ontarioplace.com\/fr\/carrieres\/#breadcrumb\",\"itemListElement\":[{\"@type\":\"ListItem\",\"position\":1,\"name\":\"Home\",\"item\":\"https:\/\/ontarioplace.com\/fr\/\"},{\"@type\":\"ListItem\",\"position\":2,\"name\":\"Carri\u00e8res\"}]},{\"@type\":\"WebSite\",\"@id\":\"https:\/\/ontarioplace.com\/en\/#website\",\"url\":\"https:\/\/ontarioplace.com\/en\/\",\"name\":\"Ontario Place\",\"description\":\"Ontario Place, Ontario, events, Toronto, live music, concerts, films, Cinesphere, IMAX, screenings, IMAX screenings, Cin\u00e9sphere, Place de l&#039;Ontario\",\"potentialAction\":[{\"@type\":\"SearchAction\",\"target\":{\"@type\":\"EntryPoint\",\"urlTemplate\":\"https:\/\/ontarioplace.com\/en\/?s={search_term_string}\"},\"query-input\":{\"@type\":\"PropertyValueSpecification\",\"valueRequired\":true,\"valueName\":\"search_term_string\"}}],\"inLanguage\":\"fr-FR\"}]}<\/script>\n<!-- \/ Yoast SEO plugin. -->","yoast_head_json":{"title":"Ontario Place - Carri\u00e8res","robots":{"index":"index","follow":"follow","max-snippet":"max-snippet:-1","max-image-preview":"max-image-preview:large","max-video-preview":"max-video-preview:-1"},"canonical":"https:\/\/ontarioplace.com\/fr\/carrieres\/","twitter_card":"summary_large_image","twitter_title":"Ontario Place - Carri\u00e8res","twitter_description":"Venez rejoindre notre \u00e9quipe ! Ontario Place n&#8217;embauche actuellement pour aucun poste. &nbsp; Existe-t-il des postes bilingues ? Les titres et descriptions de poste sont affich\u00e9s en anglais et en fran\u00e7ais seulement lorsqu&rsquo;un poste ...","twitter_image":"https:\/\/ontarioplace.com\/wp-content\/uploads\/2019\/04\/ontarioplace-cinesphere-intro-2.jpg","twitter_misc":{"Dur\u00e9e de lecture estim\u00e9e":"1 minute"},"schema":{"@context":"https:\/\/schema.org","@graph":[{"@type":"WebPage","@id":"https:\/\/ontarioplace.com\/fr\/carrieres\/","url":"https:\/\/ontarioplace.com\/fr\/carrieres\/","name":"Ontario Place - Carri\u00e8res","isPartOf":{"@id":"https:\/\/ontarioplace.com\/en\/#website"},"primaryImageOfPage":{"@id":"https:\/\/ontarioplace.com\/fr\/carrieres\/#primaryimage"},"image":{"@id":"https:\/\/ontarioplace.com\/fr\/carrieres\/#primaryimage"},"thumbnailUrl":"https:\/\/ontarioplace.com\/wp-content\/uploads\/2019\/04\/ontarioplace-cinesphere-intro-2.jpg","datePublished":"2017-06-13T15:01:48+00:00","dateModified":"2026-04-16T12:36:34+00:00","breadcrumb":{"@id":"https:\/\/ontarioplace.com\/fr\/carrieres\/#breadcrumb"},"inLanguage":"fr-FR","potentialAction":[{"@type":"ReadAction","target":["https:\/\/ontarioplace.com\/fr\/carrieres\/"]}]},{"@type":"ImageObject","inLanguage":"fr-FR","@id":"https:\/\/ontarioplace.com\/fr\/carrieres\/#primaryimage","url":"https:\/\/ontarioplace.com\/wp-content\/uploads\/2019\/04\/ontarioplace-cinesphere-intro-2.jpg","contentUrl":"https:\/\/ontarioplace.com\/wp-content\/uploads\/2019\/04\/ontarioplace-cinesphere-intro-2.jpg","width":2000,"height":761},{"@type":"BreadcrumbList","@id":"https:\/\/ontarioplace.com\/fr\/carrieres\/#breadcrumb","itemListElement":[{"@type":"ListItem","position":1,"name":"Home","item":"https:\/\/ontarioplace.com\/fr\/"},{"@type":"ListItem","position":2,"name":"Carri\u00e8res"}]},{"@type":"WebSite","@id":"https:\/\/ontarioplace.com\/en\/#website","url":"https:\/\/ontarioplace.com\/en\/","name":"Ontario Place","description":"Ontario Place, Ontario, events, Toronto, live music, concerts, films, Cinesphere, IMAX, screenings, IMAX screenings, Cin\u00e9sphere, Place de l&#039;Ontario","potentialAction":[{"@type":"SearchAction","target":{"@type":"EntryPoint","urlTemplate":"https:\/\/ontarioplace.com\/en\/?s={search_term_string}"},"query-input":{"@type":"PropertyValueSpecification","valueRequired":true,"valueName":"search_term_string"}}],"inLanguage":"fr-FR"}]}},"_links":{"self":[{"href":"https:\/\/ontarioplace.com\/fr\/wp-json\/wp\/v2\/pages\/426","targetHints":{"allow":["GET"]}}],"collection":[{"href":"https:\/\/ontarioplace.com\/fr\/wp-json\/wp\/v2\/pages"}],"about":[{"href":"https:\/\/ontarioplace.com\/fr\/wp-json\/wp\/v2\/types\/page"}],"author":[{"embeddable":true,"href":"https:\/\/ontarioplace.com\/fr\/wp-json\/wp\/v2\/users\/2"}],"replies":[{"embeddable":true,"href":"https:\/\/ontarioplace.com\/fr\/wp-json\/wp\/v2\/comments?post=426"}],"version-history":[{"count":13,"href":"https:\/\/ontarioplace.com\/fr\/wp-json\/wp\/v2\/pages\/426\/revisions"}],"predecessor-version":[{"id":54476,"href":"https:\/\/ontarioplace.com\/fr\/wp-json\/wp\/v2\/pages\/426\/revisions\/54476"}],"wp:featuredmedia":[{"embeddable":true,"href":"https:\/\/ontarioplace.com\/fr\/wp-json\/wp\/v2\/media\/29095"}],"wp:attachment":[{"href":"https:\/\/ontarioplace.com\/fr\/wp-json\/wp\/v2\/media?parent=426"}],"curies":[{"name":"wp","href":"https:\/\/api.w.org\/{rel}","templated":true}]}}