{"id":431,"date":"2017-06-13T15:10:19","date_gmt":"2017-06-13T15:10:19","guid":{"rendered":"https:\/\/ontplace.148.113.200.80.sslip.io\/\/?page_id=431"},"modified":"2026-03-10T15:00:27","modified_gmt":"2026-03-10T19:00:27","slug":"presse-et-medias","status":"publish","type":"page","link":"https:\/\/ontarioplace.com\/fr\/presse-et-medias\/","title":{"rendered":"Presse et m\u00e9dias"},"content":{"rendered":"<ul>\n<li><a href=\"https:\/\/ontarioplace.com\/wp-content\/uploads\/2026\/03\/Lumiere2026_Press-ReleaseFR_FINAL.pdf\">Lumi\u00e8re : l&rsquo;art de l&rsquo;illumination est de retour au parc Trillium<\/a>(12 janvier 2025)<\/li>\n<li><a href=\"https:\/\/ontarioplace.com\/wp-content\/uploads\/2024\/06\/SummerSeries2024_NewsRelease_French.pdf\">Le FestivalEstival au parc Trillium revient \u00e0 la Place de l&rsquo;Ontario<\/a>(5 juin 2024)<\/li>\n<li><a href=\"https:\/\/ontarioplace.com\/wp-content\/uploads\/2023\/07\/SummerSeries-Media-Advisory-FINAL_FR.pdf\">Le FestivalEstival au parc Trillium organise huit fins de semaine de musique en direct et de bien-\u00eatre cet \u00e9t\u00e9 <\/a>(13 juin 2023)<\/li>\n<li><a href=\"https:\/\/ontarioplace.com\/wp-content\/uploads\/2023\/02\/Lumiere-lart-de-lillumination-brille-de-mille-feux-dans-le-parc-Trillium-_FINAL_FR.pdf\">Lumi\u00e8re l&rsquo;art de l&rsquo;illumination brille de mille feux dans le parc Trillium<\/a> (7 f\u00e9vrier 2023)<\/li>\n<li><a href=\"https:\/\/ontarioplace.com\/wp-content\/uploads\/2020\/06\/L%E2%80%99exposition-Lumie%CC%80re-en-hiver-de-retour-a%CC%80-la-Place-de-l%E2%80%99Ontario-24-jan-2020.pdf\">L&rsquo;exposition Lumie\u0300re en hiver de retour a\u0300 la Place de l&rsquo;Ontario<\/a> (24 janvier 2020)<\/li>\n<li><a href=\"https:\/\/ontarioplace.com\/wp-content\/uploads\/2020\/06\/La-Cine%CC%81sphe%CC%80re-s%E2%80%99appre%CC%82te-a%CC%80-accueillir-une-pre%CC%81sentation-spe%CC%81ciale-des-%C2%AB%E2%80%89films-en-70-mm-de-Christopher-Nolan%E2%80%89%C2%BB-coups-de-c%C5%93ur-des-critiques-et-des-fans-a%CC%80-compter-du-7-fe%CC%81vrier-24-jan-2020.pdf\">La Cine\u0301sphe\u0300re s&rsquo;appre\u0302te a\u0300 accueillir une pre\u0301sentation spe\u0301ciale des \u00ab\u2009films en 70 mm de Christopher Nolan \u00bb coups-de-c\u0153ur des critiques et des fans a\u0300 compter du 7 fe\u0301vrier<\/a> (24 janvier 2020)<\/li>\n<li><a href=\"https:\/\/ontarioplace.com\/wp-content\/uploads\/2020\/06\/La-se\u0301rie-de-films-de-la-Cine\u0301sphe\u0300re-est-de-retour-avec-les-coups-de-coeur-classiques-22-oct-2019.pdf\">La Place de l&rsquo;Ontario propose aux visiteurs des activit\u00e9s d&rsquo;automne excitantes : cours de yoga gratuits, cours de peinture, spectacles de jazz, location de p\u00e9dalos et de Segways, projections de films \u00e0 la Cin\u00e9sph\u00e8re et bien plus encore&#8230; <\/a>\u00a0(5 septembre 2019)<\/li>\n<li><a href=\"https:\/\/ontarioplace.com\/wp-content\/uploads\/2020\/06\/Appel-a%CC%80-tous-les-artistes-%E2%80%93-Exposition-Lumie%CC%80re-en-hiver-a%CC%80-la-Place-de-lOntario-9-oct-2019.pdf\">Appel a\u0300 tous les artistes &#8211; Exposition Lumie\u0300re en hiver a\u0300 la Place de l&rsquo;Ontario<\/a> (9 octobre, 2019)<\/li>\n<li><a href=\"https:\/\/ontarioplace.com\/wp-content\/uploads\/2020\/06\/LA-PLACE-DE-L'ONTARIO-INTRODUIT-DES-DIMANCHES-JAZZE\u0301S-AU-CASSE-CROU\u0302TE-VISTA-A\u0300-COMPTER-DU-16-JUIN-7-juin-2019.pdf\">La Place de l&rsquo;Ontario Introduit des Dimanches Jazzes au Casse Croute Vista a Compter du 16 juin<\/a>\u00a0(7\u00a0juin 2019)<\/li>\n<li><a href=\"https:\/\/ontarioplace.com\/wp-content\/uploads\/2020\/06\/La-Place-de-l'Ontario-offre-des-billets-gratuits-pour-le-visionnement-des-films-North-of-Superior-et-Beautiful-Planet-a\u0300-la-Cine\u0301sphe\u0300re-a\u0300-l'occasion-de-la-fe\u0302te-du-Canada-20-juin-2019.pdf\">La Place de l&rsquo;Ontario offre des billets gratuits pour le visionnement des films North of Superior et Beautiful Planet a\u0300 la Cine\u0301sphe\u0300re a\u0300 l&rsquo;occasion de la fe\u0302te du Canada <\/a>(20 juin 2019)<\/li>\n<\/ul>\n","protected":false},"excerpt":{"rendered":"<p>Lumi\u00e8re : l&rsquo;art de l&rsquo;illumination est de retour au parc Trillium(12 janvier 2025)<br \/>\nLe FestivalEstival au parc Trillium revient \u00e0 la Place de l&rsquo;Ontario(5 juin 2024)<br \/>\nLe FestivalEstival au parc Trillium organise &#8230;<\/p>\n","protected":false},"author":2,"featured_media":33946,"parent":0,"menu_order":2,"comment_status":"closed","ping_status":"closed","template":"","meta":{"_acf_changed":false,"_price":"","_stock":"","_tribe_ticket_header":"","_tribe_default_ticket_provider":"","_tribe_ticket_capacity":"0","_ticket_start_date":"","_ticket_end_date":"","_tribe_ticket_show_description":"","_tribe_ticket_show_not_going":false,"_tribe_ticket_use_global_stock":"","_tribe_ticket_global_stock_level":"","_global_stock_mode":"","_global_stock_cap":"","_tribe_rsvp_for_event":"","_tribe_ticket_going_count":"","_tribe_ticket_not_going_count":"","_tribe_tickets_list":"[]","_tribe_ticket_has_attendee_info_fields":false,"footnotes":""},"class_list":["post-431","page","type-page","status-publish","has-post-thumbnail","hentry"],"acf":[],"yoast_head":"<!-- This site is optimized with the Yoast SEO plugin v27.2 - https:\/\/yoast.com\/product\/yoast-seo-wordpress\/ -->\n<title>Ontario Place - Presse et m\u00e9dias<\/title>\n<meta name=\"robots\" content=\"index, follow, max-snippet:-1, max-image-preview:large, max-video-preview:-1\" \/>\n<link rel=\"canonical\" href=\"https:\/\/ontarioplace.com\/fr\/presse-et-medias\/\" \/>\n<meta name=\"twitter:card\" content=\"summary_large_image\" \/>\n<meta name=\"twitter:title\" content=\"Ontario Place - Presse et m\u00e9dias\" \/>\n<meta name=\"twitter:description\" content=\"Lumi\u00e8re : l&rsquo;art de l&rsquo;illumination est de retour au parc Trillium(12 janvier 2025) Le FestivalEstival au parc Trillium revient \u00e0 la Place de l&rsquo;Ontario(5 juin 2024) Le FestivalEstival au parc Trillium organise ...\" \/>\n<meta name=\"twitter:image\" content=\"https:\/\/ontarioplace.com\/wp-content\/uploads\/2017\/08\/Cinesphere-image-for-website-1-scaled.jpg\" \/>\n<meta name=\"twitter:label1\" content=\"Dur\u00e9e de lecture estim\u00e9e\" \/>\n\t<meta name=\"twitter:data1\" content=\"2 minutes\" \/>\n<script type=\"application\/ld+json\" class=\"yoast-schema-graph\">{\"@context\":\"https:\/\/schema.org\",\"@graph\":[{\"@type\":\"WebPage\",\"@id\":\"https:\/\/ontarioplace.com\/fr\/presse-et-medias\/\",\"url\":\"https:\/\/ontarioplace.com\/fr\/presse-et-medias\/\",\"name\":\"Ontario Place - Presse et m\u00e9dias\",\"isPartOf\":{\"@id\":\"https:\/\/ontarioplace.com\/en\/#website\"},\"primaryImageOfPage\":{\"@id\":\"https:\/\/ontarioplace.com\/fr\/presse-et-medias\/#primaryimage\"},\"image\":{\"@id\":\"https:\/\/ontarioplace.com\/fr\/presse-et-medias\/#primaryimage\"},\"thumbnailUrl\":\"https:\/\/ontarioplace.com\/wp-content\/uploads\/2017\/08\/Cinesphere-image-for-website-1-scaled.jpg\",\"datePublished\":\"2017-06-13T15:10:19+00:00\",\"dateModified\":\"2026-03-10T19:00:27+00:00\",\"breadcrumb\":{\"@id\":\"https:\/\/ontarioplace.com\/fr\/presse-et-medias\/#breadcrumb\"},\"inLanguage\":\"fr-FR\",\"potentialAction\":[{\"@type\":\"ReadAction\",\"target\":[\"https:\/\/ontarioplace.com\/fr\/presse-et-medias\/\"]}]},{\"@type\":\"ImageObject\",\"inLanguage\":\"fr-FR\",\"@id\":\"https:\/\/ontarioplace.com\/fr\/presse-et-medias\/#primaryimage\",\"url\":\"https:\/\/ontarioplace.com\/wp-content\/uploads\/2017\/08\/Cinesphere-image-for-website-1-scaled.jpg\",\"contentUrl\":\"https:\/\/ontarioplace.com\/wp-content\/uploads\/2017\/08\/Cinesphere-image-for-website-1-scaled.jpg\",\"width\":2560,\"height\":946},{\"@type\":\"BreadcrumbList\",\"@id\":\"https:\/\/ontarioplace.com\/fr\/presse-et-medias\/#breadcrumb\",\"itemListElement\":[{\"@type\":\"ListItem\",\"position\":1,\"name\":\"Home\",\"item\":\"https:\/\/ontarioplace.com\/fr\/\"},{\"@type\":\"ListItem\",\"position\":2,\"name\":\"Presse et m\u00e9dias\"}]},{\"@type\":\"WebSite\",\"@id\":\"https:\/\/ontarioplace.com\/en\/#website\",\"url\":\"https:\/\/ontarioplace.com\/en\/\",\"name\":\"Ontario Place\",\"description\":\"Ontario Place, Ontario, events, Toronto, live music, concerts, films, Cinesphere, IMAX, screenings, IMAX screenings, Cin\u00e9sphere, Place de l&#039;Ontario\",\"potentialAction\":[{\"@type\":\"SearchAction\",\"target\":{\"@type\":\"EntryPoint\",\"urlTemplate\":\"https:\/\/ontarioplace.com\/en\/?s={search_term_string}\"},\"query-input\":{\"@type\":\"PropertyValueSpecification\",\"valueRequired\":true,\"valueName\":\"search_term_string\"}}],\"inLanguage\":\"fr-FR\"}]}<\/script>\n<!-- \/ Yoast SEO plugin. -->","yoast_head_json":{"title":"Ontario Place - Presse et m\u00e9dias","robots":{"index":"index","follow":"follow","max-snippet":"max-snippet:-1","max-image-preview":"max-image-preview:large","max-video-preview":"max-video-preview:-1"},"canonical":"https:\/\/ontarioplace.com\/fr\/presse-et-medias\/","twitter_card":"summary_large_image","twitter_title":"Ontario Place - Presse et m\u00e9dias","twitter_description":"Lumi\u00e8re : l&rsquo;art de l&rsquo;illumination est de retour au parc Trillium(12 janvier 2025) Le FestivalEstival au parc Trillium revient \u00e0 la Place de l&rsquo;Ontario(5 juin 2024) Le FestivalEstival au parc Trillium organise ...","twitter_image":"https:\/\/ontarioplace.com\/wp-content\/uploads\/2017\/08\/Cinesphere-image-for-website-1-scaled.jpg","twitter_misc":{"Dur\u00e9e de lecture estim\u00e9e":"2 minutes"},"schema":{"@context":"https:\/\/schema.org","@graph":[{"@type":"WebPage","@id":"https:\/\/ontarioplace.com\/fr\/presse-et-medias\/","url":"https:\/\/ontarioplace.com\/fr\/presse-et-medias\/","name":"Ontario Place - Presse et m\u00e9dias","isPartOf":{"@id":"https:\/\/ontarioplace.com\/en\/#website"},"primaryImageOfPage":{"@id":"https:\/\/ontarioplace.com\/fr\/presse-et-medias\/#primaryimage"},"image":{"@id":"https:\/\/ontarioplace.com\/fr\/presse-et-medias\/#primaryimage"},"thumbnailUrl":"https:\/\/ontarioplace.com\/wp-content\/uploads\/2017\/08\/Cinesphere-image-for-website-1-scaled.jpg","datePublished":"2017-06-13T15:10:19+00:00","dateModified":"2026-03-10T19:00:27+00:00","breadcrumb":{"@id":"https:\/\/ontarioplace.com\/fr\/presse-et-medias\/#breadcrumb"},"inLanguage":"fr-FR","potentialAction":[{"@type":"ReadAction","target":["https:\/\/ontarioplace.com\/fr\/presse-et-medias\/"]}]},{"@type":"ImageObject","inLanguage":"fr-FR","@id":"https:\/\/ontarioplace.com\/fr\/presse-et-medias\/#primaryimage","url":"https:\/\/ontarioplace.com\/wp-content\/uploads\/2017\/08\/Cinesphere-image-for-website-1-scaled.jpg","contentUrl":"https:\/\/ontarioplace.com\/wp-content\/uploads\/2017\/08\/Cinesphere-image-for-website-1-scaled.jpg","width":2560,"height":946},{"@type":"BreadcrumbList","@id":"https:\/\/ontarioplace.com\/fr\/presse-et-medias\/#breadcrumb","itemListElement":[{"@type":"ListItem","position":1,"name":"Home","item":"https:\/\/ontarioplace.com\/fr\/"},{"@type":"ListItem","position":2,"name":"Presse et m\u00e9dias"}]},{"@type":"WebSite","@id":"https:\/\/ontarioplace.com\/en\/#website","url":"https:\/\/ontarioplace.com\/en\/","name":"Ontario Place","description":"Ontario Place, Ontario, events, Toronto, live music, concerts, films, Cinesphere, IMAX, screenings, IMAX screenings, Cin\u00e9sphere, Place de l&#039;Ontario","potentialAction":[{"@type":"SearchAction","target":{"@type":"EntryPoint","urlTemplate":"https:\/\/ontarioplace.com\/en\/?s={search_term_string}"},"query-input":{"@type":"PropertyValueSpecification","valueRequired":true,"valueName":"search_term_string"}}],"inLanguage":"fr-FR"}]}},"_links":{"self":[{"href":"https:\/\/ontarioplace.com\/fr\/wp-json\/wp\/v2\/pages\/431","targetHints":{"allow":["GET"]}}],"collection":[{"href":"https:\/\/ontarioplace.com\/fr\/wp-json\/wp\/v2\/pages"}],"about":[{"href":"https:\/\/ontarioplace.com\/fr\/wp-json\/wp\/v2\/types\/page"}],"author":[{"embeddable":true,"href":"https:\/\/ontarioplace.com\/fr\/wp-json\/wp\/v2\/users\/2"}],"replies":[{"embeddable":true,"href":"https:\/\/ontarioplace.com\/fr\/wp-json\/wp\/v2\/comments?post=431"}],"version-history":[{"count":3,"href":"https:\/\/ontarioplace.com\/fr\/wp-json\/wp\/v2\/pages\/431\/revisions"}],"predecessor-version":[{"id":54390,"href":"https:\/\/ontarioplace.com\/fr\/wp-json\/wp\/v2\/pages\/431\/revisions\/54390"}],"wp:featuredmedia":[{"embeddable":true,"href":"https:\/\/ontarioplace.com\/fr\/wp-json\/wp\/v2\/media\/33946"}],"wp:attachment":[{"href":"https:\/\/ontarioplace.com\/fr\/wp-json\/wp\/v2\/media?parent=431"}],"curies":[{"name":"wp","href":"https:\/\/api.w.org\/{rel}","templated":true}]}}