{"id":436,"date":"2017-06-13T15:19:30","date_gmt":"2017-06-13T15:19:30","guid":{"rendered":"https:\/\/ontplace.148.113.200.80.sslip.io\/\/?page_id=436"},"modified":"2025-11-19T08:48:17","modified_gmt":"2025-11-19T13:48:17","slug":"contactez-nous","status":"publish","type":"page","link":"https:\/\/ontarioplace.com\/fr\/contactez-nous\/","title":{"rendered":"Contactez-nous"},"content":{"rendered":"<p>La Place de l&rsquo;Ontario<br \/>\n955, boulevard Lakeshore Ouest<br \/>\nToronto, Ontario<br \/>\nM6K 3B9<\/p>\n<p>T\u00e9l\u00e9phone: 416-314-9900<\/p>\n<p>Pour nous aider \u00e0 mieux vous servir, veuillez trouver ci-dessous la cat\u00e9gorie ou le service qui correspond le mieux \u00e0 votre demande.<\/p>\n<hr \/>\n<ul>\n<li style=\"list-style-type: none;\">\n<ul>\n<li style=\"list-style-type: none;\"><\/li>\n<\/ul>\n<\/li>\n<\/ul>\n<ul>\n<li><strong>Pour les demandes de location de site<\/strong><br \/>\nSoumettez le\u00a0<a href=\"https:\/\/ontarioplace.com\/fr\/formulaire-de-demande-de-reservation\/\">Formulaire de Demande de R\u00e9servation<\/a><\/li>\n<li><b>Demandes de renseignements des m\u00e9dias<\/b><br \/>\nCourriel: <a href=\"mailto:opinfo@ontario.ca\">opinfo@ontario.ca<\/a><\/li>\n<li><b>Bureau de la s\u00e9curit\u00e9<\/b><br \/>\nT\u00e9l.: <a href=\"&quot;tel:4163149900\">416-314-9900<\/a><\/li>\n<li><b>Ligne d&rsquo;information g\u00e9n\u00e9rale \/ Service \u00e0 la client\u00e8le<br \/>\n<\/b>Tel:\u00a0<a href=\"tel:416-314-9900\">416-314-9900<\/a><br \/>\nCourriel: <a href=\"mailto:opinfo@ontario.ca\">opinfo@ontario.ca<\/a><\/li>\n<li><b> (Live Nation) (RBC Amphitheatre)<\/b><br \/>\nT\u00e9l.: <a href=\"tel:4162605700\">416-260-5700<\/a><br \/>\nCourriel: <a href=\"mailto:infotoronto@livenation.com\">infotoronto@livenation.com<\/a><\/li>\n<\/ul>\n","protected":false},"excerpt":{"rendered":"<p>La Place de l&rsquo;Ontario<br \/>\n955, boulevard Lakeshore Ouest<br \/>\nToronto, Ontario<br \/>\nM6K 3B9<br \/>\nT\u00e9l\u00e9phone: 416-314-9900<br \/>\nPour nous aider \u00e0 mieux vous servir, veuillez trouver ci-dessous la cat\u00e9gorie ou le service qui correspond le mieux \u00e0 votre &#8230;<\/p>\n","protected":false},"author":2,"featured_media":38134,"parent":0,"menu_order":1,"comment_status":"closed","ping_status":"closed","template":"","meta":{"_acf_changed":false,"_price":"","_stock":"","_tribe_ticket_header":"","_tribe_default_ticket_provider":"","_tribe_ticket_capacity":"0","_ticket_start_date":"","_ticket_end_date":"","_tribe_ticket_show_description":"","_tribe_ticket_show_not_going":false,"_tribe_ticket_use_global_stock":"","_tribe_ticket_global_stock_level":"","_global_stock_mode":"","_global_stock_cap":"","_tribe_rsvp_for_event":"","_tribe_ticket_going_count":"","_tribe_ticket_not_going_count":"","_tribe_tickets_list":"[]","_tribe_ticket_has_attendee_info_fields":false,"footnotes":""},"class_list":["post-436","page","type-page","status-publish","has-post-thumbnail","hentry"],"acf":[],"yoast_head":"<!-- This site is optimized with the Yoast SEO plugin v27.2 - https:\/\/yoast.com\/product\/yoast-seo-wordpress\/ -->\n<title>Ontario Place - Contactez-nous<\/title>\n<meta name=\"robots\" content=\"index, follow, max-snippet:-1, max-image-preview:large, max-video-preview:-1\" \/>\n<link rel=\"canonical\" href=\"https:\/\/ontarioplace.com\/fr\/contactez-nous\/\" \/>\n<meta name=\"twitter:card\" content=\"summary_large_image\" \/>\n<meta name=\"twitter:title\" content=\"Ontario Place - Contactez-nous\" \/>\n<meta name=\"twitter:description\" content=\"La Place de l&rsquo;Ontario 955, boulevard Lakeshore Ouest Toronto, Ontario M6K 3B9 T\u00e9l\u00e9phone: 416-314-9900 Pour nous aider \u00e0 mieux vous servir, veuillez trouver ci-dessous la cat\u00e9gorie ou le service qui correspond le mieux \u00e0 votre ...\" \/>\n<meta name=\"twitter:image\" content=\"https:\/\/ontarioplace.com\/wp-content\/uploads\/2019\/04\/20180729205241OntarioPlace-AndrewWilliamson5126-e1554145635923.jpg\" \/>\n<meta name=\"twitter:label1\" content=\"Dur\u00e9e de lecture estim\u00e9e\" \/>\n\t<meta name=\"twitter:data1\" content=\"1 minute\" \/>\n<script type=\"application\/ld+json\" class=\"yoast-schema-graph\">{\"@context\":\"https:\/\/schema.org\",\"@graph\":[{\"@type\":\"WebPage\",\"@id\":\"https:\/\/ontarioplace.com\/fr\/contactez-nous\/\",\"url\":\"https:\/\/ontarioplace.com\/fr\/contactez-nous\/\",\"name\":\"Ontario Place - Contactez-nous\",\"isPartOf\":{\"@id\":\"https:\/\/ontarioplace.com\/en\/#website\"},\"primaryImageOfPage\":{\"@id\":\"https:\/\/ontarioplace.com\/fr\/contactez-nous\/#primaryimage\"},\"image\":{\"@id\":\"https:\/\/ontarioplace.com\/fr\/contactez-nous\/#primaryimage\"},\"thumbnailUrl\":\"https:\/\/ontarioplace.com\/wp-content\/uploads\/2019\/04\/20180729205241OntarioPlace-AndrewWilliamson5126-e1554145635923.jpg\",\"datePublished\":\"2017-06-13T15:19:30+00:00\",\"dateModified\":\"2025-11-19T13:48:17+00:00\",\"breadcrumb\":{\"@id\":\"https:\/\/ontarioplace.com\/fr\/contactez-nous\/#breadcrumb\"},\"inLanguage\":\"fr-FR\",\"potentialAction\":[{\"@type\":\"ReadAction\",\"target\":[\"https:\/\/ontarioplace.com\/fr\/contactez-nous\/\"]}]},{\"@type\":\"ImageObject\",\"inLanguage\":\"fr-FR\",\"@id\":\"https:\/\/ontarioplace.com\/fr\/contactez-nous\/#primaryimage\",\"url\":\"https:\/\/ontarioplace.com\/wp-content\/uploads\/2019\/04\/20180729205241OntarioPlace-AndrewWilliamson5126-e1554145635923.jpg\",\"contentUrl\":\"https:\/\/ontarioplace.com\/wp-content\/uploads\/2019\/04\/20180729205241OntarioPlace-AndrewWilliamson5126-e1554145635923.jpg\",\"width\":2392,\"height\":1791},{\"@type\":\"BreadcrumbList\",\"@id\":\"https:\/\/ontarioplace.com\/fr\/contactez-nous\/#breadcrumb\",\"itemListElement\":[{\"@type\":\"ListItem\",\"position\":1,\"name\":\"Home\",\"item\":\"https:\/\/ontarioplace.com\/fr\/\"},{\"@type\":\"ListItem\",\"position\":2,\"name\":\"Contactez-nous\"}]},{\"@type\":\"WebSite\",\"@id\":\"https:\/\/ontarioplace.com\/en\/#website\",\"url\":\"https:\/\/ontarioplace.com\/en\/\",\"name\":\"Ontario Place\",\"description\":\"Ontario Place, Ontario, events, Toronto, live music, concerts, films, Cinesphere, IMAX, screenings, IMAX screenings, Cin\u00e9sphere, Place de l&#039;Ontario\",\"potentialAction\":[{\"@type\":\"SearchAction\",\"target\":{\"@type\":\"EntryPoint\",\"urlTemplate\":\"https:\/\/ontarioplace.com\/en\/?s={search_term_string}\"},\"query-input\":{\"@type\":\"PropertyValueSpecification\",\"valueRequired\":true,\"valueName\":\"search_term_string\"}}],\"inLanguage\":\"fr-FR\"}]}<\/script>\n<!-- \/ Yoast SEO plugin. -->","yoast_head_json":{"title":"Ontario Place - Contactez-nous","robots":{"index":"index","follow":"follow","max-snippet":"max-snippet:-1","max-image-preview":"max-image-preview:large","max-video-preview":"max-video-preview:-1"},"canonical":"https:\/\/ontarioplace.com\/fr\/contactez-nous\/","twitter_card":"summary_large_image","twitter_title":"Ontario Place - Contactez-nous","twitter_description":"La Place de l&rsquo;Ontario 955, boulevard Lakeshore Ouest Toronto, Ontario M6K 3B9 T\u00e9l\u00e9phone: 416-314-9900 Pour nous aider \u00e0 mieux vous servir, veuillez trouver ci-dessous la cat\u00e9gorie ou le service qui correspond le mieux \u00e0 votre ...","twitter_image":"https:\/\/ontarioplace.com\/wp-content\/uploads\/2019\/04\/20180729205241OntarioPlace-AndrewWilliamson5126-e1554145635923.jpg","twitter_misc":{"Dur\u00e9e de lecture estim\u00e9e":"1 minute"},"schema":{"@context":"https:\/\/schema.org","@graph":[{"@type":"WebPage","@id":"https:\/\/ontarioplace.com\/fr\/contactez-nous\/","url":"https:\/\/ontarioplace.com\/fr\/contactez-nous\/","name":"Ontario Place - Contactez-nous","isPartOf":{"@id":"https:\/\/ontarioplace.com\/en\/#website"},"primaryImageOfPage":{"@id":"https:\/\/ontarioplace.com\/fr\/contactez-nous\/#primaryimage"},"image":{"@id":"https:\/\/ontarioplace.com\/fr\/contactez-nous\/#primaryimage"},"thumbnailUrl":"https:\/\/ontarioplace.com\/wp-content\/uploads\/2019\/04\/20180729205241OntarioPlace-AndrewWilliamson5126-e1554145635923.jpg","datePublished":"2017-06-13T15:19:30+00:00","dateModified":"2025-11-19T13:48:17+00:00","breadcrumb":{"@id":"https:\/\/ontarioplace.com\/fr\/contactez-nous\/#breadcrumb"},"inLanguage":"fr-FR","potentialAction":[{"@type":"ReadAction","target":["https:\/\/ontarioplace.com\/fr\/contactez-nous\/"]}]},{"@type":"ImageObject","inLanguage":"fr-FR","@id":"https:\/\/ontarioplace.com\/fr\/contactez-nous\/#primaryimage","url":"https:\/\/ontarioplace.com\/wp-content\/uploads\/2019\/04\/20180729205241OntarioPlace-AndrewWilliamson5126-e1554145635923.jpg","contentUrl":"https:\/\/ontarioplace.com\/wp-content\/uploads\/2019\/04\/20180729205241OntarioPlace-AndrewWilliamson5126-e1554145635923.jpg","width":2392,"height":1791},{"@type":"BreadcrumbList","@id":"https:\/\/ontarioplace.com\/fr\/contactez-nous\/#breadcrumb","itemListElement":[{"@type":"ListItem","position":1,"name":"Home","item":"https:\/\/ontarioplace.com\/fr\/"},{"@type":"ListItem","position":2,"name":"Contactez-nous"}]},{"@type":"WebSite","@id":"https:\/\/ontarioplace.com\/en\/#website","url":"https:\/\/ontarioplace.com\/en\/","name":"Ontario Place","description":"Ontario Place, Ontario, events, Toronto, live music, concerts, films, Cinesphere, IMAX, screenings, IMAX screenings, Cin\u00e9sphere, Place de l&#039;Ontario","potentialAction":[{"@type":"SearchAction","target":{"@type":"EntryPoint","urlTemplate":"https:\/\/ontarioplace.com\/en\/?s={search_term_string}"},"query-input":{"@type":"PropertyValueSpecification","valueRequired":true,"valueName":"search_term_string"}}],"inLanguage":"fr-FR"}]}},"_links":{"self":[{"href":"https:\/\/ontarioplace.com\/fr\/wp-json\/wp\/v2\/pages\/436","targetHints":{"allow":["GET"]}}],"collection":[{"href":"https:\/\/ontarioplace.com\/fr\/wp-json\/wp\/v2\/pages"}],"about":[{"href":"https:\/\/ontarioplace.com\/fr\/wp-json\/wp\/v2\/types\/page"}],"author":[{"embeddable":true,"href":"https:\/\/ontarioplace.com\/fr\/wp-json\/wp\/v2\/users\/2"}],"replies":[{"embeddable":true,"href":"https:\/\/ontarioplace.com\/fr\/wp-json\/wp\/v2\/comments?post=436"}],"version-history":[{"count":2,"href":"https:\/\/ontarioplace.com\/fr\/wp-json\/wp\/v2\/pages\/436\/revisions"}],"predecessor-version":[{"id":53956,"href":"https:\/\/ontarioplace.com\/fr\/wp-json\/wp\/v2\/pages\/436\/revisions\/53956"}],"wp:featuredmedia":[{"embeddable":true,"href":"https:\/\/ontarioplace.com\/fr\/wp-json\/wp\/v2\/media\/38134"}],"wp:attachment":[{"href":"https:\/\/ontarioplace.com\/fr\/wp-json\/wp\/v2\/media?parent=436"}],"curies":[{"name":"wp","href":"https:\/\/api.w.org\/{rel}","templated":true}]}}