{"id":438,"date":"2017-06-13T15:22:29","date_gmt":"2017-06-13T15:22:29","guid":{"rendered":"https:\/\/ontplace.148.113.200.80.sslip.io\/\/?page_id=438"},"modified":"2026-02-05T09:24:30","modified_gmt":"2026-02-05T14:24:30","slug":"visitez-nous","status":"publish","type":"page","link":"https:\/\/ontarioplace.com\/fr\/visitez-nous\/","title":{"rendered":"Comment se rendre"},"content":{"rendered":"<p>Ontario Place abrite le parc Trillium, situ\u00e9 au 955, boulevard Lake Shore Ouest. Les visiteurs \u00e0 pied peuvent acc\u00e9der au parc Trillium par le sentier Martin Goodman, qui longe le boulevard Lake Shore \u00e0 travers le parc Coronation. Les visiteurs peuvent \u00e9galement acc\u00e9der au parc Trillium depuis le boulevard Lake Shore, en venant de l&rsquo;est ou de l&rsquo;ouest, par le parc Inukshuk.<\/p>\n<p>Il n&rsquo;y a pas de stationnement public sur le site. Pour trouver des stationnements \u00e0 proximit\u00e9, veuillez visiter le <a href=\"https:\/\/parking.greenp.com\/find-parking\/\">site web de Green P<\/a> <em>(veuillez noter que ce qui suit n&rsquo;est disponible qu&rsquo;en anglais. Pour voir en fran\u00e7ais, faites un clic droit et s\u00e9lectionnez \u00ab translate en fran\u00e7ais \u00bb)<\/em> ou le <a href=\"https:\/\/lots.impark.com\/imp\/en?latlng=,undefined&amp;q=%20undefined%20undefined\">site web d&rsquo;Impark<\/a> <em>(veuillez noter que ce qui suit n&rsquo;est disponible qu&rsquo;en anglais. Pour voir en fran\u00e7ais, faites un clic droit et s\u00e9lectionnez \u00ab translate en fran\u00e7ais \u00bb)<\/em>.<br \/>\n<!--\n\n\n<h2>INFORMATION IMPORTANTE CONCERNANT LES \u00c9V\u00c9NEMENTS AU BUDWEISER STAGE<\/h2>\n\n\nVous assistez \u00e0 un spectacle au Budweiser Stage? Assurez-vous de suivre <a href=\"https:\/\/www.instagram.com\/budweiserstage\/\">Budweiser Stage sur Instagram<\/a> <em>(veuillez noter que ce qui suit n'est disponible qu'en anglais)<\/em> ou <a href=\"https:\/\/www.budweiser-stage.com\/visit\">cliquez ici<\/a> <em>(veuillez noter que ce qui suit n'est disponible qu'en anglais. Pour voir en fran\u00e7ais, faites un clic droit et s\u00e9lectionnez \u00ab translate en fran\u00e7ais \u00bb)<\/em> pour plus d'informations.\nVeuillez noter qu'il n'y a <strong>AUCUN stationnement public disponible \u00e0 Ontario Place, sauf pour le stationnement accessible<\/strong> situ\u00e9 dans le stationnement 2, \u00e0 l'est des portes principales.\n\nUne zone de d\u00e9p\u00f4t\/prise en charge, ainsi qu'une zone pour les services de covoiturage et les taxis, se trouve \u00e9galement dans le stationnement 2, \u00e0 l'est des portes principales.\n\nPour votre s\u00e9curit\u00e9, veuillez emprunter les sentiers pi\u00e9tonniers d\u00e9sign\u00e9s.\n\nSi vous devez absolument vous rendre en voiture au site, du stationnement est disponible sur les terrains d'Exhibition Place ou dans le secteur de Liberty Village. Les stationnements publics peuvent \u00eatre trouv\u00e9s sur le <a href=\"https:\/\/parking.greenp.com\/find-parking\/\">site web de Green P<\/a> <em>(veuillez noter que ce qui suit n'est disponible qu'en anglais. Pour voir en fran\u00e7ais, faites un clic droit et s\u00e9lectionnez \u00ab translate en fran\u00e7ais \u00bb)\u00a0<\/em>ou le <a href=\"https:\/\/lots.impark.com\/imp\/en?latlng=,undefined&amp;q=%20undefined%20undefined\">site web d'Impark<\/a> <em>(veuillez noter que ce qui suit n'est disponible qu'en anglais. Pour voir en fran\u00e7ais, faites un clic droit et s\u00e9lectionnez \u00ab\u00a0translate en fran\u00e7ais\u00a0\u00bb)<\/em>.--><\/p>\n<h2><strong>Transport commun<\/strong><\/h2>\n<p>Le transport en commun est fortement recommand\u00e9. Visitez <a href=\"http:\/\/GOtransit.com\">GOtransit.com<\/a> <em>(veuillez noter que ce qui suit n&rsquo;est disponible qu&rsquo;en anglais. Pour voir en fran\u00e7ais, faites un clic droit et s\u00e9lectionnez \u00ab translate en fran\u00e7ais \u00bb)<\/em> ou <a href=\"http:\/\/ttc.ca\">ttc.ca<\/a> <em>(veuillez noter que ce qui suit n&rsquo;est disponible qu&rsquo;en anglais. Pour voir en fran\u00e7ais, faites un clic droit et s\u00e9lectionnez \u00ab translate en fran\u00e7ais \u00bb)<\/em> pour obtenir des informations sur les transports en commun.<\/p>\n<ul>\n<li><strong>Voyager en TTC<br \/>\n<\/strong>Les itin\u00e9raires suivants se trouvent \u00e0 10-15 minutes \u00e0 pied de la Place de l&rsquo;Ontario : 29, 63, 504B, 509, 511.<\/li>\n<li><strong>Voyager avec GO Transit<br \/>\n<\/strong>Prenez la ligne Lakeshore jusqu&rsquo;\u00e0 la station Exhibition GO et marchez\u00a0 vers le sud jusqu&rsquo;\u00e0 la Place de l&rsquo;Ontario.<\/li>\n<\/ul>\n<h2>Marcher<\/h2>\n<p>Ontario Place abrite le parc Trillium, situ\u00e9 au 955, boulevard Lake Shore Ouest. Les visiteurs \u00e0 pied peuvent acc\u00e9der au parc Trillium par le sentier Martin Goodman, qui longe le boulevard Lake Shore \u00e0 travers le parc Coronation. Les visiteurs peuvent \u00e9galement acc\u00e9der au parc Trillium depuis le boulevard Lake Shore, en venant de l&rsquo;est ou de l&rsquo;ouest, par le parc Inukshuk.<\/p>\n<h2>V\u00e9lo<\/h2>\n<p>Un stationnement pour v\u00e9los est disponible pr\u00e8s de l&rsquo;entr\u00e9e est pour pi\u00e9tons du site. Des stations de v\u00e9los en libre-service de Toronto sont \u00e9galement disponibles \u00e0 proximit\u00e9. Trouvez un <a href=\"https:\/\/bikesharetoronto.com\/system-map\/\" target=\"_blank\" rel=\"noopener\">emplacement de partage de v\u00e9los<\/a> <em>(veuillez noter que ce qui suit n&rsquo;est disponible qu&rsquo;en anglais. Pour voir en fran\u00e7ais, faites un clic droit et s\u00e9lectionnez \u00ab translate en fran\u00e7ais \u00bb)<\/em> pr\u00e8s de la Place de l&rsquo;Ontario.<\/p>\n","protected":false},"excerpt":{"rendered":"<p>Ontario Place abrite le parc Trillium, situ\u00e9 au 955, boulevard Lake Shore Ouest. Les visiteurs \u00e0 pied peuvent acc\u00e9der au parc Trillium par le sentier Martin Goodman, qui longe le &#8230;<\/p>\n","protected":false},"author":2,"featured_media":44216,"parent":0,"menu_order":0,"comment_status":"closed","ping_status":"closed","template":"","meta":{"_acf_changed":false,"_price":"","_stock":"","_tribe_ticket_header":"","_tribe_default_ticket_provider":"","_tribe_ticket_capacity":"0","_ticket_start_date":"","_ticket_end_date":"","_tribe_ticket_show_description":"","_tribe_ticket_show_not_going":false,"_tribe_ticket_use_global_stock":"","_tribe_ticket_global_stock_level":"","_global_stock_mode":"","_global_stock_cap":"","_tribe_rsvp_for_event":"","_tribe_ticket_going_count":"","_tribe_ticket_not_going_count":"","_tribe_tickets_list":"[]","_tribe_ticket_has_attendee_info_fields":false,"footnotes":""},"class_list":["post-438","page","type-page","status-publish","has-post-thumbnail","hentry"],"acf":[],"yoast_head":"<!-- This site is optimized with the Yoast SEO plugin v27.2 - https:\/\/yoast.com\/product\/yoast-seo-wordpress\/ -->\n<title>Ontario Place - Comment se rendre<\/title>\n<meta name=\"robots\" content=\"index, follow, max-snippet:-1, max-image-preview:large, max-video-preview:-1\" \/>\n<link rel=\"canonical\" href=\"https:\/\/ontarioplace.com\/fr\/visitez-nous\/\" \/>\n<meta name=\"twitter:card\" content=\"summary_large_image\" \/>\n<meta name=\"twitter:title\" content=\"Ontario Place - Comment se rendre\" \/>\n<meta name=\"twitter:description\" content=\"Ontario Place abrite le parc Trillium, situ\u00e9 au 955, boulevard Lake Shore Ouest. Les visiteurs \u00e0 pied peuvent acc\u00e9der au parc Trillium par le sentier Martin Goodman, qui longe le ...\" \/>\n<meta name=\"twitter:image\" content=\"https:\/\/ontarioplace.com\/wp-content\/uploads\/2021\/05\/20180729193027OntarioPlace-AndrewWilliamson5107-scaled.jpg\" \/>\n<meta name=\"twitter:label1\" content=\"Dur\u00e9e de lecture estim\u00e9e\" \/>\n\t<meta name=\"twitter:data1\" content=\"2 minutes\" \/>\n<script type=\"application\/ld+json\" class=\"yoast-schema-graph\">{\"@context\":\"https:\/\/schema.org\",\"@graph\":[{\"@type\":\"WebPage\",\"@id\":\"https:\/\/ontarioplace.com\/fr\/visitez-nous\/\",\"url\":\"https:\/\/ontarioplace.com\/fr\/visitez-nous\/\",\"name\":\"Ontario Place - Comment se rendre\",\"isPartOf\":{\"@id\":\"https:\/\/ontarioplace.com\/en\/#website\"},\"primaryImageOfPage\":{\"@id\":\"https:\/\/ontarioplace.com\/fr\/visitez-nous\/#primaryimage\"},\"image\":{\"@id\":\"https:\/\/ontarioplace.com\/fr\/visitez-nous\/#primaryimage\"},\"thumbnailUrl\":\"https:\/\/ontarioplace.com\/wp-content\/uploads\/2021\/05\/20180729193027OntarioPlace-AndrewWilliamson5107-scaled.jpg\",\"datePublished\":\"2017-06-13T15:22:29+00:00\",\"dateModified\":\"2026-02-05T14:24:30+00:00\",\"breadcrumb\":{\"@id\":\"https:\/\/ontarioplace.com\/fr\/visitez-nous\/#breadcrumb\"},\"inLanguage\":\"fr-FR\",\"potentialAction\":[{\"@type\":\"ReadAction\",\"target\":[\"https:\/\/ontarioplace.com\/fr\/visitez-nous\/\"]}]},{\"@type\":\"ImageObject\",\"inLanguage\":\"fr-FR\",\"@id\":\"https:\/\/ontarioplace.com\/fr\/visitez-nous\/#primaryimage\",\"url\":\"https:\/\/ontarioplace.com\/wp-content\/uploads\/2021\/05\/20180729193027OntarioPlace-AndrewWilliamson5107-scaled.jpg\",\"contentUrl\":\"https:\/\/ontarioplace.com\/wp-content\/uploads\/2021\/05\/20180729193027OntarioPlace-AndrewWilliamson5107-scaled.jpg\",\"width\":2560,\"height\":1706},{\"@type\":\"BreadcrumbList\",\"@id\":\"https:\/\/ontarioplace.com\/fr\/visitez-nous\/#breadcrumb\",\"itemListElement\":[{\"@type\":\"ListItem\",\"position\":1,\"name\":\"Home\",\"item\":\"https:\/\/ontarioplace.com\/fr\/\"},{\"@type\":\"ListItem\",\"position\":2,\"name\":\"Comment se rendre\"}]},{\"@type\":\"WebSite\",\"@id\":\"https:\/\/ontarioplace.com\/en\/#website\",\"url\":\"https:\/\/ontarioplace.com\/en\/\",\"name\":\"Ontario Place\",\"description\":\"Ontario Place, Ontario, events, Toronto, live music, concerts, films, Cinesphere, IMAX, screenings, IMAX screenings, Cin\u00e9sphere, Place de l&#039;Ontario\",\"potentialAction\":[{\"@type\":\"SearchAction\",\"target\":{\"@type\":\"EntryPoint\",\"urlTemplate\":\"https:\/\/ontarioplace.com\/en\/?s={search_term_string}\"},\"query-input\":{\"@type\":\"PropertyValueSpecification\",\"valueRequired\":true,\"valueName\":\"search_term_string\"}}],\"inLanguage\":\"fr-FR\"}]}<\/script>\n<!-- \/ Yoast SEO plugin. -->","yoast_head_json":{"title":"Ontario Place - Comment se rendre","robots":{"index":"index","follow":"follow","max-snippet":"max-snippet:-1","max-image-preview":"max-image-preview:large","max-video-preview":"max-video-preview:-1"},"canonical":"https:\/\/ontarioplace.com\/fr\/visitez-nous\/","twitter_card":"summary_large_image","twitter_title":"Ontario Place - Comment se rendre","twitter_description":"Ontario Place abrite le parc Trillium, situ\u00e9 au 955, boulevard Lake Shore Ouest. Les visiteurs \u00e0 pied peuvent acc\u00e9der au parc Trillium par le sentier Martin Goodman, qui longe le ...","twitter_image":"https:\/\/ontarioplace.com\/wp-content\/uploads\/2021\/05\/20180729193027OntarioPlace-AndrewWilliamson5107-scaled.jpg","twitter_misc":{"Dur\u00e9e de lecture estim\u00e9e":"2 minutes"},"schema":{"@context":"https:\/\/schema.org","@graph":[{"@type":"WebPage","@id":"https:\/\/ontarioplace.com\/fr\/visitez-nous\/","url":"https:\/\/ontarioplace.com\/fr\/visitez-nous\/","name":"Ontario Place - Comment se rendre","isPartOf":{"@id":"https:\/\/ontarioplace.com\/en\/#website"},"primaryImageOfPage":{"@id":"https:\/\/ontarioplace.com\/fr\/visitez-nous\/#primaryimage"},"image":{"@id":"https:\/\/ontarioplace.com\/fr\/visitez-nous\/#primaryimage"},"thumbnailUrl":"https:\/\/ontarioplace.com\/wp-content\/uploads\/2021\/05\/20180729193027OntarioPlace-AndrewWilliamson5107-scaled.jpg","datePublished":"2017-06-13T15:22:29+00:00","dateModified":"2026-02-05T14:24:30+00:00","breadcrumb":{"@id":"https:\/\/ontarioplace.com\/fr\/visitez-nous\/#breadcrumb"},"inLanguage":"fr-FR","potentialAction":[{"@type":"ReadAction","target":["https:\/\/ontarioplace.com\/fr\/visitez-nous\/"]}]},{"@type":"ImageObject","inLanguage":"fr-FR","@id":"https:\/\/ontarioplace.com\/fr\/visitez-nous\/#primaryimage","url":"https:\/\/ontarioplace.com\/wp-content\/uploads\/2021\/05\/20180729193027OntarioPlace-AndrewWilliamson5107-scaled.jpg","contentUrl":"https:\/\/ontarioplace.com\/wp-content\/uploads\/2021\/05\/20180729193027OntarioPlace-AndrewWilliamson5107-scaled.jpg","width":2560,"height":1706},{"@type":"BreadcrumbList","@id":"https:\/\/ontarioplace.com\/fr\/visitez-nous\/#breadcrumb","itemListElement":[{"@type":"ListItem","position":1,"name":"Home","item":"https:\/\/ontarioplace.com\/fr\/"},{"@type":"ListItem","position":2,"name":"Comment se rendre"}]},{"@type":"WebSite","@id":"https:\/\/ontarioplace.com\/en\/#website","url":"https:\/\/ontarioplace.com\/en\/","name":"Ontario Place","description":"Ontario Place, Ontario, events, Toronto, live music, concerts, films, Cinesphere, IMAX, screenings, IMAX screenings, Cin\u00e9sphere, Place de l&#039;Ontario","potentialAction":[{"@type":"SearchAction","target":{"@type":"EntryPoint","urlTemplate":"https:\/\/ontarioplace.com\/en\/?s={search_term_string}"},"query-input":{"@type":"PropertyValueSpecification","valueRequired":true,"valueName":"search_term_string"}}],"inLanguage":"fr-FR"}]}},"_links":{"self":[{"href":"https:\/\/ontarioplace.com\/fr\/wp-json\/wp\/v2\/pages\/438","targetHints":{"allow":["GET"]}}],"collection":[{"href":"https:\/\/ontarioplace.com\/fr\/wp-json\/wp\/v2\/pages"}],"about":[{"href":"https:\/\/ontarioplace.com\/fr\/wp-json\/wp\/v2\/types\/page"}],"author":[{"embeddable":true,"href":"https:\/\/ontarioplace.com\/fr\/wp-json\/wp\/v2\/users\/2"}],"replies":[{"embeddable":true,"href":"https:\/\/ontarioplace.com\/fr\/wp-json\/wp\/v2\/comments?post=438"}],"version-history":[{"count":4,"href":"https:\/\/ontarioplace.com\/fr\/wp-json\/wp\/v2\/pages\/438\/revisions"}],"predecessor-version":[{"id":54271,"href":"https:\/\/ontarioplace.com\/fr\/wp-json\/wp\/v2\/pages\/438\/revisions\/54271"}],"wp:featuredmedia":[{"embeddable":true,"href":"https:\/\/ontarioplace.com\/fr\/wp-json\/wp\/v2\/media\/44216"}],"wp:attachment":[{"href":"https:\/\/ontarioplace.com\/fr\/wp-json\/wp\/v2\/media?parent=438"}],"curies":[{"name":"wp","href":"https:\/\/api.w.org\/{rel}","templated":true}]}}