{"id":47269,"date":"2022-02-07T13:46:53","date_gmt":"2022-02-07T18:46:53","guid":{"rendered":"https:\/\/ontplace.148.113.200.80.sslip.io\/\/?page_id=47269"},"modified":"2025-04-23T11:39:46","modified_gmt":"2025-04-23T15:39:46","slug":"reservations-de-site","status":"publish","type":"page","link":"https:\/\/ontarioplace.com\/fr\/quoi-de-neuf\/reservations-de-site\/","title":{"rendered":"R\u00e9servations de site parc Trillium"},"content":{"rendered":"<p>Les r\u00e9servations de site ne sont pas valables pour des \u00e9v\u00e9nements, des activations et\/ou un usage commercial et ne garantissent pas une utilisation exclusive du site. Si vous avez besoin de l&rsquo;un des \u00e9l\u00e9ments ci-dessus, veuillez remplir la <a href=\"https:\/\/ontarioplace.com\/fr\/formulaire-de-demande-de-reservation\/\">demande de r\u00e9servation<\/a>.<\/p>\n<p><strong>Frais de r\u00e9servation de site :<\/strong>350 $ plus TVH<\/p>\n<h2>Comment r\u00e9server votre r\u00e9servation de site !<\/h2>\n<p>Pour r\u00e9server un site, veuillez contacter notre \u00e9quipe de r\u00e9servation \u00e0 <a href=\"mailto:opbooking@ontario.ca\">opbooking@ontario.ca<\/a><\/p>\n<h3>R\u00e8gles et directives de r\u00e9servation de site :<\/h3>\n<ul>\n<li>Les ballons, d\u00e9corations, panneaux, banni\u00e8res ou accessoires et\/ou cl\u00f4tures ne sont pas autoris\u00e9s.<\/li>\n<li>La musique amplifi\u00e9e, la sonorisation DJ, les m\u00e9gaphones et\/ou microphones ne sont pas autoris\u00e9s.<\/li>\n<li>Les v\u00e9hicules ne sont pas autoris\u00e9s sur place.<\/li>\n<li>L&rsquo;alcool n&rsquo;est pas autoris\u00e9.<\/li>\n<li>Les \u00e9v\u00e9nements payants ne sont pas autoris\u00e9s.<\/li>\n<li>La cuisson et la pr\u00e9paration des aliments ne sont pas autoris\u00e9es, y compris les barbecues, les grillades et tout autre moyen de cuisson\/pr\u00e9paration des aliments.<\/li>\n<li>L&rsquo;utilisation d&rsquo;une tente 10 x 10 est autoris\u00e9e ; Le jalonnement de la tente n&rsquo;est pas autoris\u00e9. La tente doit \u00eatre fournie par le titulaire de la r\u00e9servation.<\/li>\n<li>Le titulaire de la r\u00e9servation peut apporter ses propres tables et chaises pliantes.<\/li>\n<li>Le titulaire de la r\u00e9servation est responsable d&rsquo;\u00e9vacuer tous les d\u00e9chets et recyclages du site \u00e0 la fin de la r\u00e9servation du site.<\/li>\n<li>Les r\u00e9servations doivent \u00eatre effectu\u00e9es selon les plages horaires d\u00e9finies disponibles et peuvent \u00eatre r\u00e9serv\u00e9es pour plusieurs plages horaires si plus de temps est n\u00e9cessaire.<\/li>\n<li>Les plages horaires de r\u00e9servation sont de 11h00 \u00e0 15h00. et 16h00 \u00e0 20h00<\/li>\n<\/ul>\n","protected":false},"excerpt":{"rendered":"<p>Les r\u00e9servations de site ne sont pas valables pour des \u00e9v\u00e9nements, des activations et\/ou un usage commercial et ne garantissent pas une utilisation exclusive du site. Si vous avez besoin &#8230;<\/p>\n","protected":false},"author":3,"featured_media":33138,"parent":5392,"menu_order":0,"comment_status":"closed","ping_status":"closed","template":"","meta":{"_acf_changed":false,"_price":"","_stock":"","_tribe_ticket_header":"","_tribe_default_ticket_provider":"","_tribe_ticket_capacity":"0","_ticket_start_date":"","_ticket_end_date":"","_tribe_ticket_show_description":"","_tribe_ticket_show_not_going":false,"_tribe_ticket_use_global_stock":"","_tribe_ticket_global_stock_level":"","_global_stock_mode":"","_global_stock_cap":"","_tribe_rsvp_for_event":"","_tribe_ticket_going_count":"","_tribe_ticket_not_going_count":"","_tribe_tickets_list":"[]","_tribe_ticket_has_attendee_info_fields":false,"footnotes":""},"class_list":["post-47269","page","type-page","status-publish","has-post-thumbnail","hentry"],"acf":[],"yoast_head":"<!-- This site is optimized with the Yoast SEO plugin v27.2 - https:\/\/yoast.com\/product\/yoast-seo-wordpress\/ -->\n<title>Ontario Place - R\u00e9servations de site parc Trillium<\/title>\n<meta name=\"robots\" content=\"index, follow, max-snippet:-1, max-image-preview:large, max-video-preview:-1\" \/>\n<link rel=\"canonical\" href=\"https:\/\/ontarioplace.com\/fr\/quoi-de-neuf\/reservations-de-site\/\" \/>\n<meta name=\"twitter:card\" content=\"summary_large_image\" \/>\n<meta name=\"twitter:title\" content=\"Ontario Place - R\u00e9servations de site parc Trillium\" \/>\n<meta name=\"twitter:description\" content=\"Les r\u00e9servations de site ne sont pas valables pour des \u00e9v\u00e9nements, des activations et\/ou un usage commercial et ne garantissent pas une utilisation exclusive du site. Si vous avez besoin ...\" \/>\n<meta name=\"twitter:image\" content=\"https:\/\/ontarioplace.com\/wp-content\/uploads\/2017\/06\/FirePit-1-e1683835841169.png\" \/>\n<meta name=\"twitter:label1\" content=\"Dur\u00e9e de lecture estim\u00e9e\" \/>\n\t<meta name=\"twitter:data1\" content=\"2 minutes\" \/>\n<script type=\"application\/ld+json\" class=\"yoast-schema-graph\">{\"@context\":\"https:\/\/schema.org\",\"@graph\":[{\"@type\":\"WebPage\",\"@id\":\"https:\/\/ontarioplace.com\/fr\/quoi-de-neuf\/reservations-de-site\/\",\"url\":\"https:\/\/ontarioplace.com\/fr\/quoi-de-neuf\/reservations-de-site\/\",\"name\":\"Ontario Place - R\u00e9servations de site parc Trillium\",\"isPartOf\":{\"@id\":\"https:\/\/ontarioplace.com\/en\/#website\"},\"primaryImageOfPage\":{\"@id\":\"https:\/\/ontarioplace.com\/fr\/quoi-de-neuf\/reservations-de-site\/#primaryimage\"},\"image\":{\"@id\":\"https:\/\/ontarioplace.com\/fr\/quoi-de-neuf\/reservations-de-site\/#primaryimage\"},\"thumbnailUrl\":\"https:\/\/ontarioplace.com\/wp-content\/uploads\/2017\/06\/FirePit-1-e1683835841169.png\",\"datePublished\":\"2022-02-07T18:46:53+00:00\",\"dateModified\":\"2025-04-23T15:39:46+00:00\",\"breadcrumb\":{\"@id\":\"https:\/\/ontarioplace.com\/fr\/quoi-de-neuf\/reservations-de-site\/#breadcrumb\"},\"inLanguage\":\"fr-FR\",\"potentialAction\":[{\"@type\":\"ReadAction\",\"target\":[\"https:\/\/ontarioplace.com\/fr\/quoi-de-neuf\/reservations-de-site\/\"]}]},{\"@type\":\"ImageObject\",\"inLanguage\":\"fr-FR\",\"@id\":\"https:\/\/ontarioplace.com\/fr\/quoi-de-neuf\/reservations-de-site\/#primaryimage\",\"url\":\"https:\/\/ontarioplace.com\/wp-content\/uploads\/2017\/06\/FirePit-1-e1683835841169.png\",\"contentUrl\":\"https:\/\/ontarioplace.com\/wp-content\/uploads\/2017\/06\/FirePit-1-e1683835841169.png\",\"width\":1024,\"height\":576},{\"@type\":\"BreadcrumbList\",\"@id\":\"https:\/\/ontarioplace.com\/fr\/quoi-de-neuf\/reservations-de-site\/#breadcrumb\",\"itemListElement\":[{\"@type\":\"ListItem\",\"position\":1,\"name\":\"Home\",\"item\":\"https:\/\/ontarioplace.com\/fr\/\"},{\"@type\":\"ListItem\",\"position\":2,\"name\":\"Quoi de neuf\",\"item\":\"https:\/\/ontarioplace.com\/fr\/quoi-de-neuf\/\"},{\"@type\":\"ListItem\",\"position\":3,\"name\":\"R\u00e9servations de site parc Trillium\"}]},{\"@type\":\"WebSite\",\"@id\":\"https:\/\/ontarioplace.com\/en\/#website\",\"url\":\"https:\/\/ontarioplace.com\/en\/\",\"name\":\"Ontario Place\",\"description\":\"Ontario Place, Ontario, events, Toronto, live music, concerts, films, Cinesphere, IMAX, screenings, IMAX screenings, Cin\u00e9sphere, Place de l&#039;Ontario\",\"potentialAction\":[{\"@type\":\"SearchAction\",\"target\":{\"@type\":\"EntryPoint\",\"urlTemplate\":\"https:\/\/ontarioplace.com\/en\/?s={search_term_string}\"},\"query-input\":{\"@type\":\"PropertyValueSpecification\",\"valueRequired\":true,\"valueName\":\"search_term_string\"}}],\"inLanguage\":\"fr-FR\"}]}<\/script>\n<!-- \/ Yoast SEO plugin. -->","yoast_head_json":{"title":"Ontario Place - R\u00e9servations de site parc Trillium","robots":{"index":"index","follow":"follow","max-snippet":"max-snippet:-1","max-image-preview":"max-image-preview:large","max-video-preview":"max-video-preview:-1"},"canonical":"https:\/\/ontarioplace.com\/fr\/quoi-de-neuf\/reservations-de-site\/","twitter_card":"summary_large_image","twitter_title":"Ontario Place - R\u00e9servations de site parc Trillium","twitter_description":"Les r\u00e9servations de site ne sont pas valables pour des \u00e9v\u00e9nements, des activations et\/ou un usage commercial et ne garantissent pas une utilisation exclusive du site. Si vous avez besoin ...","twitter_image":"https:\/\/ontarioplace.com\/wp-content\/uploads\/2017\/06\/FirePit-1-e1683835841169.png","twitter_misc":{"Dur\u00e9e de lecture estim\u00e9e":"2 minutes"},"schema":{"@context":"https:\/\/schema.org","@graph":[{"@type":"WebPage","@id":"https:\/\/ontarioplace.com\/fr\/quoi-de-neuf\/reservations-de-site\/","url":"https:\/\/ontarioplace.com\/fr\/quoi-de-neuf\/reservations-de-site\/","name":"Ontario Place - R\u00e9servations de site parc Trillium","isPartOf":{"@id":"https:\/\/ontarioplace.com\/en\/#website"},"primaryImageOfPage":{"@id":"https:\/\/ontarioplace.com\/fr\/quoi-de-neuf\/reservations-de-site\/#primaryimage"},"image":{"@id":"https:\/\/ontarioplace.com\/fr\/quoi-de-neuf\/reservations-de-site\/#primaryimage"},"thumbnailUrl":"https:\/\/ontarioplace.com\/wp-content\/uploads\/2017\/06\/FirePit-1-e1683835841169.png","datePublished":"2022-02-07T18:46:53+00:00","dateModified":"2025-04-23T15:39:46+00:00","breadcrumb":{"@id":"https:\/\/ontarioplace.com\/fr\/quoi-de-neuf\/reservations-de-site\/#breadcrumb"},"inLanguage":"fr-FR","potentialAction":[{"@type":"ReadAction","target":["https:\/\/ontarioplace.com\/fr\/quoi-de-neuf\/reservations-de-site\/"]}]},{"@type":"ImageObject","inLanguage":"fr-FR","@id":"https:\/\/ontarioplace.com\/fr\/quoi-de-neuf\/reservations-de-site\/#primaryimage","url":"https:\/\/ontarioplace.com\/wp-content\/uploads\/2017\/06\/FirePit-1-e1683835841169.png","contentUrl":"https:\/\/ontarioplace.com\/wp-content\/uploads\/2017\/06\/FirePit-1-e1683835841169.png","width":1024,"height":576},{"@type":"BreadcrumbList","@id":"https:\/\/ontarioplace.com\/fr\/quoi-de-neuf\/reservations-de-site\/#breadcrumb","itemListElement":[{"@type":"ListItem","position":1,"name":"Home","item":"https:\/\/ontarioplace.com\/fr\/"},{"@type":"ListItem","position":2,"name":"Quoi de neuf","item":"https:\/\/ontarioplace.com\/fr\/quoi-de-neuf\/"},{"@type":"ListItem","position":3,"name":"R\u00e9servations de site parc Trillium"}]},{"@type":"WebSite","@id":"https:\/\/ontarioplace.com\/en\/#website","url":"https:\/\/ontarioplace.com\/en\/","name":"Ontario Place","description":"Ontario Place, Ontario, events, Toronto, live music, concerts, films, Cinesphere, IMAX, screenings, IMAX screenings, Cin\u00e9sphere, Place de l&#039;Ontario","potentialAction":[{"@type":"SearchAction","target":{"@type":"EntryPoint","urlTemplate":"https:\/\/ontarioplace.com\/en\/?s={search_term_string}"},"query-input":{"@type":"PropertyValueSpecification","valueRequired":true,"valueName":"search_term_string"}}],"inLanguage":"fr-FR"}]}},"_links":{"self":[{"href":"https:\/\/ontarioplace.com\/fr\/wp-json\/wp\/v2\/pages\/47269","targetHints":{"allow":["GET"]}}],"collection":[{"href":"https:\/\/ontarioplace.com\/fr\/wp-json\/wp\/v2\/pages"}],"about":[{"href":"https:\/\/ontarioplace.com\/fr\/wp-json\/wp\/v2\/types\/page"}],"author":[{"embeddable":true,"href":"https:\/\/ontarioplace.com\/fr\/wp-json\/wp\/v2\/users\/3"}],"replies":[{"embeddable":true,"href":"https:\/\/ontarioplace.com\/fr\/wp-json\/wp\/v2\/comments?post=47269"}],"version-history":[{"count":0,"href":"https:\/\/ontarioplace.com\/fr\/wp-json\/wp\/v2\/pages\/47269\/revisions"}],"up":[{"embeddable":true,"href":"https:\/\/ontarioplace.com\/fr\/wp-json\/wp\/v2\/pages\/5392"}],"wp:featuredmedia":[{"embeddable":true,"href":"https:\/\/ontarioplace.com\/fr\/wp-json\/wp\/v2\/media\/33138"}],"wp:attachment":[{"href":"https:\/\/ontarioplace.com\/fr\/wp-json\/wp\/v2\/media?parent=47269"}],"curies":[{"name":"wp","href":"https:\/\/api.w.org\/{rel}","templated":true}]}}