{"id":47596,"date":"2022-03-30T10:05:56","date_gmt":"2022-03-30T14:05:56","guid":{"rendered":"https:\/\/ontplace.148.113.200.80.sslip.io\/\/?page_id=47596"},"modified":"2026-02-26T16:25:39","modified_gmt":"2026-02-26T21:25:39","slug":"acces-au-site","status":"publish","type":"page","link":"https:\/\/ontarioplace.com\/fr\/visitez-nous\/acces-au-site\/","title":{"rendered":"Acc\u00e8s au site"},"content":{"rendered":"<p>Dans le cadre du <a href=\"https:\/\/www.ontario.ca\/fr\/page\/place-de-lontario\">r\u00e9am\u00e9nagement de la Place de l&rsquo;Ontario<\/a>, les travaux de construction se poursuivent \u00e0 travers le site, notamment pour am\u00e9liorer l&rsquo;infrastructure essentielle comme les services d&rsquo;\u00e9gout, d&rsquo;aqueduc, d&rsquo;\u00e9lectricit\u00e9 et de gaz. Ces travaux exigent de la machinerie lourde et de l&rsquo;\u00e9quipement de construction, de m\u00eame que du personnel form\u00e9 avec de l&rsquo;\u00e9quipement de s\u00e9curit\u00e9 appropri\u00e9.<\/p>\n<p>Afin d&rsquo;aider \u00e0 prot\u00e9ger la sant\u00e9 et la s\u00e9curit\u00e9 des visiteurs et des travailleurs, et de faire en sorte que le r\u00e9am\u00e9nagement suive le calendrier, les sections suivantes du site ont \u00e9t\u00e9 ferm\u00e9es :<\/p>\n<ul>\n<li>Marina de la Place de l&rsquo;Ontario<\/li>\n<li>L&rsquo;\u00eele Ouest, incluant l&rsquo;entr\u00e9e ouest situ\u00e9e \u00e0 l&rsquo;intersection du boul. Lake\u00a0Shore Ouest et de la promenade de l&rsquo;Ontario<\/li>\n<li>Le sentier \u00e0 travers la marina qui relie l&rsquo;\u00eele Ouest au parc Trillium<\/li>\n<li><span class=\"TrackChangeTextInsertion TrackedChange SCXW215605107 BCX0\"><span class=\"TrackedChange SCXW215605107 BCX0\"><span class=\"TextRun Highlight SCXW215605107 BCX0\" lang=\"FR-CA\" xml:lang=\"FR-CA\" data-contrast=\"auto\"><span class=\"NormalTextRun SCXW215605107 BCX0\" data-ccp-parastyle=\"Normal (Web)\">L&rsquo;entr\u00e9e <\/span><\/span><\/span><\/span><span class=\"TrackChangeTextInsertion TrackedChange SCXW215605107 BCX0\"><span class=\"TrackedChange SCXW215605107 BCX0\"><span class=\"TextRun Highlight SCXW215605107 BCX0\" lang=\"FR-CA\" xml:lang=\"FR-CA\" data-contrast=\"auto\"><span class=\"NormalTextRun SCXW215605107 BCX0\" data-ccp-parastyle=\"Normal (Web)\">est \u00e0 l&rsquo;intersection <\/span><\/span><\/span><\/span><span class=\"TrackChangeTextInsertion TrackedChange SCXW215605107 BCX0\"><span class=\"TrackedChange SCXW215605107 BCX0\"><span class=\"TextRun Highlight SCXW215605107 BCX0\" lang=\"FR-CA\" xml:lang=\"FR-CA\" data-contrast=\"auto\"><span class=\"NormalTextRun SCXW215605107 BCX0\" data-ccp-parastyle=\"Normal (Web)\">du boul. Lake<\/span><\/span><\/span><\/span><span class=\"TrackChangeTextInsertion TrackedChange SCXW215605107 BCX0\"><span class=\"TrackedChange SCXW215605107 BCX0\"><span class=\"TextRun Highlight SCXW215605107 BCX0\" lang=\"FR-CA\" xml:lang=\"FR-CA\" data-contrast=\"auto\"><span class=\"NormalTextRun SCXW215605107 BCX0\" data-ccp-parastyle=\"Normal (Web)\"> S<\/span><\/span><\/span><\/span><span class=\"TrackChangeTextInsertion TrackedChange SCXW215605107 BCX0\"><span class=\"TrackedChange SCXW215605107 BCX0\"><span class=\"TextRun Highlight SCXW215605107 BCX0\" lang=\"FR-CA\" xml:lang=\"FR-CA\" data-contrast=\"auto\"><span class=\"NormalTextRun SCXW215605107 BCX0\" data-ccp-parastyle=\"Normal (Web)\">h<\/span><\/span><\/span><\/span><span class=\"TrackChangeTextInsertion TrackedChange SCXW215605107 BCX0\"><span class=\"TrackedChange SCXW215605107 BCX0\"><span class=\"TextRun Highlight SCXW215605107 BCX0\" lang=\"FR-CA\" xml:lang=\"FR-CA\" data-contrast=\"auto\"><span class=\"NormalTextRun SCXW215605107 BCX0\" data-ccp-parastyle=\"Normal (Web)\">ore<\/span><\/span><\/span><\/span><span class=\"TrackChangeTextInsertion TrackedChange SCXW215605107 BCX0\"><span class=\"TrackedChange SCXW215605107 BCX0\"><span class=\"TextRun Highlight SCXW215605107 BCX0\" lang=\"FR-CA\" xml:lang=\"FR-CA\" data-contrast=\"auto\"><span class=\"NormalTextRun SCXW215605107 BCX0\" data-ccp-parastyle=\"Normal (Web)\"> Ouest et du boul. Ontario Place.<\/span><\/span><\/span><\/span><\/li>\n<li>Le pont ouest enjambant le boul. Lake Shore Ouest qui relie la Place de l&rsquo;Ontario \u00e0 Exhibition Place.<\/li>\n<li><span class=\"TrackChangeTextInsertion TrackedChange SCXW215605107 BCX0\"><span class=\"TrackedChange SCXW215605107 BCX0\"><span class=\"TextRun Highlight SCXW215605107 BCX0\" lang=\"FR-CA\" xml:lang=\"FR-CA\" data-contrast=\"auto\"><span class=\"NormalTextRun SCXW215605107 BCX0\" data-ccp-parastyle=\"Normal (Web)\">L<\/span><\/span><\/span><\/span><span class=\"TrackChangeTextInsertion TrackedChange SCXW215605107 BCX0\"><span class=\"TextRun Highlight SCXW215605107 BCX0\" lang=\"FR-CA\" xml:lang=\"FR-CA\" data-contrast=\"auto\"><span class=\"NormalTextRun SCXW215605107 BCX0\" data-ccp-parastyle=\"Normal (Web)\">e pont <\/span><\/span><\/span><span class=\"TrackChangeTextDeletionMarker TrackedChange SCXW215605107 BCX0\"><span class=\"TrackedChange SCXW215605107 BCX0\"><span class=\"TextRun Highlight SCXW215605107 BCX0\" lang=\"FR-CA\" xml:lang=\"FR-CA\" data-contrast=\"auto\"><span class=\"NormalTextRun TrackChangeTextDeletion SCXW215605107 BCX0\" data-ccp-parastyle=\"Normal (Web)\">a passerelle <\/span><\/span><\/span><\/span><span class=\"TrackChangeTextInsertion TrackedChange SCXW215605107 BCX0\"><span class=\"TrackedChange SCXW215605107 BCX0\"><span class=\"TextRun Highlight SCXW215605107 BCX0\" lang=\"FR-CA\" xml:lang=\"FR-CA\" data-contrast=\"auto\"><span class=\"NormalTextRun SCXW215605107 BCX0\" data-ccp-parastyle=\"Normal (Web)\">central<\/span><\/span><\/span><\/span><span class=\"TrackChangeTextDeletionMarker TrackedChange SCXW215605107 BCX0\"><span class=\"TrackedChange SCXW215605107 BCX0\"><span class=\"TextRun Highlight SCXW215605107 BCX0\" lang=\"FR-CA\" xml:lang=\"FR-CA\" data-contrast=\"auto\"><span class=\"NormalTextRun TrackChangeTextDeletion SCXW215605107 BCX0\" data-ccp-parastyle=\"Normal (Web)\">e<\/span><\/span><\/span><\/span> <span class=\"TrackChangeTextInsertion TrackedChange SCXW215605107 BCX0\"><span class=\"TrackedChange SCXW215605107 BCX0\"><span class=\"TextRun Highlight SCXW215605107 BCX0\" lang=\"FR-CA\" xml:lang=\"FR-CA\" data-contrast=\"auto\"><span class=\"NormalTextRun SCXW215605107 BCX0\" data-ccp-parastyle=\"Normal (Web)\">au-dessus du boul. Lake<\/span><\/span><\/span><\/span><span class=\"TrackChangeTextInsertion TrackedChange SCXW215605107 BCX0\"><span class=\"TrackedChange SCXW215605107 BCX0\"><span class=\"TextRun Highlight SCXW215605107 BCX0\" lang=\"FR-CA\" xml:lang=\"FR-CA\" data-contrast=\"auto\"><span class=\"NormalTextRun SCXW215605107 BCX0\" data-ccp-parastyle=\"Normal (Web)\"> S<\/span><\/span><\/span><\/span><span class=\"TrackChangeTextInsertion TrackedChange SCXW215605107 BCX0\"><span class=\"TrackedChange SCXW215605107 BCX0\"><span class=\"TextRun Highlight SCXW215605107 BCX0\" lang=\"FR-CA\" xml:lang=\"FR-CA\" data-contrast=\"auto\"><span class=\"NormalTextRun SCXW215605107 BCX0\" data-ccp-parastyle=\"Normal (Web)\">hore Ouest <\/span><\/span><\/span><\/span><span class=\"TrackChangeTextInsertion TrackedChange SCXW215605107 BCX0\"><span class=\"TrackedChange SCXW215605107 BCX0\"><span class=\"TextRun Highlight SCXW215605107 BCX0\" lang=\"FR-CA\" xml:lang=\"FR-CA\" data-contrast=\"auto\"><span class=\"NormalTextRun SCXW215605107 BCX0\" data-ccp-parastyle=\"Normal (Web)\">qui relie la Place de l&rsquo;Ontario <\/span><\/span><\/span><\/span><span class=\"TrackChangeTextInsertion TrackedChange SCXW215605107 BCX0\"><span class=\"TrackedChange SCXW215605107 BCX0\"><span class=\"TextRun Highlight SCXW215605107 BCX0\" lang=\"FR-CA\" xml:lang=\"FR-CA\" data-contrast=\"auto\"><span class=\"NormalTextRun SCXW215605107 BCX0\" data-ccp-parastyle=\"Normal (Web)\">\u00e0 Exhibition Place sera ferm\u00e9e <\/span><\/span><\/span><\/span><span class=\"TrackChangeTextInsertion TrackedChange SCXW215605107 BCX0\"><span class=\"TrackedChange SCXW215605107 BCX0\"><span class=\"TextRun Highlight SCXW215605107 BCX0\" lang=\"FR-CA\" xml:lang=\"FR-CA\" data-contrast=\"auto\"><span class=\"NormalTextRun SCXW215605107 BCX0\" data-ccp-parastyle=\"Normal (Web)\">pour la saison.<\/span><\/span><\/span><\/span><span class=\"EOP TrackedChange SCXW215605107 BCX0\" data-ccp-props=\"{&quot;134233117&quot;:false,&quot;134233118&quot;:false,&quot;201341983&quot;:0,&quot;335559738&quot;:0,&quot;335559739&quot;:0,&quot;335559740&quot;:240}\">\u00a0<\/span><\/li>\n<\/ul>\n","protected":false},"excerpt":{"rendered":"<p>Dans le cadre du r\u00e9am\u00e9nagement de la Place de l&rsquo;Ontario, les travaux de construction se poursuivent \u00e0 travers le site, notamment pour am\u00e9liorer l&rsquo;infrastructure essentielle comme les services d&rsquo;\u00e9gout, d&rsquo;aqueduc, &#8230;<\/p>\n","protected":false},"author":3,"featured_media":46597,"parent":438,"menu_order":0,"comment_status":"closed","ping_status":"closed","template":"template-static.php","meta":{"_acf_changed":false,"_price":"","_stock":"","_tribe_ticket_header":"","_tribe_default_ticket_provider":"","_tribe_ticket_capacity":"0","_ticket_start_date":"","_ticket_end_date":"","_tribe_ticket_show_description":"","_tribe_ticket_show_not_going":false,"_tribe_ticket_use_global_stock":"","_tribe_ticket_global_stock_level":"","_global_stock_mode":"","_global_stock_cap":"","_tribe_rsvp_for_event":"","_tribe_ticket_going_count":"","_tribe_ticket_not_going_count":"","_tribe_tickets_list":"[]","_tribe_ticket_has_attendee_info_fields":false,"footnotes":""},"class_list":["post-47596","page","type-page","status-publish","has-post-thumbnail","hentry"],"acf":[],"yoast_head":"<!-- This site is optimized with the Yoast SEO plugin v27.2 - https:\/\/yoast.com\/product\/yoast-seo-wordpress\/ -->\n<title>Ontario Place - Acc\u00e8s au site<\/title>\n<meta name=\"robots\" content=\"index, follow, max-snippet:-1, max-image-preview:large, max-video-preview:-1\" \/>\n<link rel=\"canonical\" href=\"https:\/\/ontarioplace.com\/fr\/visitez-nous\/acces-au-site\/\" \/>\n<meta name=\"twitter:card\" content=\"summary_large_image\" \/>\n<meta name=\"twitter:title\" content=\"Ontario Place - Acc\u00e8s au site\" \/>\n<meta name=\"twitter:description\" content=\"Dans le cadre du r\u00e9am\u00e9nagement de la Place de l&rsquo;Ontario, les travaux de construction se poursuivent \u00e0 travers le site, notamment pour am\u00e9liorer l&rsquo;infrastructure essentielle comme les services d&rsquo;\u00e9gout, d&rsquo;aqueduc, ...\" \/>\n<meta name=\"twitter:image\" content=\"https:\/\/ontarioplace.com\/wp-content\/uploads\/2021\/10\/Temple-Bell.jpg\" \/>\n<meta name=\"twitter:label1\" content=\"Dur\u00e9e de lecture estim\u00e9e\" \/>\n\t<meta name=\"twitter:data1\" content=\"2 minutes\" \/>\n<script type=\"application\/ld+json\" class=\"yoast-schema-graph\">{\"@context\":\"https:\/\/schema.org\",\"@graph\":[{\"@type\":\"WebPage\",\"@id\":\"https:\/\/ontarioplace.com\/fr\/visitez-nous\/acces-au-site\/\",\"url\":\"https:\/\/ontarioplace.com\/fr\/visitez-nous\/acces-au-site\/\",\"name\":\"Ontario Place - Acc\u00e8s au site\",\"isPartOf\":{\"@id\":\"https:\/\/ontarioplace.com\/en\/#website\"},\"primaryImageOfPage\":{\"@id\":\"https:\/\/ontarioplace.com\/fr\/visitez-nous\/acces-au-site\/#primaryimage\"},\"image\":{\"@id\":\"https:\/\/ontarioplace.com\/fr\/visitez-nous\/acces-au-site\/#primaryimage\"},\"thumbnailUrl\":\"https:\/\/ontarioplace.com\/wp-content\/uploads\/2021\/10\/Temple-Bell.jpg\",\"datePublished\":\"2022-03-30T14:05:56+00:00\",\"dateModified\":\"2026-02-26T21:25:39+00:00\",\"breadcrumb\":{\"@id\":\"https:\/\/ontarioplace.com\/fr\/visitez-nous\/acces-au-site\/#breadcrumb\"},\"inLanguage\":\"fr-FR\",\"potentialAction\":[{\"@type\":\"ReadAction\",\"target\":[\"https:\/\/ontarioplace.com\/fr\/visitez-nous\/acces-au-site\/\"]}]},{\"@type\":\"ImageObject\",\"inLanguage\":\"fr-FR\",\"@id\":\"https:\/\/ontarioplace.com\/fr\/visitez-nous\/acces-au-site\/#primaryimage\",\"url\":\"https:\/\/ontarioplace.com\/wp-content\/uploads\/2021\/10\/Temple-Bell.jpg\",\"contentUrl\":\"https:\/\/ontarioplace.com\/wp-content\/uploads\/2021\/10\/Temple-Bell.jpg\",\"width\":2000,\"height\":976},{\"@type\":\"BreadcrumbList\",\"@id\":\"https:\/\/ontarioplace.com\/fr\/visitez-nous\/acces-au-site\/#breadcrumb\",\"itemListElement\":[{\"@type\":\"ListItem\",\"position\":1,\"name\":\"Home\",\"item\":\"https:\/\/ontarioplace.com\/fr\/\"},{\"@type\":\"ListItem\",\"position\":2,\"name\":\"Comment se rendre\",\"item\":\"https:\/\/ontarioplace.com\/fr\/visitez-nous\/\"},{\"@type\":\"ListItem\",\"position\":3,\"name\":\"Acc\u00e8s au site\"}]},{\"@type\":\"WebSite\",\"@id\":\"https:\/\/ontarioplace.com\/en\/#website\",\"url\":\"https:\/\/ontarioplace.com\/en\/\",\"name\":\"Ontario Place\",\"description\":\"Ontario Place, Ontario, events, Toronto, live music, concerts, films, Cinesphere, IMAX, screenings, IMAX screenings, Cin\u00e9sphere, Place de l&#039;Ontario\",\"potentialAction\":[{\"@type\":\"SearchAction\",\"target\":{\"@type\":\"EntryPoint\",\"urlTemplate\":\"https:\/\/ontarioplace.com\/en\/?s={search_term_string}\"},\"query-input\":{\"@type\":\"PropertyValueSpecification\",\"valueRequired\":true,\"valueName\":\"search_term_string\"}}],\"inLanguage\":\"fr-FR\"}]}<\/script>\n<!-- \/ Yoast SEO plugin. -->","yoast_head_json":{"title":"Ontario Place - Acc\u00e8s au site","robots":{"index":"index","follow":"follow","max-snippet":"max-snippet:-1","max-image-preview":"max-image-preview:large","max-video-preview":"max-video-preview:-1"},"canonical":"https:\/\/ontarioplace.com\/fr\/visitez-nous\/acces-au-site\/","twitter_card":"summary_large_image","twitter_title":"Ontario Place - Acc\u00e8s au site","twitter_description":"Dans le cadre du r\u00e9am\u00e9nagement de la Place de l&rsquo;Ontario, les travaux de construction se poursuivent \u00e0 travers le site, notamment pour am\u00e9liorer l&rsquo;infrastructure essentielle comme les services d&rsquo;\u00e9gout, d&rsquo;aqueduc, ...","twitter_image":"https:\/\/ontarioplace.com\/wp-content\/uploads\/2021\/10\/Temple-Bell.jpg","twitter_misc":{"Dur\u00e9e de lecture estim\u00e9e":"2 minutes"},"schema":{"@context":"https:\/\/schema.org","@graph":[{"@type":"WebPage","@id":"https:\/\/ontarioplace.com\/fr\/visitez-nous\/acces-au-site\/","url":"https:\/\/ontarioplace.com\/fr\/visitez-nous\/acces-au-site\/","name":"Ontario Place - Acc\u00e8s au site","isPartOf":{"@id":"https:\/\/ontarioplace.com\/en\/#website"},"primaryImageOfPage":{"@id":"https:\/\/ontarioplace.com\/fr\/visitez-nous\/acces-au-site\/#primaryimage"},"image":{"@id":"https:\/\/ontarioplace.com\/fr\/visitez-nous\/acces-au-site\/#primaryimage"},"thumbnailUrl":"https:\/\/ontarioplace.com\/wp-content\/uploads\/2021\/10\/Temple-Bell.jpg","datePublished":"2022-03-30T14:05:56+00:00","dateModified":"2026-02-26T21:25:39+00:00","breadcrumb":{"@id":"https:\/\/ontarioplace.com\/fr\/visitez-nous\/acces-au-site\/#breadcrumb"},"inLanguage":"fr-FR","potentialAction":[{"@type":"ReadAction","target":["https:\/\/ontarioplace.com\/fr\/visitez-nous\/acces-au-site\/"]}]},{"@type":"ImageObject","inLanguage":"fr-FR","@id":"https:\/\/ontarioplace.com\/fr\/visitez-nous\/acces-au-site\/#primaryimage","url":"https:\/\/ontarioplace.com\/wp-content\/uploads\/2021\/10\/Temple-Bell.jpg","contentUrl":"https:\/\/ontarioplace.com\/wp-content\/uploads\/2021\/10\/Temple-Bell.jpg","width":2000,"height":976},{"@type":"BreadcrumbList","@id":"https:\/\/ontarioplace.com\/fr\/visitez-nous\/acces-au-site\/#breadcrumb","itemListElement":[{"@type":"ListItem","position":1,"name":"Home","item":"https:\/\/ontarioplace.com\/fr\/"},{"@type":"ListItem","position":2,"name":"Comment se rendre","item":"https:\/\/ontarioplace.com\/fr\/visitez-nous\/"},{"@type":"ListItem","position":3,"name":"Acc\u00e8s au site"}]},{"@type":"WebSite","@id":"https:\/\/ontarioplace.com\/en\/#website","url":"https:\/\/ontarioplace.com\/en\/","name":"Ontario Place","description":"Ontario Place, Ontario, events, Toronto, live music, concerts, films, Cinesphere, IMAX, screenings, IMAX screenings, Cin\u00e9sphere, Place de l&#039;Ontario","potentialAction":[{"@type":"SearchAction","target":{"@type":"EntryPoint","urlTemplate":"https:\/\/ontarioplace.com\/en\/?s={search_term_string}"},"query-input":{"@type":"PropertyValueSpecification","valueRequired":true,"valueName":"search_term_string"}}],"inLanguage":"fr-FR"}]}},"_links":{"self":[{"href":"https:\/\/ontarioplace.com\/fr\/wp-json\/wp\/v2\/pages\/47596","targetHints":{"allow":["GET"]}}],"collection":[{"href":"https:\/\/ontarioplace.com\/fr\/wp-json\/wp\/v2\/pages"}],"about":[{"href":"https:\/\/ontarioplace.com\/fr\/wp-json\/wp\/v2\/types\/page"}],"author":[{"embeddable":true,"href":"https:\/\/ontarioplace.com\/fr\/wp-json\/wp\/v2\/users\/3"}],"replies":[{"embeddable":true,"href":"https:\/\/ontarioplace.com\/fr\/wp-json\/wp\/v2\/comments?post=47596"}],"version-history":[{"count":1,"href":"https:\/\/ontarioplace.com\/fr\/wp-json\/wp\/v2\/pages\/47596\/revisions"}],"predecessor-version":[{"id":54300,"href":"https:\/\/ontarioplace.com\/fr\/wp-json\/wp\/v2\/pages\/47596\/revisions\/54300"}],"up":[{"embeddable":true,"href":"https:\/\/ontarioplace.com\/fr\/wp-json\/wp\/v2\/pages\/438"}],"wp:featuredmedia":[{"embeddable":true,"href":"https:\/\/ontarioplace.com\/fr\/wp-json\/wp\/v2\/media\/46597"}],"wp:attachment":[{"href":"https:\/\/ontarioplace.com\/fr\/wp-json\/wp\/v2\/media?parent=47596"}],"curies":[{"name":"wp","href":"https:\/\/api.w.org\/{rel}","templated":true}]}}