{"id":476,"date":"2017-06-13T17:12:48","date_gmt":"2017-06-13T17:12:48","guid":{"rendered":"https:\/\/ontplace.148.113.200.80.sslip.io\/\/?page_id=476"},"modified":"2025-04-23T11:32:26","modified_gmt":"2025-04-23T15:32:26","slug":"parc-trillium","status":"publish","type":"page","link":"https:\/\/ontarioplace.com\/fr\/quoi-de-neuf\/parc-trillium\/","title":{"rendered":"Parc Trillium et sentier William G. Davis"},"content":{"rendered":"<h2>Bienvenue au parc riverain embl\u00e9matique de l&rsquo;Ontario.<\/h2>\n<p>Le parc Trillium et le sentier\u00a0William G.\u00a0Davis recouvrent une superficie de 7,5\u00a0acres d&rsquo;espace public vert et proposent un panorama spectaculaire sur un secteur riverain de Toronto. Ancien parc de stationnement, le lieu est maintenant plein de vie, pr\u00eat \u00e0 accueillir, entre autres, les coureurs matinaux, les amateurs de pique-nique et les familles en promenade.<\/p>\n<p>Le sentier de 1,3\u00a0km a \u00e9t\u00e9 baptis\u00e9 en hommage \u00e0 Bill Davis, qui \u00e9tait premier ministre lors de l&rsquo;ouverture de la Place de l&rsquo;Ontario en 1971. Il est entour\u00e9 de milliers d&rsquo;arbres, de plantes, de fleurs autochtones et de belles roches s\u00e9dimentaires. S&rsquo;inspirant des paysages ontariens, le parc a \u00e9t\u00e9 con\u00e7u en concertation avec les peuples de toute la province, notamment la\u00a0<a href=\"http:\/\/mncfn.ca\/\">Premi\u00e8re Nation mississauga de New Credit<\/a>\u00a0<em>(en anglais uniquement).<\/em>\u00a0Il s&rsquo;agit d&rsquo;un hommage vibrant \u00e0 notre province et d&rsquo;un cadeau pour les personnes qui l&rsquo;appr\u00e9cient.<\/p>\n<div class=\"displayGrid grid2\">\n<div class=\"gridUnit\">\n<a href=\"https:\/\/ontarioplace.com\/wp-content\/uploads\/2017\/06\/Moccasin-1.jpg\" class=\"postGallery postGallery\"><img loading=\"lazy\" decoding=\"async\" class=\"aligncenter wp-image-33253 size-full\" src=\"https:\/\/ontarioplace.com\/wp-content\/uploads\/2017\/06\/Moccasin-1.jpg\" alt=\"place de l'Ontario - Le ravin et la gravure du Moccasin\" width=\"1000\" height=\"667\" srcset=\"https:\/\/ontarioplace.com\/wp-content\/uploads\/2017\/06\/Moccasin-1.jpg 1000w, https:\/\/ontarioplace.com\/wp-content\/uploads\/2017\/06\/Moccasin-1-750x500.jpg 750w, https:\/\/ontarioplace.com\/wp-content\/uploads\/2017\/06\/Moccasin-1-300x200.jpg 300w\" sizes=\"(max-width: 706px) 89vw, (max-width: 767px) 82vw, 1200px\" \/><\/a>\n<h3>Le ravin et la gravure du Moccasin<\/h3>\n<p>Le ravin est l&rsquo;entr\u00e9e du parc. Compos\u00e9 de deux splendides murs de pierre reli\u00e9s par un pont, il offre aux visiteurs les premi\u00e8res vues du lac\u00a0Ontario. Am\u00e9nag\u00e9s en collaboration avec la\u00a0<a href=\"http:\/\/mncfn.ca\/\">Premi\u00e8re Nation mississauga de New Credit<\/a>, les murs du ravin c\u00e9l\u00e8brent le patrimoine et la culture des Premi\u00e8res Nations gr\u00e2ce \u00e0 la gravure du Mocassin, un \u00e9l\u00e9ment visuel grav\u00e9 dans la roche qui reconna\u00eet et honore le pass\u00e9.<\/p>\n<\/div>\n<div class=\"gridUnit\">\n<a href=\"https:\/\/ontarioplace.com\/wp-content\/uploads\/2017\/06\/Pavilion-1-1.jpg\" class=\"postGallery postGallery\"><img loading=\"lazy\" decoding=\"async\" class=\"aligncenter wp-image-33389 size-full\" src=\"https:\/\/ontarioplace.com\/wp-content\/uploads\/2017\/06\/Pavilion-1-1.jpg\" alt=\"place de l'Ontario - Le Pavillon\" width=\"1000\" height=\"667\" srcset=\"https:\/\/ontarioplace.com\/wp-content\/uploads\/2017\/06\/Pavilion-1-1.jpg 1000w, https:\/\/ontarioplace.com\/wp-content\/uploads\/2017\/06\/Pavilion-1-1-750x500.jpg 750w, https:\/\/ontarioplace.com\/wp-content\/uploads\/2017\/06\/Pavilion-1-1-300x200.jpg 300w\" sizes=\"(max-width: 706px) 89vw, (max-width: 767px) 82vw, 1200px\" \/><\/a>\n<h3>Le Pavillon<\/h3>\n<p>Ce pavillon \u00e0 ciel ouvert est inspir\u00e9 des for\u00eats Evergreen et des structures iconiques de la Place de l&rsquo;Ontario. Il entoure le jardin romantique et est un lieu d&rsquo;activit\u00e9s et de rencontres.<\/p>\n<\/div>\n<div class=\"gridUnit\">\n<a href=\"https:\/\/ontarioplace.com\/wp-content\/uploads\/2017\/06\/RomanticGarden-1.jpg\" class=\"postGallery postGallery\"><img loading=\"lazy\" decoding=\"async\" class=\"aligncenter wp-image-33443 size-full\" src=\"https:\/\/ontarioplace.com\/wp-content\/uploads\/2017\/06\/RomanticGarden-1.jpg\" alt=\"place de l'Ontario - Le jardin romantique\" width=\"1000\" height=\"667\" srcset=\"https:\/\/ontarioplace.com\/wp-content\/uploads\/2017\/06\/RomanticGarden-1.jpg 1000w, https:\/\/ontarioplace.com\/wp-content\/uploads\/2017\/06\/RomanticGarden-1-750x500.jpg 750w, https:\/\/ontarioplace.com\/wp-content\/uploads\/2017\/06\/RomanticGarden-1-300x200.jpg 300w\" sizes=\"(max-width: 706px) 89vw, (max-width: 767px) 82vw, 1200px\" \/><\/a>\n<h3>Le jardin romantique<\/h3>\n<p>Cet espace libre recouvert de pelouse o\u00f9 se reposer ou jouer et pouvant accueillir un grand nombre de personnes, d&rsquo;activit\u00e9s r\u00e9cr\u00e9atives et nos amis \u00e0 quatre pattes, constitue un lieu de rassemblement attrayant.<\/p>\n<\/div>\n<div class=\"gridUnit\">\n<a href=\"https:\/\/ontarioplace.com\/wp-content\/uploads\/2017\/06\/Bluffs-1.jpg\" class=\"postGallery postGallery\"><img loading=\"lazy\" decoding=\"async\" class=\"aligncenter wp-image-33051 size-full\" src=\"https:\/\/ontarioplace.com\/wp-content\/uploads\/2017\/06\/Bluffs-1.jpg\" alt=\"place de l'Ontario - Falaise\" width=\"1000\" height=\"667\" srcset=\"https:\/\/ontarioplace.com\/wp-content\/uploads\/2017\/06\/Bluffs-1.jpg 1000w, https:\/\/ontarioplace.com\/wp-content\/uploads\/2017\/06\/Bluffs-1-750x500.jpg 750w, https:\/\/ontarioplace.com\/wp-content\/uploads\/2017\/06\/Bluffs-1-300x200.jpg 300w\" sizes=\"(max-width: 706px) 89vw, (max-width: 767px) 82vw, 1200px\" \/><\/a>\n<h3>Falaise<\/h3>\n<p>Compos\u00e9e de rochers et roches empil\u00e9s con\u00e7us pour le jeu et lib\u00e9rer l&rsquo;imaginaire, la Falaise reproduit les paysages naturels de la province et offre une grande aire commune de repos permettant aux visiteurs de profiter de magnifiques panoramas sur le lac.<\/p>\n<\/div>\n<div class=\"gridUnit\">\n<a href=\"https:\/\/ontarioplace.com\/wp-content\/uploads\/2017\/06\/WilliamGDavis-1.jpg\" class=\"postGallery postGallery\"><img loading=\"lazy\" decoding=\"async\" class=\"aligncenter wp-image-33545 size-full\" src=\"https:\/\/ontarioplace.com\/wp-content\/uploads\/2017\/06\/WilliamGDavis-1.jpg\" alt=\"place de l'Ontario - Sentier\u00a0William\u00a0G.\u00a0Davis\" width=\"1000\" height=\"667\" srcset=\"https:\/\/ontarioplace.com\/wp-content\/uploads\/2017\/06\/WilliamGDavis-1.jpg 1000w, https:\/\/ontarioplace.com\/wp-content\/uploads\/2017\/06\/WilliamGDavis-1-750x500.jpg 750w, https:\/\/ontarioplace.com\/wp-content\/uploads\/2017\/06\/WilliamGDavis-1-300x200.jpg 300w\" sizes=\"(max-width: 706px) 89vw, (max-width: 767px) 82vw, 1200px\" \/><\/a>\n<h3>Sentier\u00a0William\u00a0G.\u00a0Davis<\/h3>\n<p>Attachez votre casque et lacez vos chaussures avant de vous \u00e9lancer sur ce sentier de 1,3\u00a0km longeant le bord du lac. Ce sentier relie le sentier\u00a0Martin\u00a0Goodman et les sentiers\u00a0panam\u00e9ricains et parapanam\u00e9ricains, pour un parcours de plus de 2\u00a0000 km longeant le Sentier transcanadien en Ontario. Partez \u00e0 l&rsquo;aventure!<\/p>\n<\/div>\n<div class=\"gridUnit\">\n<a href=\"https:\/\/ontarioplace.com\/wp-content\/uploads\/2017\/06\/MarkerTree-1.jpg\" class=\"postGallery postGallery\"><img loading=\"lazy\" decoding=\"async\" class=\"aligncenter wp-image-33245 size-full\" src=\"https:\/\/ontarioplace.com\/wp-content\/uploads\/2017\/06\/MarkerTree-1.jpg\" alt=\"place de l'Ontario - Arbres-marqueurs\" width=\"1000\" height=\"667\" srcset=\"https:\/\/ontarioplace.com\/wp-content\/uploads\/2017\/06\/MarkerTree-1.jpg 1000w, https:\/\/ontarioplace.com\/wp-content\/uploads\/2017\/06\/MarkerTree-1-750x500.jpg 750w, https:\/\/ontarioplace.com\/wp-content\/uploads\/2017\/06\/MarkerTree-1-300x200.jpg 300w\" sizes=\"(max-width: 706px) 89vw, (max-width: 767px) 82vw, 1200px\" \/><\/a>\n<h3>Arbres-marqueurs<\/h3>\n<p>Autrefois, les peuples autochtones utilisaient les arbres-marqueurs pour naviguer. Ils les sculptaient pour leur donner une forme particuli\u00e8re, indiquant des rep\u00e8res significatifs. Les visiteurs remarqueront des arbres-marqueurs le long du sentier. Saurez-vous tous les trouver?<\/p>\n<\/div>\n<div class=\"gridUnit\">\n<a href=\"https:\/\/ontarioplace.com\/wp-content\/uploads\/2017\/06\/Summit-1.jpg\" class=\"postGallery postGallery\"><img loading=\"lazy\" decoding=\"async\" class=\"aligncenter wp-image-33495 size-full\" src=\"https:\/\/ontarioplace.com\/wp-content\/uploads\/2017\/06\/Summit-1.jpg\" alt=\"place de l'Ontario - Sommet\" width=\"1000\" height=\"667\" srcset=\"https:\/\/ontarioplace.com\/wp-content\/uploads\/2017\/06\/Summit-1.jpg 1000w, https:\/\/ontarioplace.com\/wp-content\/uploads\/2017\/06\/Summit-1-750x500.jpg 750w, https:\/\/ontarioplace.com\/wp-content\/uploads\/2017\/06\/Summit-1-300x200.jpg 300w\" sizes=\"(max-width: 706px) 89vw, (max-width: 767px) 82vw, 1200px\" \/><\/a>\n<h3>Sommet<\/h3>\n<p>Il s&rsquo;agit de l&rsquo;une des plus belles vues de la ville\u00a0&#8211;\u00a0dans la ville. Situ\u00e9 \u00e0 l&rsquo;extr\u00e9mit\u00e9 sud du parc, le sommet est le point le plus \u00e9lev\u00e9 du parc. Il offre des pentes l\u00e9g\u00e8res et des collines luxuriantes pour s&rsquo;asseoir et admirer le lac. C&rsquo;est l&rsquo;endroit parfait pour se reposer par une chaude journ\u00e9e d&rsquo;\u00e9t\u00e9. N&rsquo;oubliez pas votre \u00e9cran solaire!<\/p>\n<\/div>\n<div class=\"gridUnit\">\n<a href=\"https:\/\/ontarioplace.com\/wp-content\/uploads\/2017\/06\/HoughesGlade-1.jpg\" class=\"postGallery postGallery\"><img loading=\"lazy\" decoding=\"async\" class=\"aligncenter wp-image-33159 size-full\" src=\"https:\/\/ontarioplace.com\/wp-content\/uploads\/2017\/06\/HoughesGlade-1.jpg\" alt=\"place de l'Ontario - Hough's Glade\" width=\"1000\" height=\"667\" srcset=\"https:\/\/ontarioplace.com\/wp-content\/uploads\/2017\/06\/HoughesGlade-1.jpg 1000w, https:\/\/ontarioplace.com\/wp-content\/uploads\/2017\/06\/HoughesGlade-1-750x500.jpg 750w, https:\/\/ontarioplace.com\/wp-content\/uploads\/2017\/06\/HoughesGlade-1-300x200.jpg 300w\" sizes=\"(max-width: 706px) 89vw, (max-width: 767px) 82vw, 1200px\" \/><\/a>\n<h3>Hough&rsquo;s Glade<\/h3>\n<p>Ce lieu de rassemblement cach\u00e9 est un hommage \u00e0 l&rsquo;architecte-paysagiste de la Place de l&rsquo;Ontario, Michael Hough. Quatre rochers formant un cercle sont entour\u00e9s de plantes m\u00e9dicinales, de buissons et d&rsquo;une prairie parsem\u00e9e de fleurs. On se souvient de Hough pour avoir d\u00e9fendu l&rsquo;id\u00e9e que nous devrions nous inspirer de la nature pour b\u00e2tir nos villes. C&rsquo;est l&rsquo;endroit r\u00eav\u00e9 pour s&rsquo;asseoir et discuter entre amis.<\/p>\n<\/div>\n<div class=\"gridUnit\">\n<a href=\"https:\/\/ontarioplace.com\/wp-content\/uploads\/2017\/06\/MAA4796-1-scaled.jpg\" class=\"postGallery postGallery\"><img loading=\"lazy\" decoding=\"async\" class=\"aligncenter wp-image-33209 size-large\" src=\"https:\/\/ontarioplace.com\/wp-content\/uploads\/2017\/06\/MAA4796-1-1200x800.jpg\" alt=\"place de l'Ontario - Feu de camp\" width=\"1200\" height=\"800\" srcset=\"https:\/\/ontarioplace.com\/wp-content\/uploads\/2017\/06\/MAA4796-1-1200x800.jpg 1200w, https:\/\/ontarioplace.com\/wp-content\/uploads\/2017\/06\/MAA4796-1-750x500.jpg 750w, https:\/\/ontarioplace.com\/wp-content\/uploads\/2017\/06\/MAA4796-1-300x200.jpg 300w, https:\/\/ontarioplace.com\/wp-content\/uploads\/2017\/06\/MAA4796-1-1000x667.jpg 1000w\" sizes=\"(max-width: 706px) 89vw, (max-width: 767px) 82vw, 1200px\" \/><\/a>\n<h3>Feu de camp<\/h3>\n<p>Veuillez noter que des permis sont n\u00e9cessaires pour accueillir des incendies. Pour obtenir un permis, veuillez visiter notre <a href=\"https:\/\/ontarioplace.com\/fr\/quoi-de-neuf\/feu-de-camp-parc-trillium\/\">site Web<\/a>.<\/p>\n<\/div>\n<div class=\"gridUnit\">\n<a href=\"https:\/\/ontarioplace.com\/wp-content\/uploads\/2021\/10\/TrilliumPark-41-scaled.jpg\" class=\"postGallery postGallery\"><img loading=\"lazy\" decoding=\"async\" class=\"aligncenter wp-image-33209 size-large\" src=\"https:\/\/ontarioplace.com\/wp-content\/uploads\/2021\/10\/TrilliumPark-41-scaled.jpg\" alt=\"Ontario Place - Fire Pit\" width=\"1200\" height=\"800\" \/><\/a>\n<h3>Projet d&rsquo;identification des plantes du parc Trillium<\/h3>\n<p>Identifier diverses esp\u00e8ces botaniques gr\u00e2ce \u00e0 l&rsquo;installation de plaques sur l&rsquo;ensemble du site ainsi qu&rsquo;\u00e0 une carte interactive sur notre <strong><a href=\"https:\/\/ontarioplace.com\/fr\/quoi-de-neuf\/parc-trillium\/plantes-du-parc-trillium\/\">site web<\/a><\/strong>.<\/p>\n<\/div>\n<\/div>\n<hr \/>\n<h2>Heures d&rsquo;op\u00e9ration :<\/h2>\n<div class=\"col1 clearfloat gridBlock\">\n<div class=\"col1 clearfloat gridRow gridHeader\">\n<div class=\"col2\">Jour<\/div>\n<div class=\"col2\">Heures<\/div>\n<\/div>\n<div class=\"col1 clearfloat gridRow\">\n<div class=\"col2\">Quotidien<\/div>\n<div class=\"col2\">6h &#8211; 23h<\/div>\n<\/div>\n<\/div>\n","protected":false},"excerpt":{"rendered":"<p>Bienvenue au parc riverain embl\u00e9matique de l&rsquo;Ontario.<br \/>\nLe parc Trillium et le sentier\u00a0William G.\u00a0Davis recouvrent une superficie de 7,5\u00a0acres d&rsquo;espace public vert et proposent un panorama spectaculaire sur un secteur riverain &#8230;<\/p>\n","protected":false},"author":2,"featured_media":38844,"parent":5392,"menu_order":3,"comment_status":"closed","ping_status":"closed","template":"template-whatson.php","meta":{"_acf_changed":false,"_price":"","_stock":"","_tribe_ticket_header":"","_tribe_default_ticket_provider":"","_tribe_ticket_capacity":"0","_ticket_start_date":"","_ticket_end_date":"","_tribe_ticket_show_description":"","_tribe_ticket_show_not_going":false,"_tribe_ticket_use_global_stock":"","_tribe_ticket_global_stock_level":"","_global_stock_mode":"","_global_stock_cap":"","_tribe_rsvp_for_event":"","_tribe_ticket_going_count":"","_tribe_ticket_not_going_count":"","_tribe_tickets_list":"[]","_tribe_ticket_has_attendee_info_fields":false,"footnotes":""},"class_list":["post-476","page","type-page","status-publish","has-post-thumbnail","hentry"],"acf":[],"yoast_head":"<!-- This site is optimized with the Yoast SEO plugin v27.2 - https:\/\/yoast.com\/product\/yoast-seo-wordpress\/ -->\n<title>Ontario Place - Parc Trillium et sentier William G. Davis<\/title>\n<meta name=\"robots\" content=\"index, follow, max-snippet:-1, max-image-preview:large, max-video-preview:-1\" \/>\n<link rel=\"canonical\" href=\"https:\/\/ontarioplace.com\/fr\/quoi-de-neuf\/parc-trillium\/\" \/>\n<meta name=\"twitter:card\" content=\"summary_large_image\" \/>\n<meta name=\"twitter:title\" content=\"Ontario Place - Parc Trillium et sentier William G. Davis\" \/>\n<meta name=\"twitter:description\" content=\"Bienvenue au parc riverain embl\u00e9matique de l&rsquo;Ontario. Le parc Trillium et le sentier\u00a0William G.\u00a0Davis recouvrent une superficie de 7,5\u00a0acres d&rsquo;espace public vert et proposent un panorama spectaculaire sur un secteur riverain ...\" \/>\n<meta name=\"twitter:image\" content=\"https:\/\/ontarioplace.com\/wp-content\/uploads\/2019\/05\/activity-trilliumpark-1-scaled.jpg\" \/>\n<meta name=\"twitter:label1\" content=\"Dur\u00e9e de lecture estim\u00e9e\" \/>\n\t<meta name=\"twitter:data1\" content=\"5 minutes\" \/>\n<script type=\"application\/ld+json\" class=\"yoast-schema-graph\">{\"@context\":\"https:\/\/schema.org\",\"@graph\":[{\"@type\":\"WebPage\",\"@id\":\"https:\/\/ontarioplace.com\/fr\/quoi-de-neuf\/parc-trillium\/\",\"url\":\"https:\/\/ontarioplace.com\/fr\/quoi-de-neuf\/parc-trillium\/\",\"name\":\"Ontario Place - Parc Trillium et sentier William G. Davis\",\"isPartOf\":{\"@id\":\"https:\/\/ontarioplace.com\/en\/#website\"},\"primaryImageOfPage\":{\"@id\":\"https:\/\/ontarioplace.com\/fr\/quoi-de-neuf\/parc-trillium\/#primaryimage\"},\"image\":{\"@id\":\"https:\/\/ontarioplace.com\/fr\/quoi-de-neuf\/parc-trillium\/#primaryimage\"},\"thumbnailUrl\":\"https:\/\/ontarioplace.com\/wp-content\/uploads\/2019\/05\/activity-trilliumpark-1-scaled.jpg\",\"datePublished\":\"2017-06-13T17:12:48+00:00\",\"dateModified\":\"2025-04-23T15:32:26+00:00\",\"breadcrumb\":{\"@id\":\"https:\/\/ontarioplace.com\/fr\/quoi-de-neuf\/parc-trillium\/#breadcrumb\"},\"inLanguage\":\"fr-FR\",\"potentialAction\":[{\"@type\":\"ReadAction\",\"target\":[\"https:\/\/ontarioplace.com\/fr\/quoi-de-neuf\/parc-trillium\/\"]}]},{\"@type\":\"ImageObject\",\"inLanguage\":\"fr-FR\",\"@id\":\"https:\/\/ontarioplace.com\/fr\/quoi-de-neuf\/parc-trillium\/#primaryimage\",\"url\":\"https:\/\/ontarioplace.com\/wp-content\/uploads\/2019\/05\/activity-trilliumpark-1-scaled.jpg\",\"contentUrl\":\"https:\/\/ontarioplace.com\/wp-content\/uploads\/2019\/05\/activity-trilliumpark-1-scaled.jpg\",\"width\":2560,\"height\":2560},{\"@type\":\"BreadcrumbList\",\"@id\":\"https:\/\/ontarioplace.com\/fr\/quoi-de-neuf\/parc-trillium\/#breadcrumb\",\"itemListElement\":[{\"@type\":\"ListItem\",\"position\":1,\"name\":\"Home\",\"item\":\"https:\/\/ontarioplace.com\/fr\/\"},{\"@type\":\"ListItem\",\"position\":2,\"name\":\"Quoi de neuf\",\"item\":\"https:\/\/ontarioplace.com\/fr\/quoi-de-neuf\/\"},{\"@type\":\"ListItem\",\"position\":3,\"name\":\"Parc Trillium et sentier William G. Davis\"}]},{\"@type\":\"WebSite\",\"@id\":\"https:\/\/ontarioplace.com\/en\/#website\",\"url\":\"https:\/\/ontarioplace.com\/en\/\",\"name\":\"Ontario Place\",\"description\":\"Ontario Place, Ontario, events, Toronto, live music, concerts, films, Cinesphere, IMAX, screenings, IMAX screenings, Cin\u00e9sphere, Place de l&#039;Ontario\",\"potentialAction\":[{\"@type\":\"SearchAction\",\"target\":{\"@type\":\"EntryPoint\",\"urlTemplate\":\"https:\/\/ontarioplace.com\/en\/?s={search_term_string}\"},\"query-input\":{\"@type\":\"PropertyValueSpecification\",\"valueRequired\":true,\"valueName\":\"search_term_string\"}}],\"inLanguage\":\"fr-FR\"}]}<\/script>\n<!-- \/ Yoast SEO plugin. -->","yoast_head_json":{"title":"Ontario Place - Parc Trillium et sentier William G. Davis","robots":{"index":"index","follow":"follow","max-snippet":"max-snippet:-1","max-image-preview":"max-image-preview:large","max-video-preview":"max-video-preview:-1"},"canonical":"https:\/\/ontarioplace.com\/fr\/quoi-de-neuf\/parc-trillium\/","twitter_card":"summary_large_image","twitter_title":"Ontario Place - Parc Trillium et sentier William G. Davis","twitter_description":"Bienvenue au parc riverain embl\u00e9matique de l&rsquo;Ontario. Le parc Trillium et le sentier\u00a0William G.\u00a0Davis recouvrent une superficie de 7,5\u00a0acres d&rsquo;espace public vert et proposent un panorama spectaculaire sur un secteur riverain ...","twitter_image":"https:\/\/ontarioplace.com\/wp-content\/uploads\/2019\/05\/activity-trilliumpark-1-scaled.jpg","twitter_misc":{"Dur\u00e9e de lecture estim\u00e9e":"5 minutes"},"schema":{"@context":"https:\/\/schema.org","@graph":[{"@type":"WebPage","@id":"https:\/\/ontarioplace.com\/fr\/quoi-de-neuf\/parc-trillium\/","url":"https:\/\/ontarioplace.com\/fr\/quoi-de-neuf\/parc-trillium\/","name":"Ontario Place - Parc Trillium et sentier William G. Davis","isPartOf":{"@id":"https:\/\/ontarioplace.com\/en\/#website"},"primaryImageOfPage":{"@id":"https:\/\/ontarioplace.com\/fr\/quoi-de-neuf\/parc-trillium\/#primaryimage"},"image":{"@id":"https:\/\/ontarioplace.com\/fr\/quoi-de-neuf\/parc-trillium\/#primaryimage"},"thumbnailUrl":"https:\/\/ontarioplace.com\/wp-content\/uploads\/2019\/05\/activity-trilliumpark-1-scaled.jpg","datePublished":"2017-06-13T17:12:48+00:00","dateModified":"2025-04-23T15:32:26+00:00","breadcrumb":{"@id":"https:\/\/ontarioplace.com\/fr\/quoi-de-neuf\/parc-trillium\/#breadcrumb"},"inLanguage":"fr-FR","potentialAction":[{"@type":"ReadAction","target":["https:\/\/ontarioplace.com\/fr\/quoi-de-neuf\/parc-trillium\/"]}]},{"@type":"ImageObject","inLanguage":"fr-FR","@id":"https:\/\/ontarioplace.com\/fr\/quoi-de-neuf\/parc-trillium\/#primaryimage","url":"https:\/\/ontarioplace.com\/wp-content\/uploads\/2019\/05\/activity-trilliumpark-1-scaled.jpg","contentUrl":"https:\/\/ontarioplace.com\/wp-content\/uploads\/2019\/05\/activity-trilliumpark-1-scaled.jpg","width":2560,"height":2560},{"@type":"BreadcrumbList","@id":"https:\/\/ontarioplace.com\/fr\/quoi-de-neuf\/parc-trillium\/#breadcrumb","itemListElement":[{"@type":"ListItem","position":1,"name":"Home","item":"https:\/\/ontarioplace.com\/fr\/"},{"@type":"ListItem","position":2,"name":"Quoi de neuf","item":"https:\/\/ontarioplace.com\/fr\/quoi-de-neuf\/"},{"@type":"ListItem","position":3,"name":"Parc Trillium et sentier William G. Davis"}]},{"@type":"WebSite","@id":"https:\/\/ontarioplace.com\/en\/#website","url":"https:\/\/ontarioplace.com\/en\/","name":"Ontario Place","description":"Ontario Place, Ontario, events, Toronto, live music, concerts, films, Cinesphere, IMAX, screenings, IMAX screenings, Cin\u00e9sphere, Place de l&#039;Ontario","potentialAction":[{"@type":"SearchAction","target":{"@type":"EntryPoint","urlTemplate":"https:\/\/ontarioplace.com\/en\/?s={search_term_string}"},"query-input":{"@type":"PropertyValueSpecification","valueRequired":true,"valueName":"search_term_string"}}],"inLanguage":"fr-FR"}]}},"_links":{"self":[{"href":"https:\/\/ontarioplace.com\/fr\/wp-json\/wp\/v2\/pages\/476","targetHints":{"allow":["GET"]}}],"collection":[{"href":"https:\/\/ontarioplace.com\/fr\/wp-json\/wp\/v2\/pages"}],"about":[{"href":"https:\/\/ontarioplace.com\/fr\/wp-json\/wp\/v2\/types\/page"}],"author":[{"embeddable":true,"href":"https:\/\/ontarioplace.com\/fr\/wp-json\/wp\/v2\/users\/2"}],"replies":[{"embeddable":true,"href":"https:\/\/ontarioplace.com\/fr\/wp-json\/wp\/v2\/comments?post=476"}],"version-history":[{"count":0,"href":"https:\/\/ontarioplace.com\/fr\/wp-json\/wp\/v2\/pages\/476\/revisions"}],"up":[{"embeddable":true,"href":"https:\/\/ontarioplace.com\/fr\/wp-json\/wp\/v2\/pages\/5392"}],"wp:featuredmedia":[{"embeddable":true,"href":"https:\/\/ontarioplace.com\/fr\/wp-json\/wp\/v2\/media\/38844"}],"wp:attachment":[{"href":"https:\/\/ontarioplace.com\/fr\/wp-json\/wp\/v2\/media?parent=476"}],"curies":[{"name":"wp","href":"https:\/\/api.w.org\/{rel}","templated":true}]}}