{"id":52196,"date":"2024-03-04T12:37:20","date_gmt":"2024-03-04T17:37:20","guid":{"rendered":"https:\/\/ontplace.148.113.200.80.sslip.io\/\/?page_id=52196"},"modified":"2025-04-23T11:41:05","modified_gmt":"2025-04-23T15:41:05","slug":"permis-de-photos-parc-trillium","status":"publish","type":"page","link":"https:\/\/ontarioplace.com\/fr\/quoi-de-neuf\/permis-de-photos-parc-trillium\/","title":{"rendered":"Permis de photos parc Trillium"},"content":{"rendered":"<p>Les permis photo ne sont pas valables pour les photos, vid\u00e9os ou films commerciaux et\/ou les r\u00e9servations exclusives. Pour les r\u00e9servations commerciales de photos\/vid\u00e9os\/films, veuillez remplir notre <a href=\"https:\/\/ontarioplace.com\/fr\/formulaire-de-demande-de-reservation\/\">demande de r\u00e9servation<\/a>.<\/p>\n<p><strong>Frais de permis de photo :<\/strong> 300 $ plus TVH<\/p>\n<h2>Comment r\u00e9server votre permis photo !<\/h2>\n<p>Pour r\u00e9server un permis photo, veuillez contacter notre \u00e9quipe de r\u00e9servation \u00e0 <a href=\"mailto:opbooking@ontario.ca\">opbooking@ontario.ca<\/a><\/p>\n<h3>R\u00e8gles et lignes directrices en mati\u00e8re de permis de photo :<\/h3>\n<ul>\n<li>Les permis photos sont limit\u00e9s \u00e0 15 personnes<\/li>\n<li>Les v\u00e9hicules, accessoires, d\u00e9corations, gros \u00e9quipements et \u00e9clairage ne sont pas autoris\u00e9s.<\/li>\n<li>Les r\u00e9servations de permis photo doivent \u00eatre effectu\u00e9es selon les plages horaires d\u00e9finies disponibles ; les permis peuvent \u00eatre r\u00e9serv\u00e9s pour plusieurs cr\u00e9neaux horaires si plus de temps est n\u00e9cessaire.<\/li>\n<li>Les plages horaires du permis de photo sont disponibles par tranches de 2 heures entre 7h00 et 21h30.<\/li>\n<\/ul>\n<p>&nbsp;<\/p>\n<p>&nbsp;<\/p>\n","protected":false},"excerpt":{"rendered":"<p>Les permis photo ne sont pas valables pour les photos, vid\u00e9os ou films commerciaux et\/ou les r\u00e9servations exclusives. Pour les r\u00e9servations commerciales de photos\/vid\u00e9os\/films, veuillez remplir notre demande de r\u00e9servation.<br \/>\nFrais &#8230;<\/p>\n","protected":false},"author":3,"featured_media":33138,"parent":5392,"menu_order":0,"comment_status":"closed","ping_status":"closed","template":"","meta":{"_acf_changed":false,"_price":"","_stock":"","_tribe_ticket_header":"","_tribe_default_ticket_provider":"","_tribe_ticket_capacity":"0","_ticket_start_date":"","_ticket_end_date":"","_tribe_ticket_show_description":"","_tribe_ticket_show_not_going":false,"_tribe_ticket_use_global_stock":"","_tribe_ticket_global_stock_level":"","_global_stock_mode":"","_global_stock_cap":"","_tribe_rsvp_for_event":"","_tribe_ticket_going_count":"","_tribe_ticket_not_going_count":"","_tribe_tickets_list":"[]","_tribe_ticket_has_attendee_info_fields":false,"footnotes":""},"class_list":["post-52196","page","type-page","status-publish","has-post-thumbnail","hentry"],"acf":[],"yoast_head":"<!-- This site is optimized with the Yoast SEO plugin v27.2 - https:\/\/yoast.com\/product\/yoast-seo-wordpress\/ -->\n<title>Ontario Place - Permis de photos parc Trillium<\/title>\n<meta name=\"robots\" content=\"index, follow, max-snippet:-1, max-image-preview:large, max-video-preview:-1\" \/>\n<link rel=\"canonical\" href=\"https:\/\/ontarioplace.com\/fr\/quoi-de-neuf\/permis-de-photos-parc-trillium\/\" \/>\n<meta name=\"twitter:card\" content=\"summary_large_image\" \/>\n<meta name=\"twitter:title\" content=\"Ontario Place - Permis de photos parc Trillium\" \/>\n<meta name=\"twitter:description\" content=\"Les permis photo ne sont pas valables pour les photos, vid\u00e9os ou films commerciaux et\/ou les r\u00e9servations exclusives. Pour les r\u00e9servations commerciales de photos\/vid\u00e9os\/films, veuillez remplir notre demande de r\u00e9servation. Frais ...\" \/>\n<meta name=\"twitter:image\" content=\"https:\/\/ontarioplace.com\/wp-content\/uploads\/2017\/06\/FirePit-1-e1683835841169.png\" \/>\n<meta name=\"twitter:label1\" content=\"Dur\u00e9e de lecture estim\u00e9e\" \/>\n\t<meta name=\"twitter:data1\" content=\"1 minute\" \/>\n<script type=\"application\/ld+json\" class=\"yoast-schema-graph\">{\"@context\":\"https:\/\/schema.org\",\"@graph\":[{\"@type\":\"WebPage\",\"@id\":\"https:\/\/ontarioplace.com\/fr\/quoi-de-neuf\/permis-de-photos-parc-trillium\/\",\"url\":\"https:\/\/ontarioplace.com\/fr\/quoi-de-neuf\/permis-de-photos-parc-trillium\/\",\"name\":\"Ontario Place - Permis de photos parc Trillium\",\"isPartOf\":{\"@id\":\"https:\/\/ontarioplace.com\/en\/#website\"},\"primaryImageOfPage\":{\"@id\":\"https:\/\/ontarioplace.com\/fr\/quoi-de-neuf\/permis-de-photos-parc-trillium\/#primaryimage\"},\"image\":{\"@id\":\"https:\/\/ontarioplace.com\/fr\/quoi-de-neuf\/permis-de-photos-parc-trillium\/#primaryimage\"},\"thumbnailUrl\":\"https:\/\/ontarioplace.com\/wp-content\/uploads\/2017\/06\/FirePit-1-e1683835841169.png\",\"datePublished\":\"2024-03-04T17:37:20+00:00\",\"dateModified\":\"2025-04-23T15:41:05+00:00\",\"breadcrumb\":{\"@id\":\"https:\/\/ontarioplace.com\/fr\/quoi-de-neuf\/permis-de-photos-parc-trillium\/#breadcrumb\"},\"inLanguage\":\"fr-FR\",\"potentialAction\":[{\"@type\":\"ReadAction\",\"target\":[\"https:\/\/ontarioplace.com\/fr\/quoi-de-neuf\/permis-de-photos-parc-trillium\/\"]}]},{\"@type\":\"ImageObject\",\"inLanguage\":\"fr-FR\",\"@id\":\"https:\/\/ontarioplace.com\/fr\/quoi-de-neuf\/permis-de-photos-parc-trillium\/#primaryimage\",\"url\":\"https:\/\/ontarioplace.com\/wp-content\/uploads\/2017\/06\/FirePit-1-e1683835841169.png\",\"contentUrl\":\"https:\/\/ontarioplace.com\/wp-content\/uploads\/2017\/06\/FirePit-1-e1683835841169.png\",\"width\":1024,\"height\":576},{\"@type\":\"BreadcrumbList\",\"@id\":\"https:\/\/ontarioplace.com\/fr\/quoi-de-neuf\/permis-de-photos-parc-trillium\/#breadcrumb\",\"itemListElement\":[{\"@type\":\"ListItem\",\"position\":1,\"name\":\"Home\",\"item\":\"https:\/\/ontarioplace.com\/fr\/\"},{\"@type\":\"ListItem\",\"position\":2,\"name\":\"Quoi de neuf\",\"item\":\"https:\/\/ontarioplace.com\/fr\/quoi-de-neuf\/\"},{\"@type\":\"ListItem\",\"position\":3,\"name\":\"Permis de photos parc Trillium\"}]},{\"@type\":\"WebSite\",\"@id\":\"https:\/\/ontarioplace.com\/en\/#website\",\"url\":\"https:\/\/ontarioplace.com\/en\/\",\"name\":\"Ontario Place\",\"description\":\"Ontario Place, Ontario, events, Toronto, live music, concerts, films, Cinesphere, IMAX, screenings, IMAX screenings, Cin\u00e9sphere, Place de l&#039;Ontario\",\"potentialAction\":[{\"@type\":\"SearchAction\",\"target\":{\"@type\":\"EntryPoint\",\"urlTemplate\":\"https:\/\/ontarioplace.com\/en\/?s={search_term_string}\"},\"query-input\":{\"@type\":\"PropertyValueSpecification\",\"valueRequired\":true,\"valueName\":\"search_term_string\"}}],\"inLanguage\":\"fr-FR\"}]}<\/script>\n<!-- \/ Yoast SEO plugin. -->","yoast_head_json":{"title":"Ontario Place - Permis de photos parc Trillium","robots":{"index":"index","follow":"follow","max-snippet":"max-snippet:-1","max-image-preview":"max-image-preview:large","max-video-preview":"max-video-preview:-1"},"canonical":"https:\/\/ontarioplace.com\/fr\/quoi-de-neuf\/permis-de-photos-parc-trillium\/","twitter_card":"summary_large_image","twitter_title":"Ontario Place - Permis de photos parc Trillium","twitter_description":"Les permis photo ne sont pas valables pour les photos, vid\u00e9os ou films commerciaux et\/ou les r\u00e9servations exclusives. Pour les r\u00e9servations commerciales de photos\/vid\u00e9os\/films, veuillez remplir notre demande de r\u00e9servation. Frais ...","twitter_image":"https:\/\/ontarioplace.com\/wp-content\/uploads\/2017\/06\/FirePit-1-e1683835841169.png","twitter_misc":{"Dur\u00e9e de lecture estim\u00e9e":"1 minute"},"schema":{"@context":"https:\/\/schema.org","@graph":[{"@type":"WebPage","@id":"https:\/\/ontarioplace.com\/fr\/quoi-de-neuf\/permis-de-photos-parc-trillium\/","url":"https:\/\/ontarioplace.com\/fr\/quoi-de-neuf\/permis-de-photos-parc-trillium\/","name":"Ontario Place - Permis de photos parc Trillium","isPartOf":{"@id":"https:\/\/ontarioplace.com\/en\/#website"},"primaryImageOfPage":{"@id":"https:\/\/ontarioplace.com\/fr\/quoi-de-neuf\/permis-de-photos-parc-trillium\/#primaryimage"},"image":{"@id":"https:\/\/ontarioplace.com\/fr\/quoi-de-neuf\/permis-de-photos-parc-trillium\/#primaryimage"},"thumbnailUrl":"https:\/\/ontarioplace.com\/wp-content\/uploads\/2017\/06\/FirePit-1-e1683835841169.png","datePublished":"2024-03-04T17:37:20+00:00","dateModified":"2025-04-23T15:41:05+00:00","breadcrumb":{"@id":"https:\/\/ontarioplace.com\/fr\/quoi-de-neuf\/permis-de-photos-parc-trillium\/#breadcrumb"},"inLanguage":"fr-FR","potentialAction":[{"@type":"ReadAction","target":["https:\/\/ontarioplace.com\/fr\/quoi-de-neuf\/permis-de-photos-parc-trillium\/"]}]},{"@type":"ImageObject","inLanguage":"fr-FR","@id":"https:\/\/ontarioplace.com\/fr\/quoi-de-neuf\/permis-de-photos-parc-trillium\/#primaryimage","url":"https:\/\/ontarioplace.com\/wp-content\/uploads\/2017\/06\/FirePit-1-e1683835841169.png","contentUrl":"https:\/\/ontarioplace.com\/wp-content\/uploads\/2017\/06\/FirePit-1-e1683835841169.png","width":1024,"height":576},{"@type":"BreadcrumbList","@id":"https:\/\/ontarioplace.com\/fr\/quoi-de-neuf\/permis-de-photos-parc-trillium\/#breadcrumb","itemListElement":[{"@type":"ListItem","position":1,"name":"Home","item":"https:\/\/ontarioplace.com\/fr\/"},{"@type":"ListItem","position":2,"name":"Quoi de neuf","item":"https:\/\/ontarioplace.com\/fr\/quoi-de-neuf\/"},{"@type":"ListItem","position":3,"name":"Permis de photos parc Trillium"}]},{"@type":"WebSite","@id":"https:\/\/ontarioplace.com\/en\/#website","url":"https:\/\/ontarioplace.com\/en\/","name":"Ontario Place","description":"Ontario Place, Ontario, events, Toronto, live music, concerts, films, Cinesphere, IMAX, screenings, IMAX screenings, Cin\u00e9sphere, Place de l&#039;Ontario","potentialAction":[{"@type":"SearchAction","target":{"@type":"EntryPoint","urlTemplate":"https:\/\/ontarioplace.com\/en\/?s={search_term_string}"},"query-input":{"@type":"PropertyValueSpecification","valueRequired":true,"valueName":"search_term_string"}}],"inLanguage":"fr-FR"}]}},"_links":{"self":[{"href":"https:\/\/ontarioplace.com\/fr\/wp-json\/wp\/v2\/pages\/52196","targetHints":{"allow":["GET"]}}],"collection":[{"href":"https:\/\/ontarioplace.com\/fr\/wp-json\/wp\/v2\/pages"}],"about":[{"href":"https:\/\/ontarioplace.com\/fr\/wp-json\/wp\/v2\/types\/page"}],"author":[{"embeddable":true,"href":"https:\/\/ontarioplace.com\/fr\/wp-json\/wp\/v2\/users\/3"}],"replies":[{"embeddable":true,"href":"https:\/\/ontarioplace.com\/fr\/wp-json\/wp\/v2\/comments?post=52196"}],"version-history":[{"count":0,"href":"https:\/\/ontarioplace.com\/fr\/wp-json\/wp\/v2\/pages\/52196\/revisions"}],"up":[{"embeddable":true,"href":"https:\/\/ontarioplace.com\/fr\/wp-json\/wp\/v2\/pages\/5392"}],"wp:featuredmedia":[{"embeddable":true,"href":"https:\/\/ontarioplace.com\/fr\/wp-json\/wp\/v2\/media\/33138"}],"wp:attachment":[{"href":"https:\/\/ontarioplace.com\/fr\/wp-json\/wp\/v2\/media?parent=52196"}],"curies":[{"name":"wp","href":"https:\/\/api.w.org\/{rel}","templated":true}]}}