{"id":53073,"date":"2024-11-05T17:35:01","date_gmt":"2024-11-05T22:35:01","guid":{"rendered":"https:\/\/ontplace.148.113.200.80.sslip.io\/\/?page_id=53073"},"modified":"2024-12-05T11:27:27","modified_gmt":"2024-12-05T16:27:27","slug":"formulaire-de-demande-de-reservation","status":"publish","type":"page","link":"https:\/\/ontarioplace.com\/fr\/formulaire-de-demande-de-reservation\/","title":{"rendered":"Formulaire de Demande de R\u00e9servation"},"content":{"rendered":"<h2>Ce qu&rsquo;il faut savoir avant de soumettre une demande<\/h2>\n<ul>\n<li>Les r\u00e9servations de foyers pour un usage non commercial doivent \u00eatre sur la page de <a href=\"https:\/\/ontarioplace.com\/fr\/quoi-de-neuf\/feu-de-camp\/\">r\u00e9servation des foyers<\/a>.<\/li>\n<li>Les r\u00e9servations sont pour le parc Trillium.<\/li>\n<li>Les r\u00e9servations sont non exclusives et ne doivent pas restreindre l&rsquo;acc\u00e8s public ou les sentiers.<\/li>\n<li>L&rsquo;acc\u00e8s au parc Trillium est interdit aux v\u00e9hicules.<\/li>\n<li>Le nombre de places est limit\u00e9 et sera confirm\u00e9 par l&rsquo;\u00e9quipe charg\u00e9e des \u00e9v\u00e9nements \u00e0 la Place de l&rsquo;Ontario.<\/li>\n<li>Il n&rsquo;y a pas d&rsquo;acc\u00e8s \u00e0 l&rsquo;espace int\u00e9rieur.<\/li>\n<li>Les r\u00e9servations sont soumises \u00e0 une capacit\u00e9 maximale examin\u00e9e et approuv\u00e9e par la Place de l&rsquo;Ontario.<\/li>\n<\/ul>\n<hr \/>\n<h3>Pour soumettre une demande, veuillez remplir le formulaire suivant.<\/h3>\n\n<div class=\"wpcf7 no-js\" id=\"wpcf7-f53072-o1\" lang=\"en-US\" dir=\"ltr\" data-wpcf7-id=\"53072\">\n<div class=\"screen-reader-response\"><p role=\"status\" aria-live=\"polite\" aria-atomic=\"true\"><\/p> <ul><\/ul><\/div>\n<form action=\"\/fr\/wp-json\/wp\/v2\/pages\/53073#wpcf7-f53072-o1\" method=\"post\" class=\"wpcf7-form init\" aria-label=\"Contact form\" novalidate=\"novalidate\" data-status=\"init\">\n<fieldset class=\"hidden-fields-container\"><input type=\"hidden\" name=\"_wpcf7\" value=\"53072\" \/><input type=\"hidden\" name=\"_wpcf7_version\" value=\"6.1.5\" \/><input type=\"hidden\" name=\"_wpcf7_locale\" value=\"en_US\" \/><input type=\"hidden\" name=\"_wpcf7_unit_tag\" value=\"wpcf7-f53072-o1\" \/><input type=\"hidden\" name=\"_wpcf7_container_post\" value=\"0\" \/><input type=\"hidden\" name=\"_wpcf7_posted_data_hash\" value=\"\" \/>\n<\/fieldset>\n<h4>Vos coordonn\u00e9es\n<\/h4>\n<p><label> Nom\u00a0*:<br \/>\n<span class=\"wpcf7-form-control-wrap\" data-name=\"your-name\"><input size=\"40\" maxlength=\"400\" class=\"wpcf7-form-control wpcf7-text wpcf7-validates-as-required\" autocomplete=\"name\" aria-required=\"true\" aria-invalid=\"false\" value=\"\" type=\"text\" name=\"your-name\" \/><\/span> <\/label>\n<\/p>\n<p><label> Adresse courriel *:<br \/>\n<span class=\"wpcf7-form-control-wrap\" data-name=\"your-email\"><input size=\"40\" maxlength=\"400\" class=\"wpcf7-form-control wpcf7-email wpcf7-validates-as-required wpcf7-text wpcf7-validates-as-email\" autocomplete=\"email\" aria-required=\"true\" aria-invalid=\"false\" value=\"\" type=\"email\" name=\"your-email\" \/><\/span><\/label>\n<\/p>\n<p><label> Num\u00e9ro de t\u00e9l\u00e9phone direct:<br \/>\n<span class=\"wpcf7-form-control-wrap\" data-name=\"your-phone\"><input size=\"40\" maxlength=\"400\" class=\"wpcf7-form-control wpcf7-tel wpcf7-text wpcf7-validates-as-tel\" autocomplete=\"tel\" aria-invalid=\"false\" value=\"\" type=\"tel\" name=\"your-phone\" \/><\/span><\/label>\n<\/p>\n<p><label> Entreprise (le cas \u00e9ch\u00e9ant):<br \/>\n<span class=\"wpcf7-form-control-wrap\" data-name=\"your-company\"><input size=\"40\" maxlength=\"400\" class=\"wpcf7-form-control wpcf7-text\" aria-invalid=\"false\" value=\"\" type=\"text\" name=\"your-company\" \/><\/span><\/label>\n<\/p>\n<h4>D\u00e9tails de votre \u00e9v\u00e9nement\n<\/h4>\n<p><label>Type de r\u00e9servation * (cochez une ou plusieurs options ci-dessous):<\/label><br \/>\n<span class=\"wpcf7-form-control-wrap\" data-name=\"event-type\"><span class=\"wpcf7-form-control wpcf7-checkbox wpcf7-validates-as-required\"><span class=\"wpcf7-list-item first\"><label><input type=\"checkbox\" name=\"event-type[]\" value=\"S\u00e9ance photo commerciale\" \/><span class=\"wpcf7-list-item-label\">S\u00e9ance photo commerciale<\/span><\/label><\/span><span class=\"wpcf7-list-item\"><label><input type=\"checkbox\" name=\"event-type[]\" value=\"Tournage d\u2019un film publicitaire ou d\u2019une vid\u00e9o\" \/><span class=\"wpcf7-list-item-label\">Tournage d\u2019un film publicitaire ou d\u2019une vid\u00e9o<\/span><\/label><\/span><span class=\"wpcf7-list-item\"><label><input type=\"checkbox\" name=\"event-type[]\" value=\"R\u00e9servation et utilisation \u00e0 des fins commerciales du feu de camp du parc Trillium\" \/><span class=\"wpcf7-list-item-label\">R\u00e9servation et utilisation \u00e0 des fins commerciales du feu de camp du parc Trillium<\/span><\/label><\/span><span class=\"wpcf7-list-item last\"><label><input type=\"checkbox\" name=\"event-type[]\" value=\"Autres\" \/><span class=\"wpcf7-list-item-label\">Autres<\/span><\/label><\/span><\/span><\/span>\n<\/p>\n<p><label>Date(s) demand\u00e9e(s) *:<\/label><br \/>\n<label class=\"force\"><span class=\"wpcf7-form-control-wrap\" data-name=\"event-date-primary\"><input class=\"wpcf7-form-control wpcf7-date wpcf7-validates-as-required wpcf7-validates-as-date\" min=\"2024-11-01\" aria-required=\"true\" aria-invalid=\"false\" value=\"\" type=\"date\" name=\"event-date-primary\" \/><\/span> date primaire *<\/label><br \/>\n<label class=\"force\"><span class=\"wpcf7-form-control-wrap\" data-name=\"event-date-secondary\"><input class=\"wpcf7-form-control wpcf7-date wpcf7-validates-as-date\" min=\"2024-11-01\" aria-invalid=\"false\" value=\"\" type=\"date\" name=\"event-date-secondary\" \/><\/span> date secondaire <\/label><br \/>\n<label class=\"force\"><span class=\"wpcf7-form-control-wrap\" data-name=\"event-date-tertiary\"><input class=\"wpcf7-form-control wpcf7-date wpcf7-validates-as-date\" min=\"2024-11-01\" aria-invalid=\"false\" value=\"\" type=\"date\" name=\"event-date-tertiary\" \/><\/span> date tertiaire<\/label>\n<\/p>\n<p><label><span class=\"force\">Heure de d\u00e9but *:<\/span><br \/>\n<span class=\"wpcf7-form-control-wrap\" data-name=\"event-start\"><select class=\"wpcf7-form-control wpcf7-select wpcf7-validates-as-required\" aria-required=\"true\" aria-invalid=\"false\" name=\"event-start\"><option value=\"\">&#8212;Please choose an option&#8212;<\/option><option value=\"07h00\">07h00<\/option><option value=\"07h30\">07h30<\/option><option value=\"08h00\">08h00<\/option><option value=\"08h30\">08h30<\/option><option value=\"09h00\">09h00<\/option><option value=\"09h30\">09h30<\/option><option value=\"10h00\">10h00<\/option><option value=\"10h30\">10h30<\/option><option value=\"11h00\">11h00<\/option><option value=\"11h30\">11h30<\/option><option value=\"12h00\">12h00<\/option><option value=\"12h30\">12h30<\/option><option value=\"13h00\">13h00<\/option><option value=\"13h30\">13h30<\/option><option value=\"14h00\">14h00<\/option><option value=\"14h30\">14h30<\/option><option value=\"15h00\">15h00<\/option><option value=\"15h30\">15h30<\/option><option value=\"16h00\">16h00<\/option><option value=\"16h30\">16h30<\/option><option value=\"17h00\">17h00<\/option><option value=\"17h30\">17h30<\/option><option value=\"18h00\">18h00<\/option><option value=\"18h30\">18h30<\/option><option value=\"19h00\">19h00<\/option><option value=\"19h30\">19h30<\/option><option value=\"20h00\">20h00<\/option><option value=\"20h30\">20h30<\/option><option value=\"21h00\">21h00<\/option><option value=\"21h30\">21h30<\/option><option value=\"22h00\">22h00<\/option><option value=\"22h30\">22h30<\/option><option value=\"23h00\">23h00<\/option><\/select><\/span><\/label>\n<\/p>\n<p><label><span class=\"force\">Heure de fin *:\u00a0<\/span><br \/>\n<span class=\"wpcf7-form-control-wrap\" data-name=\"event-end\"><select class=\"wpcf7-form-control wpcf7-select wpcf7-validates-as-required\" aria-required=\"true\" aria-invalid=\"false\" name=\"event-end\"><option value=\"\">&#8212;Please choose an option&#8212;<\/option><option value=\"07h00\">07h00<\/option><option value=\"07h30\">07h30<\/option><option value=\"08h00\">08h00<\/option><option value=\"08h30\">08h30<\/option><option value=\"09h00\">09h00<\/option><option value=\"09h30\">09h30<\/option><option value=\"10h00\">10h00<\/option><option value=\"10h30\">10h30<\/option><option value=\"11h00\">11h00<\/option><option value=\"11h30\">11h30<\/option><option value=\"12h00\">12h00<\/option><option value=\"12h30\">12h30<\/option><option value=\"13h00\">13h00<\/option><option value=\"13h30\">13h30<\/option><option value=\"14h00\">14h00<\/option><option value=\"14h30\">14h30<\/option><option value=\"15h00\">15h00<\/option><option value=\"15h30\">15h30<\/option><option value=\"16h00\">16h00<\/option><option value=\"16h30\">16h30<\/option><option value=\"17h00\">17h00<\/option><option value=\"17h30\">17h30<\/option><option value=\"18h00\">18h00<\/option><option value=\"18h30\">18h30<\/option><option value=\"19h00\">19h00<\/option><option value=\"19h30\">19h30<\/option><option value=\"20h00\">20h00<\/option><option value=\"20h30\">20h30<\/option><option value=\"21h00\">21h00<\/option><option value=\"21h30\">21h30<\/option><option value=\"22h00\">22h00<\/option><option value=\"22h30\">22h30<\/option><option value=\"23h00\">23h00<\/option><\/select><\/span><\/label>\n<\/p>\n<p><label><span class=\"force\">Participation pr\u00e9vue *:<\/span><br \/>\n<span class=\"wpcf7-form-control-wrap\" data-name=\"event-attendance\"><input class=\"wpcf7-form-control wpcf7-number wpcf7-validates-as-required wpcf7-validates-as-number\" aria-required=\"true\" aria-invalid=\"false\" value=\"\" type=\"number\" name=\"event-attendance\" \/><\/span><\/label>\n<\/p>\n<p><label> D\u00e9tails de la r\u00e9servation *:<br \/>\n<span class=\"wpcf7-form-control-wrap\" data-name=\"event-details\"><textarea cols=\"40\" rows=\"10\" maxlength=\"2000\" class=\"wpcf7-form-control wpcf7-textarea wpcf7-validates-as-required\" aria-required=\"true\" aria-invalid=\"false\" placeholder=\"Veuillez fournir les d\u00e9tails sp\u00e9cifiques \u00e0 votre demande de r\u00e9servation, y compris l\u2019infrastructure physique temporaire, la nourriture et les boissons, la programmation sp\u00e9ciale, etc...:\" name=\"event-details\"><\/textarea><\/span><\/label>\n<\/p>\n<p><input class=\"wpcf7-form-control wpcf7-submit has-spinner\" type=\"submit\" value=\"Soumettre\" \/>\n<\/p><div class=\"wpcf7-response-output\" aria-hidden=\"true\"><\/div>\n<\/form>\n<\/div>\n\n","protected":false},"excerpt":{"rendered":"<p>Ce qu&rsquo;il faut savoir avant de soumettre une demande<\/p>\n<p>Les r\u00e9servations de foyers pour un usage non commercial doivent \u00eatre sur la page de r\u00e9servation des foyers.<br \/>\nLes r\u00e9servations sont pour le &#8230;<\/p>\n","protected":false},"author":2,"featured_media":53069,"parent":0,"menu_order":0,"comment_status":"closed","ping_status":"closed","template":"","meta":{"_acf_changed":false,"_price":"","_stock":"","_tribe_ticket_header":"","_tribe_default_ticket_provider":"","_tribe_ticket_capacity":"","_ticket_start_date":"","_ticket_end_date":"","_tribe_ticket_show_description":"","_tribe_ticket_show_not_going":false,"_tribe_ticket_use_global_stock":"","_tribe_ticket_global_stock_level":"","_global_stock_mode":"","_global_stock_cap":"","_tribe_rsvp_for_event":"","_tribe_ticket_going_count":"","_tribe_ticket_not_going_count":"","_tribe_tickets_list":"[]","_tribe_ticket_has_attendee_info_fields":false,"footnotes":""},"class_list":["post-53073","page","type-page","status-publish","has-post-thumbnail","hentry"],"acf":[],"yoast_head":"<!-- This site is optimized with the Yoast SEO plugin v27.2 - https:\/\/yoast.com\/product\/yoast-seo-wordpress\/ -->\n<title>Ontario Place - Formulaire de Demande de R\u00e9servation<\/title>\n<meta name=\"robots\" content=\"index, follow, max-snippet:-1, max-image-preview:large, max-video-preview:-1\" \/>\n<link rel=\"canonical\" href=\"https:\/\/ontarioplace.com\/fr\/formulaire-de-demande-de-reservation\/\" \/>\n<meta name=\"twitter:card\" content=\"summary_large_image\" \/>\n<meta name=\"twitter:title\" content=\"Ontario Place - Formulaire de Demande de R\u00e9servation\" \/>\n<meta name=\"twitter:description\" content=\"Ce qu&rsquo;il faut savoir avant de soumettre une demande Les r\u00e9servations de foyers pour un usage non commercial doivent \u00eatre sur la page de r\u00e9servation des foyers. Les r\u00e9servations sont pour le ...\" \/>\n<meta name=\"twitter:image\" content=\"https:\/\/ontarioplace.com\/wp-content\/uploads\/2024\/11\/DSC2075-e1730821324927.jpg\" \/>\n<meta name=\"twitter:label1\" content=\"Dur\u00e9e de lecture estim\u00e9e\" \/>\n\t<meta name=\"twitter:data1\" content=\"1 minute\" \/>\n<script type=\"application\/ld+json\" class=\"yoast-schema-graph\">{\"@context\":\"https:\/\/schema.org\",\"@graph\":[{\"@type\":\"WebPage\",\"@id\":\"https:\/\/ontarioplace.com\/fr\/formulaire-de-demande-de-reservation\/\",\"url\":\"https:\/\/ontarioplace.com\/fr\/formulaire-de-demande-de-reservation\/\",\"name\":\"Ontario Place - Formulaire de Demande de R\u00e9servation\",\"isPartOf\":{\"@id\":\"https:\/\/ontarioplace.com\/en\/#website\"},\"primaryImageOfPage\":{\"@id\":\"https:\/\/ontarioplace.com\/fr\/formulaire-de-demande-de-reservation\/#primaryimage\"},\"image\":{\"@id\":\"https:\/\/ontarioplace.com\/fr\/formulaire-de-demande-de-reservation\/#primaryimage\"},\"thumbnailUrl\":\"https:\/\/ontarioplace.com\/wp-content\/uploads\/2024\/11\/DSC2075-e1730821324927.jpg\",\"datePublished\":\"2024-11-05T22:35:01+00:00\",\"dateModified\":\"2024-12-05T16:27:27+00:00\",\"breadcrumb\":{\"@id\":\"https:\/\/ontarioplace.com\/fr\/formulaire-de-demande-de-reservation\/#breadcrumb\"},\"inLanguage\":\"fr-FR\",\"potentialAction\":[{\"@type\":\"ReadAction\",\"target\":[\"https:\/\/ontarioplace.com\/fr\/formulaire-de-demande-de-reservation\/\"]}]},{\"@type\":\"ImageObject\",\"inLanguage\":\"fr-FR\",\"@id\":\"https:\/\/ontarioplace.com\/fr\/formulaire-de-demande-de-reservation\/#primaryimage\",\"url\":\"https:\/\/ontarioplace.com\/wp-content\/uploads\/2024\/11\/DSC2075-e1730821324927.jpg\",\"contentUrl\":\"https:\/\/ontarioplace.com\/wp-content\/uploads\/2024\/11\/DSC2075-e1730821324927.jpg\",\"width\":1638,\"height\":2048},{\"@type\":\"BreadcrumbList\",\"@id\":\"https:\/\/ontarioplace.com\/fr\/formulaire-de-demande-de-reservation\/#breadcrumb\",\"itemListElement\":[{\"@type\":\"ListItem\",\"position\":1,\"name\":\"Home\",\"item\":\"https:\/\/ontarioplace.com\/fr\/\"},{\"@type\":\"ListItem\",\"position\":2,\"name\":\"Formulaire de Demande de R\u00e9servation\"}]},{\"@type\":\"WebSite\",\"@id\":\"https:\/\/ontarioplace.com\/en\/#website\",\"url\":\"https:\/\/ontarioplace.com\/en\/\",\"name\":\"Ontario Place\",\"description\":\"Ontario Place, Ontario, events, Toronto, live music, concerts, films, Cinesphere, IMAX, screenings, IMAX screenings, Cin\u00e9sphere, Place de l&#039;Ontario\",\"potentialAction\":[{\"@type\":\"SearchAction\",\"target\":{\"@type\":\"EntryPoint\",\"urlTemplate\":\"https:\/\/ontarioplace.com\/en\/?s={search_term_string}\"},\"query-input\":{\"@type\":\"PropertyValueSpecification\",\"valueRequired\":true,\"valueName\":\"search_term_string\"}}],\"inLanguage\":\"fr-FR\"}]}<\/script>\n<!-- \/ Yoast SEO plugin. -->","yoast_head_json":{"title":"Ontario Place - Formulaire de Demande de R\u00e9servation","robots":{"index":"index","follow":"follow","max-snippet":"max-snippet:-1","max-image-preview":"max-image-preview:large","max-video-preview":"max-video-preview:-1"},"canonical":"https:\/\/ontarioplace.com\/fr\/formulaire-de-demande-de-reservation\/","twitter_card":"summary_large_image","twitter_title":"Ontario Place - Formulaire de Demande de R\u00e9servation","twitter_description":"Ce qu&rsquo;il faut savoir avant de soumettre une demande Les r\u00e9servations de foyers pour un usage non commercial doivent \u00eatre sur la page de r\u00e9servation des foyers. Les r\u00e9servations sont pour le ...","twitter_image":"https:\/\/ontarioplace.com\/wp-content\/uploads\/2024\/11\/DSC2075-e1730821324927.jpg","twitter_misc":{"Dur\u00e9e de lecture estim\u00e9e":"1 minute"},"schema":{"@context":"https:\/\/schema.org","@graph":[{"@type":"WebPage","@id":"https:\/\/ontarioplace.com\/fr\/formulaire-de-demande-de-reservation\/","url":"https:\/\/ontarioplace.com\/fr\/formulaire-de-demande-de-reservation\/","name":"Ontario Place - Formulaire de Demande de R\u00e9servation","isPartOf":{"@id":"https:\/\/ontarioplace.com\/en\/#website"},"primaryImageOfPage":{"@id":"https:\/\/ontarioplace.com\/fr\/formulaire-de-demande-de-reservation\/#primaryimage"},"image":{"@id":"https:\/\/ontarioplace.com\/fr\/formulaire-de-demande-de-reservation\/#primaryimage"},"thumbnailUrl":"https:\/\/ontarioplace.com\/wp-content\/uploads\/2024\/11\/DSC2075-e1730821324927.jpg","datePublished":"2024-11-05T22:35:01+00:00","dateModified":"2024-12-05T16:27:27+00:00","breadcrumb":{"@id":"https:\/\/ontarioplace.com\/fr\/formulaire-de-demande-de-reservation\/#breadcrumb"},"inLanguage":"fr-FR","potentialAction":[{"@type":"ReadAction","target":["https:\/\/ontarioplace.com\/fr\/formulaire-de-demande-de-reservation\/"]}]},{"@type":"ImageObject","inLanguage":"fr-FR","@id":"https:\/\/ontarioplace.com\/fr\/formulaire-de-demande-de-reservation\/#primaryimage","url":"https:\/\/ontarioplace.com\/wp-content\/uploads\/2024\/11\/DSC2075-e1730821324927.jpg","contentUrl":"https:\/\/ontarioplace.com\/wp-content\/uploads\/2024\/11\/DSC2075-e1730821324927.jpg","width":1638,"height":2048},{"@type":"BreadcrumbList","@id":"https:\/\/ontarioplace.com\/fr\/formulaire-de-demande-de-reservation\/#breadcrumb","itemListElement":[{"@type":"ListItem","position":1,"name":"Home","item":"https:\/\/ontarioplace.com\/fr\/"},{"@type":"ListItem","position":2,"name":"Formulaire de Demande de R\u00e9servation"}]},{"@type":"WebSite","@id":"https:\/\/ontarioplace.com\/en\/#website","url":"https:\/\/ontarioplace.com\/en\/","name":"Ontario Place","description":"Ontario Place, Ontario, events, Toronto, live music, concerts, films, Cinesphere, IMAX, screenings, IMAX screenings, Cin\u00e9sphere, Place de l&#039;Ontario","potentialAction":[{"@type":"SearchAction","target":{"@type":"EntryPoint","urlTemplate":"https:\/\/ontarioplace.com\/en\/?s={search_term_string}"},"query-input":{"@type":"PropertyValueSpecification","valueRequired":true,"valueName":"search_term_string"}}],"inLanguage":"fr-FR"}]}},"_links":{"self":[{"href":"https:\/\/ontarioplace.com\/fr\/wp-json\/wp\/v2\/pages\/53073","targetHints":{"allow":["GET"]}}],"collection":[{"href":"https:\/\/ontarioplace.com\/fr\/wp-json\/wp\/v2\/pages"}],"about":[{"href":"https:\/\/ontarioplace.com\/fr\/wp-json\/wp\/v2\/types\/page"}],"author":[{"embeddable":true,"href":"https:\/\/ontarioplace.com\/fr\/wp-json\/wp\/v2\/users\/2"}],"replies":[{"embeddable":true,"href":"https:\/\/ontarioplace.com\/fr\/wp-json\/wp\/v2\/comments?post=53073"}],"version-history":[{"count":0,"href":"https:\/\/ontarioplace.com\/fr\/wp-json\/wp\/v2\/pages\/53073\/revisions"}],"wp:featuredmedia":[{"embeddable":true,"href":"https:\/\/ontarioplace.com\/fr\/wp-json\/wp\/v2\/media\/53069"}],"wp:attachment":[{"href":"https:\/\/ontarioplace.com\/fr\/wp-json\/wp\/v2\/media?parent=53073"}],"curies":[{"name":"wp","href":"https:\/\/api.w.org\/{rel}","templated":true}]}}