{"id":53342,"date":"2025-05-12T09:04:59","date_gmt":"2025-05-12T13:04:59","guid":{"rendered":"https:\/\/ontplace.148.113.200.80.sslip.io\/\/?page_id=53342"},"modified":"2025-07-09T08:27:57","modified_gmt":"2025-07-09T12:27:57","slug":"festivalestival","status":"publish","type":"page","link":"https:\/\/ontarioplace.com\/fr\/quoi-de-neuf\/festivalestival\/","title":{"rendered":"FestivalEstival au parc Trillium"},"content":{"rendered":"<p><span data-contrast=\"none\">Du 5\u202fjuillet au 24\u202fao\u00fbt\u202f2025 se tiendra le FestivalEstival au parc Trillium, \u00e0 la Place de l&rsquo;Ontario. On pourra y d\u00e9couvrir une programmation musicale, artistique et culturelle emballante et une s\u00e9rie d&rsquo;activit\u00e9s gratuites tri\u00e9es sur le volet qui sauront satisfaire tous les go\u00fbts et tous les publics!<\/span><span data-ccp-props=\"{}\">\u00a0<\/span><\/p>\n<p>&nbsp;<\/p>\n<div class=\"displayGrid grid2\">\n<div class=\"gridUnit\"><img decoding=\"async\" class=\"size-full wp-image-38323 aligncenter\" src=\"https:\/\/ontarioplace.com\/wp-content\/uploads\/2025\/06\/Open-Canvas-Logo-bLACK.png\" alt=\"Open Canvas Music &amp; Arts\" width=\"275\" height=\"auto\" \/><\/div>\n<div class=\"gridUnit\">\n<h3>Open Canvas Music and Arts Festival<\/h3>\n<p>5 et 6 juillet<\/p>\n<p>Dansez, admirez des \u0153uvres d&rsquo;art extraordinaires et tissez des liens avec de nouveaux amis au Open Canvas Music and Arts Festival, le festival gratuit sans but lucratif de musique et d&rsquo;arts de Toronto.<\/p>\n<p>Ce festival transforme le secteur riverain en une galerie vivante de sons, de couleurs et qui favorise la coh\u00e9sion communautaire. Nous vous invitons \u00e0 une fin de semaine de c\u00e9l\u00e9brations musicales, artistiques et communautaires. Avec des spectacles d&rsquo;artistes locaux et de renomm\u00e9e internationale, des mets provenant de certains des meilleurs restaurants de la ville et une vue sur le paysage torontois, ce festival est un incontournable.<\/p>\n<p>Pour plus de d\u00e9tails sur l&rsquo;\u00e9v\u00e9nement, visitez le site Web <a href=\"https:\/\/www.opencanvas.social\/\" target=\"_blank\" rel=\"noopener\">Open Canvas<\/a>.<\/p>\n<\/div>\n<\/div>\n<div class=\"displayGrid grid2\">\n<div class=\"gridUnit\"><img decoding=\"async\" class=\"size-full wp-image-38323 aligncenter\" src=\"https:\/\/ontarioplace.com\/wp-content\/uploads\/2025\/06\/mixto-festival-logo-2025.png\" alt=\"MixtoFestival\" width=\"275\" height=\"auto\" \/><\/div>\n<div class=\"gridUnit\">\n<h3>Mixto Festival<\/h3>\n<p>12 et 13 juillet<\/p>\n<p>Le festival Mixto est une f\u00eate interg\u00e9n\u00e9rationnelle &#8211; amenez vos amis ou rencontrez-en de nouveaux!<br \/>\nPour sa 7e ann\u00e9e d&rsquo;existence, le festival Mixto rassemble les communaut\u00e9s, les cultures et les exp\u00e9riences pour deux jours de musique en direct et de musique de DJ. Profitez de la musique et de la danse ainsi que de la programmation pour enfants, des vendeurs de nourriture et d&rsquo;artisanat, d&rsquo;un bar avec permis d&rsquo;alcool, d&rsquo;installations artistiques et d&rsquo;une ambiance impeccable. Le festival Mixto apporte les ambiances de f\u00eate de quartier que vous aimez : niche et exp\u00e9rimentale, inclusive et souterraine, mais toujours s\u00fbre, accueillante et enracin\u00e9e dans la joie.<\/p>\n<p>Pour plus d&rsquo;information sur l&rsquo;\u00e9v\u00e9nement, visitez <a href=\"http:\/\/www.mixtofestival.com\" target=\"_blank\" rel=\"noopener\">www.mixtofestival.com<\/a><\/p>\n<p>&nbsp;<\/p>\n<\/div>\n<\/div>\n<div class=\"displayGrid grid2\">\n<div class=\"gridUnit\"><img decoding=\"async\" class=\"size-full wp-image-38323 aligncenter\" src=\"https:\/\/ontarioplace.com\/wp-content\/uploads\/2024\/05\/SLMF-2024-Logo.png\" alt=\"Summer Live Music Festival\" width=\"275\" height=\"auto\" \/><\/div>\n<div class=\"gridUnit\">\n<h3>Summer Live Music Festival<\/h3>\n<p>26 juillet<\/p>\n<p>Le Festival d&rsquo;\u00e9t\u00e9 de musique en direct est de retour pour sa sixi\u00e8me \u00e9dition annuelle au parc Trillium, avec une vue magnifique du front de mer, de la musique en direct, de l&rsquo;air frais et une ambiance inoubliable.<\/p>\n<p>La programmation de cette ann\u00e9e comprend des talents laur\u00e9ats, allant de groupes a cappella de renomm\u00e9e mondiale \u00e0 des groupes de jazz acclam\u00e9s, en passant par des DJ tr\u00e8s dynamiques, et tout ce qui se trouve entre les deux. Que vous soyez amateur d&rsquo;harmonies, de jazz ou de pop, il y en aura pour tous les go\u00fbts.<br \/>\nApportez une couverture ou une chaise de jardin, rassemblez vos amis et votre famille et impr\u00e9gnez vous des sons de l&rsquo;\u00e9t\u00e9 dans l&rsquo;un des cadres les plus pittoresques de Toronto. Le magnifique front de mer du parc Trillium est la toile de fond id\u00e9ale pour cette activit\u00e9 familiale.<\/p>\n<p>Pour plus d&rsquo;information sur l&rsquo;\u00e9v\u00e9nement, visitez <a href=\"http:\/\/www.tujazz.com\/slmf2025\" target=\"_blank\" rel=\"noopener\">www.tujazz.com\/slmf2025<\/a>.<\/p>\n<\/div>\n<\/div>\n<div class=\"displayGrid grid2\">\n<div class=\"gridUnit\"><img decoding=\"async\" class=\"size-full wp-image-38323 aligncenter\" src=\"https:\/\/ontarioplace.com\/wp-content\/uploads\/2024\/05\/Indigenous-Sounds-Now-Logo-1.png\" alt=\"Indigenous Sounds Now\" width=\"275\" height=\"auto\" \/><\/div>\n<div class=\"gridUnit\">\n<h3>Indigenous Sounds Now<\/h3>\n<p>27 juillet<\/p>\n<p>Indigenous Sounds Now amplifie la voix des musiciens autochtones des Nations anishinaabe, mohawk et crie.<\/p>\n<p>Avec une brochette de musiciens autochtones et de finalistes aux prix JUNO, Indigenous Sounds Now offre maintenant une fusion de la culture autochtone avec les styles pop, blues, roots et rock. N&rsquo;oubliez pas de vous joindre \u00e0 nous pour \u00e9couter et danser sur cette merveilleuse mosa\u00efque musicale autochtone.<\/p>\n<p>Pour en savoir plus sur l&rsquo;\u00e9v\u00e9nement, consultez la page <a href=\"https:\/\/ontarioplace.com\/fr\/indigenous-sounds-now\/\" target=\"_blank\" rel=\"noopener\">Indigenous Sounds Now<\/a>.<\/p>\n<\/div>\n<\/div>\n<div class=\"displayGrid grid2\">\n<div class=\"gridUnit\"><img decoding=\"async\" class=\"size-full wp-image-38323 aligncenter\" src=\"https:\/\/ontarioplace.com\/wp-content\/uploads\/2025\/06\/Wavelength-Summer-Thing-Logo.png\" alt=\"Wavelength Summer Thing\" width=\"275\" height=\"auto\" \/><\/div>\n<div class=\"gridUnit\">\n<h3>Wavelength Summer Thing<\/h3>\n<p>9 et 10 ao\u00fbt<\/p>\n<p>Wavelength Summer Thing, la c\u00e9l\u00e9bration annuelle au parc Trillium, revient pour deux journ\u00e9es enti\u00e8res de musique. De la musique hindie folk \u00e0 l&rsquo;\u00e9lectronique psych\u00e9d\u00e9lique en passant par le hip-hop po\u00e9tique, la cr\u00e9ativit\u00e9 locale et canadienne est \u00e0 l&rsquo;honneur.<\/p>\n<p>Avec les installations et l&rsquo;art immersifs distinctifs de Wavelength, ce rassemblement communautaire met en valeur le magnifique parc riverain et la verdure luxuriante. Des vendeurs d&rsquo;aliments d\u00e9licieux, des activit\u00e9s interactives et un march\u00e9 de style \u00ab\u202fhindie\u202f\u00bb rassemblent tous les \u00e2ges pour une fin de semaine de plaisir!<\/p>\n<p>Pour en savoir plus sur l&rsquo;\u00e9v\u00e9nement, visitez le site Web de l&rsquo;initiative <a href=\"https:\/\/www.wavelengthmusic.ca\/festival\/wavelength-summer-thing-2025-downtown-edition\/\" target=\"_blank\" rel=\"noopener\">Wavelength Summer Thing<\/a>.<\/p>\n<\/div>\n<\/div>\n<div class=\"displayGrid grid2\">\n<div class=\"gridUnit\"><img decoding=\"async\" class=\"size-full wp-image-38323 aligncenter\" src=\"https:\/\/ontarioplace.com\/wp-content\/uploads\/2023\/06\/its-ok-world.png\" alt=\"It's OK\" width=\"275\" height=\"auto\" \/><\/div>\n<div class=\"gridUnit\">\n<h3>It&rsquo;s OK* World<\/h3>\n<p>16 et 17 ao\u00fbt<\/p>\n<p>Rejoignez-nous pour la troisi\u00e8me \u00e9dition du festival annuel gratuit en plein air It&rsquo;s Ok* World, qui met en valeur le talent vibrant et diversifi\u00e9 de la communaut\u00e9 artistique noire de Toronto. Avec pour toile de fond un \u00e9t\u00e9 chaud, ce festival de deux jours c\u00e9l\u00e8bre l&rsquo;art, la culture et la communaut\u00e9. C&rsquo;est un espace o\u00f9 les artistes noirs peuvent briller, gu\u00e9rir et faire part de leurs histoires.<br \/>\nPour plus d&rsquo;information sur l&rsquo;\u00e9v\u00e9nement, consultez <a href=\"https:\/\/www.universe.com\/events\/its-ok-world-tickets-XDP7HG?fbclid=PAZXh0bgNhZW0CMTEAAafzr9CMk4YKilmnQOJEC45z6Zk3vctdL_nmpQ24GxSAmA0jNzJhGK17Fd1srQ_aem_8qIG7JqWf3uJ9MmvamG3ig\" target=\"_blank\" rel=\"noopener\">It&rsquo;s Ok* World<\/a>.<\/p>\n<\/div>\n<\/div>\n<div class=\"displayGrid grid2\">\n<div class=\"gridUnit\"><img decoding=\"async\" class=\"size-full wp-image-38323 aligncenter\" src=\"https:\/\/ontarioplace.com\/wp-content\/uploads\/2025\/06\/thehustle_logo_blackwithshadow.png\" alt=\"The Hustle\" width=\"275\" height=\"auto\" \/><\/div>\n<div class=\"gridUnit\">\n<h3>The Academy presents The Hustle<\/h3>\n<p>23 ao\u00fbt<\/p>\n<p>L&rsquo;Acad\u00e9mie c\u00e9l\u00e8bre le 10e\u202fanniversaire de sa s\u00e9rie de concerts de renom, The Hustle, qui met en vedette des artistes nouveaux et \u00e9mergents &#8211; principalement locaux &#8211; avec des invit\u00e9s choisis de partout au Canada. Ax\u00e9 sur la mise en valeur du hip-hop, du R&amp;B\/soul et des genres instrumentaux ax\u00e9s sur les rythmes, The Hustle a jou\u00e9 un r\u00f4le cl\u00e9 dans l&rsquo;introduction du public \u00e0 des talents maintenant reconnus mondialement. La s\u00e9rie a accueilli les premiers spectacles d&rsquo;artistes tels que TOBi, Sadboi (anciennement Ebhoni), Emanuel, TRP.P, Obuxum et Witch Prophet (anciennement Above Top Secret), parmi tant d&rsquo;autres. Avec plus de 120\u202fartistes en vedette dans 42\u202fconcerts, The Hustle est l&rsquo;une des plus anciennes vitrines de hip-hop et de R&amp;B au Canada. Pour souligner cette \u00e9tape importante, un groupe d&rsquo;anciens se produira dans le cadre d&rsquo;une c\u00e9l\u00e9bration d&rsquo;une journ\u00e9e au parc Trillium de la Place de l&rsquo;Ontario.<\/p>\n<p>Pour en savoir plus sur l&rsquo;\u00e9v\u00e9nement, consultez le site Web <a href=\"https:\/\/www.academypresents.com\/\" target=\"_blank\" rel=\"noopener\">The Academy Presents<\/a>.<\/p>\n<\/div>\n<\/div>\n<div class=\"displayGrid grid2\">\n<div class=\"gridUnit\"><img decoding=\"async\" class=\"size-full wp-image-38323 aligncenter\" src=\"https:\/\/ontarioplace.com\/wp-content\/uploads\/2023\/06\/TO_logo_PMS647.png\" alt=\"City of Toronto Logo\" width=\"275\" height=\"auto\" \/><\/div>\n<div class=\"gridUnit\">\n<h3>City Hall Live<\/h3>\n<p>24 ao\u00fbt<\/p>\n<p>L&rsquo;\u00e9v\u00e9nement City Hall Live revient au parc Trillium le dimanche\u202f24\u202fao\u00fbt. Cet \u00e9v\u00e9nement gratuit et familial comprend des concerts, des le\u00e7ons de danse et des divertissements. Les invit\u00e9s peuvent aussi profiter d&rsquo;un bar sur place, de vendeurs de produits alimentaires et d&rsquo;un march\u00e9 d&rsquo;artisanat. City Hall Live est une vitrine musicale et une s\u00e9rie d&rsquo;\u00e9v\u00e9nements qui mettent en vedette des musiciens, des organismes, des lieux et des diffuseurs locaux.<\/p>\n<p>Pour en savoir plus sur l&rsquo;\u00e9v\u00e9nement, consultez le site Web de la <a href=\"https:\/\/www.toronto.ca\/explore-enjoy\/festivals-events\/city-hall-live\/\" target=\"_blank\" rel=\"noopener\">Ville de Toronto<\/a>.<\/p>\n<p>&nbsp;<\/p>\n<\/div>\n<\/div>\n<p>Cliquez pour vous renseigner sur les s\u00e9ances de<a href=\"https:\/\/ontarioplace.com\/fr\/programmes_speciaux\/yoga-au-parc-trillium\/\"> yoga au parc Trillum<\/a> et sur l<a href=\"https:\/\/ontarioplace.com\/fr\/visitez-nous\/\">a mani\u00e8re d&rsquo;acc\u00e9der au parc<\/a>.<\/p>\n","protected":false},"excerpt":{"rendered":"<p>Du 5\u202fjuillet au 24\u202fao\u00fbt\u202f2025 se tiendra le FestivalEstival au parc Trillium, \u00e0 la Place de l&rsquo;Ontario. On pourra y d\u00e9couvrir une programmation musicale, artistique et culturelle emballante et une s\u00e9rie &#8230;<\/p>\n","protected":false},"author":3,"featured_media":53671,"parent":5392,"menu_order":0,"comment_status":"closed","ping_status":"closed","template":"template-whatson.php","meta":{"_acf_changed":false,"_price":"","_stock":"","_tribe_ticket_header":"","_tribe_default_ticket_provider":"","_tribe_ticket_capacity":"0","_ticket_start_date":"","_ticket_end_date":"","_tribe_ticket_show_description":"","_tribe_ticket_show_not_going":false,"_tribe_ticket_use_global_stock":"","_tribe_ticket_global_stock_level":"","_global_stock_mode":"","_global_stock_cap":"","_tribe_rsvp_for_event":"","_tribe_ticket_going_count":"","_tribe_ticket_not_going_count":"","_tribe_tickets_list":"[]","_tribe_ticket_has_attendee_info_fields":false,"footnotes":""},"class_list":["post-53342","page","type-page","status-publish","has-post-thumbnail","hentry"],"acf":[],"yoast_head":"<!-- This site is optimized with the Yoast SEO plugin v27.2 - https:\/\/yoast.com\/product\/yoast-seo-wordpress\/ -->\n<title>Ontario Place - FestivalEstival au parc Trillium<\/title>\n<meta name=\"robots\" content=\"index, follow, max-snippet:-1, max-image-preview:large, max-video-preview:-1\" \/>\n<link rel=\"canonical\" href=\"https:\/\/ontarioplace.com\/fr\/quoi-de-neuf\/festivalestival\/\" \/>\n<meta name=\"twitter:card\" content=\"summary_large_image\" \/>\n<meta name=\"twitter:title\" content=\"Ontario Place - FestivalEstival au parc Trillium\" \/>\n<meta name=\"twitter:description\" content=\"Du 5\u202fjuillet au 24\u202fao\u00fbt\u202f2025 se tiendra le FestivalEstival au parc Trillium, \u00e0 la Place de l&rsquo;Ontario. On pourra y d\u00e9couvrir une programmation musicale, artistique et culturelle emballante et une s\u00e9rie ...\" \/>\n<meta name=\"twitter:image\" content=\"https:\/\/ontarioplace.com\/wp-content\/uploads\/2025\/06\/DSC09012-scaled-e1748882093944.jpg\" \/>\n<meta name=\"twitter:label1\" content=\"Dur\u00e9e de lecture estim\u00e9e\" \/>\n\t<meta name=\"twitter:data1\" content=\"7 minutes\" \/>\n<script type=\"application\/ld+json\" class=\"yoast-schema-graph\">{\"@context\":\"https:\/\/schema.org\",\"@graph\":[{\"@type\":\"WebPage\",\"@id\":\"https:\/\/ontarioplace.com\/fr\/quoi-de-neuf\/festivalestival\/\",\"url\":\"https:\/\/ontarioplace.com\/fr\/quoi-de-neuf\/festivalestival\/\",\"name\":\"Ontario Place - FestivalEstival au parc Trillium\",\"isPartOf\":{\"@id\":\"https:\/\/ontarioplace.com\/en\/#website\"},\"primaryImageOfPage\":{\"@id\":\"https:\/\/ontarioplace.com\/fr\/quoi-de-neuf\/festivalestival\/#primaryimage\"},\"image\":{\"@id\":\"https:\/\/ontarioplace.com\/fr\/quoi-de-neuf\/festivalestival\/#primaryimage\"},\"thumbnailUrl\":\"https:\/\/ontarioplace.com\/wp-content\/uploads\/2025\/06\/DSC09012-scaled-e1748882093944.jpg\",\"datePublished\":\"2025-05-12T13:04:59+00:00\",\"dateModified\":\"2025-07-09T12:27:57+00:00\",\"breadcrumb\":{\"@id\":\"https:\/\/ontarioplace.com\/fr\/quoi-de-neuf\/festivalestival\/#breadcrumb\"},\"inLanguage\":\"fr-FR\",\"potentialAction\":[{\"@type\":\"ReadAction\",\"target\":[\"https:\/\/ontarioplace.com\/fr\/quoi-de-neuf\/festivalestival\/\"]}]},{\"@type\":\"ImageObject\",\"inLanguage\":\"fr-FR\",\"@id\":\"https:\/\/ontarioplace.com\/fr\/quoi-de-neuf\/festivalestival\/#primaryimage\",\"url\":\"https:\/\/ontarioplace.com\/wp-content\/uploads\/2025\/06\/DSC09012-scaled-e1748882093944.jpg\",\"contentUrl\":\"https:\/\/ontarioplace.com\/wp-content\/uploads\/2025\/06\/DSC09012-scaled-e1748882093944.jpg\",\"width\":2560,\"height\":1442,\"caption\":\"Musician performing in front of a crowd in a park. Musicien jouant devant une foule dans un parc.\"},{\"@type\":\"BreadcrumbList\",\"@id\":\"https:\/\/ontarioplace.com\/fr\/quoi-de-neuf\/festivalestival\/#breadcrumb\",\"itemListElement\":[{\"@type\":\"ListItem\",\"position\":1,\"name\":\"Home\",\"item\":\"https:\/\/ontarioplace.com\/fr\/\"},{\"@type\":\"ListItem\",\"position\":2,\"name\":\"Quoi de neuf\",\"item\":\"https:\/\/ontarioplace.com\/fr\/quoi-de-neuf\/\"},{\"@type\":\"ListItem\",\"position\":3,\"name\":\"FestivalEstival au parc Trillium\"}]},{\"@type\":\"WebSite\",\"@id\":\"https:\/\/ontarioplace.com\/en\/#website\",\"url\":\"https:\/\/ontarioplace.com\/en\/\",\"name\":\"Ontario Place\",\"description\":\"Ontario Place, Ontario, events, Toronto, live music, concerts, films, Cinesphere, IMAX, screenings, IMAX screenings, Cin\u00e9sphere, Place de l&#039;Ontario\",\"potentialAction\":[{\"@type\":\"SearchAction\",\"target\":{\"@type\":\"EntryPoint\",\"urlTemplate\":\"https:\/\/ontarioplace.com\/en\/?s={search_term_string}\"},\"query-input\":{\"@type\":\"PropertyValueSpecification\",\"valueRequired\":true,\"valueName\":\"search_term_string\"}}],\"inLanguage\":\"fr-FR\"}]}<\/script>\n<!-- \/ Yoast SEO plugin. -->","yoast_head_json":{"title":"Ontario Place - FestivalEstival au parc Trillium","robots":{"index":"index","follow":"follow","max-snippet":"max-snippet:-1","max-image-preview":"max-image-preview:large","max-video-preview":"max-video-preview:-1"},"canonical":"https:\/\/ontarioplace.com\/fr\/quoi-de-neuf\/festivalestival\/","twitter_card":"summary_large_image","twitter_title":"Ontario Place - FestivalEstival au parc Trillium","twitter_description":"Du 5\u202fjuillet au 24\u202fao\u00fbt\u202f2025 se tiendra le FestivalEstival au parc Trillium, \u00e0 la Place de l&rsquo;Ontario. On pourra y d\u00e9couvrir une programmation musicale, artistique et culturelle emballante et une s\u00e9rie ...","twitter_image":"https:\/\/ontarioplace.com\/wp-content\/uploads\/2025\/06\/DSC09012-scaled-e1748882093944.jpg","twitter_misc":{"Dur\u00e9e de lecture estim\u00e9e":"7 minutes"},"schema":{"@context":"https:\/\/schema.org","@graph":[{"@type":"WebPage","@id":"https:\/\/ontarioplace.com\/fr\/quoi-de-neuf\/festivalestival\/","url":"https:\/\/ontarioplace.com\/fr\/quoi-de-neuf\/festivalestival\/","name":"Ontario Place - FestivalEstival au parc Trillium","isPartOf":{"@id":"https:\/\/ontarioplace.com\/en\/#website"},"primaryImageOfPage":{"@id":"https:\/\/ontarioplace.com\/fr\/quoi-de-neuf\/festivalestival\/#primaryimage"},"image":{"@id":"https:\/\/ontarioplace.com\/fr\/quoi-de-neuf\/festivalestival\/#primaryimage"},"thumbnailUrl":"https:\/\/ontarioplace.com\/wp-content\/uploads\/2025\/06\/DSC09012-scaled-e1748882093944.jpg","datePublished":"2025-05-12T13:04:59+00:00","dateModified":"2025-07-09T12:27:57+00:00","breadcrumb":{"@id":"https:\/\/ontarioplace.com\/fr\/quoi-de-neuf\/festivalestival\/#breadcrumb"},"inLanguage":"fr-FR","potentialAction":[{"@type":"ReadAction","target":["https:\/\/ontarioplace.com\/fr\/quoi-de-neuf\/festivalestival\/"]}]},{"@type":"ImageObject","inLanguage":"fr-FR","@id":"https:\/\/ontarioplace.com\/fr\/quoi-de-neuf\/festivalestival\/#primaryimage","url":"https:\/\/ontarioplace.com\/wp-content\/uploads\/2025\/06\/DSC09012-scaled-e1748882093944.jpg","contentUrl":"https:\/\/ontarioplace.com\/wp-content\/uploads\/2025\/06\/DSC09012-scaled-e1748882093944.jpg","width":2560,"height":1442,"caption":"Musician performing in front of a crowd in a park. Musicien jouant devant une foule dans un parc."},{"@type":"BreadcrumbList","@id":"https:\/\/ontarioplace.com\/fr\/quoi-de-neuf\/festivalestival\/#breadcrumb","itemListElement":[{"@type":"ListItem","position":1,"name":"Home","item":"https:\/\/ontarioplace.com\/fr\/"},{"@type":"ListItem","position":2,"name":"Quoi de neuf","item":"https:\/\/ontarioplace.com\/fr\/quoi-de-neuf\/"},{"@type":"ListItem","position":3,"name":"FestivalEstival au parc Trillium"}]},{"@type":"WebSite","@id":"https:\/\/ontarioplace.com\/en\/#website","url":"https:\/\/ontarioplace.com\/en\/","name":"Ontario Place","description":"Ontario Place, Ontario, events, Toronto, live music, concerts, films, Cinesphere, IMAX, screenings, IMAX screenings, Cin\u00e9sphere, Place de l&#039;Ontario","potentialAction":[{"@type":"SearchAction","target":{"@type":"EntryPoint","urlTemplate":"https:\/\/ontarioplace.com\/en\/?s={search_term_string}"},"query-input":{"@type":"PropertyValueSpecification","valueRequired":true,"valueName":"search_term_string"}}],"inLanguage":"fr-FR"}]}},"_links":{"self":[{"href":"https:\/\/ontarioplace.com\/fr\/wp-json\/wp\/v2\/pages\/53342","targetHints":{"allow":["GET"]}}],"collection":[{"href":"https:\/\/ontarioplace.com\/fr\/wp-json\/wp\/v2\/pages"}],"about":[{"href":"https:\/\/ontarioplace.com\/fr\/wp-json\/wp\/v2\/types\/page"}],"author":[{"embeddable":true,"href":"https:\/\/ontarioplace.com\/fr\/wp-json\/wp\/v2\/users\/3"}],"replies":[{"embeddable":true,"href":"https:\/\/ontarioplace.com\/fr\/wp-json\/wp\/v2\/comments?post=53342"}],"version-history":[{"count":0,"href":"https:\/\/ontarioplace.com\/fr\/wp-json\/wp\/v2\/pages\/53342\/revisions"}],"up":[{"embeddable":true,"href":"https:\/\/ontarioplace.com\/fr\/wp-json\/wp\/v2\/pages\/5392"}],"wp:featuredmedia":[{"embeddable":true,"href":"https:\/\/ontarioplace.com\/fr\/wp-json\/wp\/v2\/media\/53671"}],"wp:attachment":[{"href":"https:\/\/ontarioplace.com\/fr\/wp-json\/wp\/v2\/media?parent=53342"}],"curies":[{"name":"wp","href":"https:\/\/api.w.org\/{rel}","templated":true}]}}