{"id":8530,"date":"2018-08-09T20:46:50","date_gmt":"2018-08-09T20:46:50","guid":{"rendered":"https:\/\/ontplace.148.113.200.80.sslip.io\/\/?page_id=8530"},"modified":"2026-04-10T09:54:02","modified_gmt":"2026-04-10T13:54:02","slug":"feu-de-camp","status":"publish","type":"page","link":"https:\/\/ontarioplace.com\/fr\/quoi-de-neuf\/feu-de-camp\/","title":{"rendered":"Feu de camp parc Trillium"},"content":{"rendered":"<p>Le foyer ext\u00e9rieur de Trillium Park est situ\u00e9 au c\u0153ur du parc, en bordure de l&rsquo;eau, avec des si\u00e8ges am\u00e9nag\u00e9s sur de grands rochers naturels.<\/p>\n<p><strong>Frais:<\/strong> Aucun frais de r\u00e9servation.<\/p>\n<p><strong>CE QUE VOUS DEVEZ SAVOIR AVANT DE R\u00c9SERVER<br \/>\n<\/strong><\/p>\n<p>Il n&rsquo;y a qu&rsquo;un seul foyer, et comme il est gratuit \u00e0 r\u00e9server, il est tr\u00e8s populaire. Veuillez noter :<\/p>\n<ul>\n<li>Une date appara\u00eetra comme disponible si au moins une plage horaire est libre ce jour-l\u00e0.<br \/>\nSi une plage horaire semble disponible mais que vous ne pouvez pas compl\u00e9ter la r\u00e9servation, elle peut d\u00e9j\u00e0 \u00eatre dans le panier d&rsquo;un autre client et en cours de r\u00e9servation.<br \/>\nUn maximum de deux (2) r\u00e9servations simultan\u00e9es par personne est permis. Les r\u00e9servations d\u00e9passant cette limite seront automatiquement annul\u00e9es.<\/li>\n<\/ul>\n<h2>Comment faire une r\u00e9servation<\/h2>\n<ol>\n<li>Pour commencer votre r\u00e9servations, <a href=\"https:\/\/booking.cojilio.com\/ontarioplace\"><strong>cliquez sur ce lien pour effectuer une r\u00e9servation en ligne<\/strong><\/a> (veuillez noter que ce qui suit n&rsquo;est disponible qu&rsquo;en anglais. Pour voir en fran\u00e7ais, faites un clic droit et s\u00e9lectionnez \u00ab\u00a0translate en fran\u00e7ais\u00a0\u00bb)<\/li>\n<li>S\u00e9lectionnez la date et l&rsquo;heure souhait\u00e9es.<\/li>\n<li>Remplissez le formulaire de r\u00e9servation.<\/li>\n<li>Vous recevrez un courriel de confirmation avec les d\u00e9tails de votre r\u00e9servation, votre permis de feu et les indications pour vous rendre \u00e0 Trillium Park.<\/li>\n<li>Les r\u00e9servations peuvent \u00eatre modifi\u00e9es directement via Eventbrite.<\/li>\n<\/ol>\n<p><strong>Important :<\/strong> Les r\u00e9servations du foyer ne sont pas valides pour des \u00e9v\u00e9nements, des activations et\/ou un usage commercial. Pour r\u00e9server le foyer \u00e0 ces fins, vous devez remplir et soumettre le formulaire de\u00a0<a href=\"https:\/\/ontarioplace.com\/fr\/formulaire-de-demande-de-reservation\/\">demande de r\u00e9servation<\/a>.<\/p>\n<p>&nbsp;<\/p>\n<h2>R\u00e8gles de r\u00e9servation<\/h2>\n<p>Tous les invit\u00e9s doivent respecter les r\u00e8gles indiqu\u00e9es dans les courriels de confirmation.<\/p>\n<ul>\n<li>Un maximum de deux (2) r\u00e9servations simultan\u00e9es par personne est permis.<\/li>\n<li>Les r\u00e9servations effectu\u00e9es par une m\u00eame personne et\/ou un m\u00eame groupe au-del\u00e0 de cette limite seront annul\u00e9es.<\/li>\n<li>Les chiens sont autoris\u00e9s dans le parc et doivent \u00eatre tenus en laisse en tout temps.<\/li>\n<li>Veuillez utiliser les poubelles fournies afin de garder le parc propre.<\/li>\n<li>Aucune tente, table ou structure n&rsquo;est permise (chaises pliantes suppl\u00e9mentaires seulement).<\/li>\n<li>La musique \u00e0 faible volume est permise; aucun syst\u00e8me de son ou son amplifi\u00e9.<\/li>\n<li>L&rsquo;alcool est interdit au foyer.<\/li>\n<\/ul>\n<h3>Capacit\u00e9<\/h3>\n<p>Le nombre maximum de personnes autoris\u00e9es par location de foyer est de 25.<\/p>\n<h3>Bois<\/h3>\n<p>Les personnes ayant r\u00e9serv\u00e9 doivent apporter leur propre bois. Seul le bois de chauffage sec et propre (c.-\u00e0-d. non peint ou trait\u00e9 sous pression) peut \u00eatre br\u00fbl\u00e9. Il est interdit aux personnes ayant r\u00e9serv\u00e9 de br\u00fbler du feuillage ou des produits en bois recueillis sur la propri\u00e9t\u00e9 de la Place de l&rsquo;Ontario.<\/p>\n<h3>Extinction<\/h3>\n<p>Du sable est fourni pour \u00e9teindre le feu. Le bac se trouve pr\u00e8s de la fosse.<\/p>\n<h3>Nourriture et boisson<\/h3>\n<p>Les feux de camp ne sont pas con\u00e7us pour cuisiner, mais n&rsquo;h\u00e9sitez pas \u00e0 faire griller quelques guimauves! Il est interdit de boire de l&rsquo;alcool sur les terrains du Feu de camp ou de la Place de l&rsquo;Ontario.<\/p>\n<h3>Intemp\u00e9ries<\/h3>\n<p>La Place de l&rsquo;Ontario peut, \u00e0 sa discr\u00e9tion, annuler une r\u00e9servation en raison du vent, du mauvais temps ou de tout autre facteur.<br \/>\nSi le vent souffle ou souffle des rafales \u00e0 une vitesse \u00e9gale ou sup\u00e9rieure \u00e0 25 km\/h, un incendie ne peut pas d\u00e9marrer. Si un incendie est d\u00e9j\u00e0 en cours, il doit \u00eatre imm\u00e9diatement \u00e9teint.<\/p>\n<h3>Questions?<\/h3>\n<p>Veuillez appeler le 416-314-9900 ou envoyer un courriel \u00e0 <a href=\"mailto:opinfo@ontario.ca\">opinfo@ontario.ca<\/a>.<\/p>\n","protected":false},"excerpt":{"rendered":"<p>Le foyer ext\u00e9rieur de Trillium Park est situ\u00e9 au c\u0153ur du parc, en bordure de l&rsquo;eau, avec des si\u00e8ges am\u00e9nag\u00e9s sur de grands rochers naturels.<br \/>\nFrais: Aucun frais de r\u00e9servation.<br \/>\nCE QUE &#8230;<\/p>\n","protected":false},"author":2,"featured_media":44191,"parent":5392,"menu_order":0,"comment_status":"closed","ping_status":"closed","template":"template-whatson.php","meta":{"_acf_changed":false,"_price":"","_stock":"","_tribe_ticket_header":"","_tribe_default_ticket_provider":"","_tribe_ticket_capacity":"0","_ticket_start_date":"","_ticket_end_date":"","_tribe_ticket_show_description":"","_tribe_ticket_show_not_going":false,"_tribe_ticket_use_global_stock":"","_tribe_ticket_global_stock_level":"","_global_stock_mode":"","_global_stock_cap":"","_tribe_rsvp_for_event":"","_tribe_ticket_going_count":"","_tribe_ticket_not_going_count":"","_tribe_tickets_list":"[]","_tribe_ticket_has_attendee_info_fields":false,"footnotes":""},"class_list":["post-8530","page","type-page","status-publish","has-post-thumbnail","hentry"],"acf":[],"yoast_head":"<!-- This site is optimized with the Yoast SEO plugin v27.2 - https:\/\/yoast.com\/product\/yoast-seo-wordpress\/ -->\n<title>Ontario Place - Feu de camp parc Trillium<\/title>\n<meta name=\"robots\" content=\"index, follow, max-snippet:-1, max-image-preview:large, max-video-preview:-1\" \/>\n<link rel=\"canonical\" href=\"https:\/\/ontarioplace.com\/fr\/quoi-de-neuf\/feu-de-camp\/\" \/>\n<meta name=\"twitter:card\" content=\"summary_large_image\" \/>\n<meta name=\"twitter:title\" content=\"Ontario Place - Feu de camp parc Trillium\" \/>\n<meta name=\"twitter:description\" content=\"Le foyer ext\u00e9rieur de Trillium Park est situ\u00e9 au c\u0153ur du parc, en bordure de l&rsquo;eau, avec des si\u00e8ges am\u00e9nag\u00e9s sur de grands rochers naturels. Frais: Aucun frais de r\u00e9servation. CE QUE ...\" \/>\n<meta name=\"twitter:image\" content=\"https:\/\/ontarioplace.com\/wp-content\/uploads\/2021\/05\/MAA4796-scaled-e1622224366857.jpg\" \/>\n<meta name=\"twitter:label1\" content=\"Dur\u00e9e de lecture estim\u00e9e\" \/>\n\t<meta name=\"twitter:data1\" content=\"3 minutes\" \/>\n<script type=\"application\/ld+json\" class=\"yoast-schema-graph\">{\"@context\":\"https:\/\/schema.org\",\"@graph\":[{\"@type\":\"WebPage\",\"@id\":\"https:\/\/ontarioplace.com\/fr\/quoi-de-neuf\/feu-de-camp\/\",\"url\":\"https:\/\/ontarioplace.com\/fr\/quoi-de-neuf\/feu-de-camp\/\",\"name\":\"Ontario Place - Feu de camp parc Trillium\",\"isPartOf\":{\"@id\":\"https:\/\/ontarioplace.com\/en\/#website\"},\"primaryImageOfPage\":{\"@id\":\"https:\/\/ontarioplace.com\/fr\/quoi-de-neuf\/feu-de-camp\/#primaryimage\"},\"image\":{\"@id\":\"https:\/\/ontarioplace.com\/fr\/quoi-de-neuf\/feu-de-camp\/#primaryimage\"},\"thumbnailUrl\":\"https:\/\/ontarioplace.com\/wp-content\/uploads\/2021\/05\/MAA4796-scaled-e1622224366857.jpg\",\"datePublished\":\"2018-08-09T20:46:50+00:00\",\"dateModified\":\"2026-04-10T13:54:02+00:00\",\"breadcrumb\":{\"@id\":\"https:\/\/ontarioplace.com\/fr\/quoi-de-neuf\/feu-de-camp\/#breadcrumb\"},\"inLanguage\":\"fr-FR\",\"potentialAction\":[{\"@type\":\"ReadAction\",\"target\":[\"https:\/\/ontarioplace.com\/fr\/quoi-de-neuf\/feu-de-camp\/\"]}]},{\"@type\":\"ImageObject\",\"inLanguage\":\"fr-FR\",\"@id\":\"https:\/\/ontarioplace.com\/fr\/quoi-de-neuf\/feu-de-camp\/#primaryimage\",\"url\":\"https:\/\/ontarioplace.com\/wp-content\/uploads\/2021\/05\/MAA4796-scaled-e1622224366857.jpg\",\"contentUrl\":\"https:\/\/ontarioplace.com\/wp-content\/uploads\/2021\/05\/MAA4796-scaled-e1622224366857.jpg\",\"width\":2560,\"height\":1709},{\"@type\":\"BreadcrumbList\",\"@id\":\"https:\/\/ontarioplace.com\/fr\/quoi-de-neuf\/feu-de-camp\/#breadcrumb\",\"itemListElement\":[{\"@type\":\"ListItem\",\"position\":1,\"name\":\"Home\",\"item\":\"https:\/\/ontarioplace.com\/fr\/\"},{\"@type\":\"ListItem\",\"position\":2,\"name\":\"Quoi de neuf\",\"item\":\"https:\/\/ontarioplace.com\/fr\/quoi-de-neuf\/\"},{\"@type\":\"ListItem\",\"position\":3,\"name\":\"Feu de camp parc Trillium\"}]},{\"@type\":\"WebSite\",\"@id\":\"https:\/\/ontarioplace.com\/en\/#website\",\"url\":\"https:\/\/ontarioplace.com\/en\/\",\"name\":\"Ontario Place\",\"description\":\"Ontario Place, Ontario, events, Toronto, live music, concerts, films, Cinesphere, IMAX, screenings, IMAX screenings, Cin\u00e9sphere, Place de l&#039;Ontario\",\"potentialAction\":[{\"@type\":\"SearchAction\",\"target\":{\"@type\":\"EntryPoint\",\"urlTemplate\":\"https:\/\/ontarioplace.com\/en\/?s={search_term_string}\"},\"query-input\":{\"@type\":\"PropertyValueSpecification\",\"valueRequired\":true,\"valueName\":\"search_term_string\"}}],\"inLanguage\":\"fr-FR\"}]}<\/script>\n<!-- \/ Yoast SEO plugin. -->","yoast_head_json":{"title":"Ontario Place - Feu de camp parc Trillium","robots":{"index":"index","follow":"follow","max-snippet":"max-snippet:-1","max-image-preview":"max-image-preview:large","max-video-preview":"max-video-preview:-1"},"canonical":"https:\/\/ontarioplace.com\/fr\/quoi-de-neuf\/feu-de-camp\/","twitter_card":"summary_large_image","twitter_title":"Ontario Place - Feu de camp parc Trillium","twitter_description":"Le foyer ext\u00e9rieur de Trillium Park est situ\u00e9 au c\u0153ur du parc, en bordure de l&rsquo;eau, avec des si\u00e8ges am\u00e9nag\u00e9s sur de grands rochers naturels. Frais: Aucun frais de r\u00e9servation. CE QUE ...","twitter_image":"https:\/\/ontarioplace.com\/wp-content\/uploads\/2021\/05\/MAA4796-scaled-e1622224366857.jpg","twitter_misc":{"Dur\u00e9e de lecture estim\u00e9e":"3 minutes"},"schema":{"@context":"https:\/\/schema.org","@graph":[{"@type":"WebPage","@id":"https:\/\/ontarioplace.com\/fr\/quoi-de-neuf\/feu-de-camp\/","url":"https:\/\/ontarioplace.com\/fr\/quoi-de-neuf\/feu-de-camp\/","name":"Ontario Place - Feu de camp parc Trillium","isPartOf":{"@id":"https:\/\/ontarioplace.com\/en\/#website"},"primaryImageOfPage":{"@id":"https:\/\/ontarioplace.com\/fr\/quoi-de-neuf\/feu-de-camp\/#primaryimage"},"image":{"@id":"https:\/\/ontarioplace.com\/fr\/quoi-de-neuf\/feu-de-camp\/#primaryimage"},"thumbnailUrl":"https:\/\/ontarioplace.com\/wp-content\/uploads\/2021\/05\/MAA4796-scaled-e1622224366857.jpg","datePublished":"2018-08-09T20:46:50+00:00","dateModified":"2026-04-10T13:54:02+00:00","breadcrumb":{"@id":"https:\/\/ontarioplace.com\/fr\/quoi-de-neuf\/feu-de-camp\/#breadcrumb"},"inLanguage":"fr-FR","potentialAction":[{"@type":"ReadAction","target":["https:\/\/ontarioplace.com\/fr\/quoi-de-neuf\/feu-de-camp\/"]}]},{"@type":"ImageObject","inLanguage":"fr-FR","@id":"https:\/\/ontarioplace.com\/fr\/quoi-de-neuf\/feu-de-camp\/#primaryimage","url":"https:\/\/ontarioplace.com\/wp-content\/uploads\/2021\/05\/MAA4796-scaled-e1622224366857.jpg","contentUrl":"https:\/\/ontarioplace.com\/wp-content\/uploads\/2021\/05\/MAA4796-scaled-e1622224366857.jpg","width":2560,"height":1709},{"@type":"BreadcrumbList","@id":"https:\/\/ontarioplace.com\/fr\/quoi-de-neuf\/feu-de-camp\/#breadcrumb","itemListElement":[{"@type":"ListItem","position":1,"name":"Home","item":"https:\/\/ontarioplace.com\/fr\/"},{"@type":"ListItem","position":2,"name":"Quoi de neuf","item":"https:\/\/ontarioplace.com\/fr\/quoi-de-neuf\/"},{"@type":"ListItem","position":3,"name":"Feu de camp parc Trillium"}]},{"@type":"WebSite","@id":"https:\/\/ontarioplace.com\/en\/#website","url":"https:\/\/ontarioplace.com\/en\/","name":"Ontario Place","description":"Ontario Place, Ontario, events, Toronto, live music, concerts, films, Cinesphere, IMAX, screenings, IMAX screenings, Cin\u00e9sphere, Place de l&#039;Ontario","potentialAction":[{"@type":"SearchAction","target":{"@type":"EntryPoint","urlTemplate":"https:\/\/ontarioplace.com\/en\/?s={search_term_string}"},"query-input":{"@type":"PropertyValueSpecification","valueRequired":true,"valueName":"search_term_string"}}],"inLanguage":"fr-FR"}]}},"_links":{"self":[{"href":"https:\/\/ontarioplace.com\/fr\/wp-json\/wp\/v2\/pages\/8530","targetHints":{"allow":["GET"]}}],"collection":[{"href":"https:\/\/ontarioplace.com\/fr\/wp-json\/wp\/v2\/pages"}],"about":[{"href":"https:\/\/ontarioplace.com\/fr\/wp-json\/wp\/v2\/types\/page"}],"author":[{"embeddable":true,"href":"https:\/\/ontarioplace.com\/fr\/wp-json\/wp\/v2\/users\/2"}],"replies":[{"embeddable":true,"href":"https:\/\/ontarioplace.com\/fr\/wp-json\/wp\/v2\/comments?post=8530"}],"version-history":[{"count":2,"href":"https:\/\/ontarioplace.com\/fr\/wp-json\/wp\/v2\/pages\/8530\/revisions"}],"predecessor-version":[{"id":54472,"href":"https:\/\/ontarioplace.com\/fr\/wp-json\/wp\/v2\/pages\/8530\/revisions\/54472"}],"up":[{"embeddable":true,"href":"https:\/\/ontarioplace.com\/fr\/wp-json\/wp\/v2\/pages\/5392"}],"wp:featuredmedia":[{"embeddable":true,"href":"https:\/\/ontarioplace.com\/fr\/wp-json\/wp\/v2\/media\/44191"}],"wp:attachment":[{"href":"https:\/\/ontarioplace.com\/fr\/wp-json\/wp\/v2\/media?parent=8530"}],"curies":[{"name":"wp","href":"https:\/\/api.w.org\/{rel}","templated":true}]}}